{"id":599,"date":"2022-09-19T11:05:36","date_gmt":"2022-09-19T11:05:36","guid":{"rendered":"https:\/\/balkan.green\/about-balkan-green\/"},"modified":"2023-07-21T08:30:40","modified_gmt":"2023-07-21T08:30:40","slug":"about-balkan-green","status":"publish","type":"page","link":"https:\/\/balkan.green\/bs\/about-balkan-green\/","title":{"rendered":"O Balkan Green"},"content":{"rendered":"<p>Hvala vam \u0161to \u017eelite saznati vi\u0161e o Balkan Green.\u00a0 Kao i vi, mnogi me\u0111unarodni Putnici su otkrili Balkan i \u017eele da znaju vi\u0161e. Mi se veoma radujemo takvom otkri\u0107u, no od izuzetne je va\u017enosti da ne zaboravimo da je turizam veliki biznis.\u00a0 Kada se pravilno izvodi, ovaj biznis ima ogroman vi\u0161e-sektorski potencijal da doprinese ekonomskom rastu, diverzifikaciji, o\u010duvanju biodiverziteta, i pravilnom upravljanju prirodnim resursima.<\/p>\n<p>Inicijativa <strong>Balkan Green <\/strong>je osnovana upravo sa ciljem da ponudi okvir za ovakvu diskusiju i da precizno uka\u017ee na rje\u0161enja koja stavljaju odgovorni turizma u prvi plan prioriteta cijele regije.<\/p>\n<p>Prakse odr\u017eivog turizma stvaraju dugoro\u010dne i odr\u017eive strategije za uspjeh, stvaraju veze sa drugim privrednim sektorima, tipi\u010dno zapo\u0161ljavaju \u017eene i mlade, stvaraju prilike za male poduzetnike, imaju relativno niske po\u010detne tro\u0161kove sa niskim pristupnim barijerama, promovi\u0161u ponos i svijest o vlastitoj kulturi, te pove\u0107avaju osje\u0107aj vlasni\u0161tva.\u00a0 No, stepen razumijevanja i primjene odr\u017eivosti u turizmu na Balkanu jo\u0161 uvijek nije na nivou svjetskih standarda, ili na nivou o\u010dekivanja odgovornih i naprednih putnika, koji pri odabiru destinacije za putovanje uzimaju u obzir i elemente kao \u0161to je odr\u017eivost.<\/p>\n<p>Kako bi se posvetili ovakvim pitanjima, te zajedni\u010dki radili na razvoju odr\u017eivog turizma, osnovali smo Balkan Green inicijativu.\u00a0 Balkan Green uklju\u0107uje pomno odabrane predstavnika iz Albanije (<a href=\"http:\/\/www.terena.al\/\">terena.al<\/a>), Bosne i Hercegovine (<a href=\"https:\/\/greenvisions.ba\/en\">Green Visions Ecotours<\/a>), Crne Gore(<a href=\"https:\/\/www.hyvae.com\/\">HYV\u00c4 Coaching &amp; Consulting<\/a>), Sjeverne Makedonije (<a href=\"https:\/\/mustseedonia.com\/\">Mustseedonia<\/a>) i Slovenije (<a href=\"https:\/\/www.goodplace.si\/en\/\">GoodPlace<\/a>). Tako\u0111er radimo i na uklju\u010divanji predstavnika iz drugih zemalja Balkana.<\/p>\n<p>Kroz partnerstvo klju\u010dnih profesionalaca posve\u0107enih razvoju odr\u017eivog turizma u regionu, na\u0161 cilj je da budemo jaka, odgovorna i profesionalna mre\u017ea.\u00a0 Svojim radom \u017eelimo ja\u010dati sinergiju i pomo\u0107i da se razvoj odr\u017eivog turizma uskladi sa svjetski priznatim standardima i prihva\u0107enim metodama &#8211; na taj na\u010din unapre\u0111uju\u0107i sofisticiranost biznisa u regionu.<\/p>\n<p>&nbsp;<\/p>\n<p style=\"text-align: center;\"><img decoding=\"async\" loading=\"lazy\" class=\"alignnone size-full wp-image-22\" src=\"https:\/\/balkan.green\/wp-content\/uploads\/2022\/09\/SGGR_WEB-210603-0017.jpg\" alt=\"\" width=\"2500\" height=\"1667\" srcset=\"https:\/\/balkan.green\/wp-content\/uploads\/2022\/09\/SGGR_WEB-210603-0017.jpg 2500w, https:\/\/balkan.green\/wp-content\/uploads\/2022\/09\/SGGR_WEB-210603-0017-800x533.jpg 800w, https:\/\/balkan.green\/wp-content\/uploads\/2022\/09\/SGGR_WEB-210603-0017-1600x1067.jpg 1600w, https:\/\/balkan.green\/wp-content\/uploads\/2022\/09\/SGGR_WEB-210603-0017-768x512.jpg 768w, https:\/\/balkan.green\/wp-content\/uploads\/2022\/09\/SGGR_WEB-210603-0017-1536x1024.jpg 1536w, https:\/\/balkan.green\/wp-content\/uploads\/2022\/09\/SGGR_WEB-210603-0017-2048x1366.jpg 2048w, https:\/\/balkan.green\/wp-content\/uploads\/2022\/09\/SGGR_WEB-210603-0017-1900x1267.jpg 1900w, https:\/\/balkan.green\/wp-content\/uploads\/2022\/09\/SGGR_WEB-210603-0017-300x200.jpg 300w, https:\/\/balkan.green\/wp-content\/uploads\/2022\/09\/SGGR_WEB-210603-0017-1024x683.jpg 1024w\" sizes=\"(max-width: 2500px) 100vw, 2500px\" \/><\/p>\n<p>&nbsp;<\/p>\n<p>Svaki od partnera je fokusiran na zemlju koju predstavljaju, a u mre\u017eu donose svoje znanje, vje\u0161tine i iskustvo. Svako od nas je tako\u0111er posve\u0107en u\u010denju od drugih u mre\u017ei, te zajedni\u010dkom naporu ka iznala\u017eenju rje\u0161enja za razvoj odr\u017eivog turozma u regioni.\u00a0 \u0160tovi\u0161e, Balkan Green je odabran da postane puni predstavnik <a href=\"https:\/\/greendestinations.org\/\">Green Destinations<\/a>, <a href=\"https:\/\/goodtravel.guide\/good-travel-program\/\">Good Travel Program<\/a>, and <a href=\"https:\/\/www.travelife.info\/\">Travelife for Tour Operators<\/a> za region.<\/p>\n<p>Na\u0161a saradnja i zajedni\u010dko zagovaraje \u0107e nam pomo\u0107i da unaprijedimo saradnju zainteresovanih na svim nivoima sa ciljem da ostvarimo pristup postoje\u0107em i va\u017ee\u0107em znanju, podijelimo me\u0111unarodna iskustva, i sara\u0111ujemo na izazovima razvoja odr\u017eivog turizma u regionu, te umanjimo prepreke za prekograni\u010dnu trgovinu i investicije, kao i pobolj\u0161amo i pro\u0161irimo integraciju i veze na tr\u017ei\u0161tu.\u00a0 Svaki od partnera je nezavisni predstavnik Green Destinations u svojoj zemlji, \u0161to omogu\u0107ava da odgovorno, te kroz obuke, mentorstvo, savjetodavne usluge i odr\u017eivu certifikaciju za turizam, rade sa destinacijama i biznisima tokom njihovog procesa razvoja i primjene praksi odr\u017eivog turizma u svom radu i poslovanju.<\/p>\n<p>Na Balkan Green treba gledati kao na dugoro\u010dni razvojni proces za cijeli region, radije nego kao na \u201cprojekat\u201d.\u00a0 Putem ove digitalne platforme namjeravamo poja\u010dati regionalnu saradnju i komunikaciju za razvoj odr\u017eivog turizma, obrazovanje o odr\u017eivosti, razvoj i pra\u0107enje, te benchmarking, i to na lokalnim jezicima, uklju\u010duju\u0107i i vizualne sadr\u017eaje, kao i razvoj zelenih proizvoda i marketing.<\/p>\n<p>Na\u0161a vizija i \u017eelja je ne samo da podignemo svijest i stvaramo znanje o \u201cza\u0161to, ko i kako\u201d u odr\u017eivom turizmu i bolju saradnju na svim nivoima.\u00a0 Balkan Green je fokusiran na potrebe regiona da jasnije i objektivno mjeri pobolj\u0161anja u razvoju odr\u017eivih malih preduze\u0107a, standarda za industriju i upravljanju destinacijom.<\/p>\n<div style=\"position: static !important;\"><\/div>\n","protected":false},"excerpt":{"rendered":"<p>Hvala vam \u0161to \u017eelite saznati vi\u0161e o Balkan Green.\u00a0 Kao i vi, mnogi me\u0111unarodni Putnici su otkrili Balkan i \u017eele da znaju vi\u0161e. Mi se veoma radujemo takvom otkri\u0107u, no od izuzetne je va\u017enosti da ne zaboravimo da je turizam veliki biznis.\u00a0 Kada se pravilno izvodi, ovaj biznis ima ogroman vi\u0161e-sektorski potencijal da doprinese ekonomskom [&hellip;]<\/p>\n","protected":false},"author":2,"featured_media":431,"parent":0,"menu_order":0,"comment_status":"closed","ping_status":"closed","template":"","meta":{"footnotes":""},"acf":[],"yoast_head":"<!-- This site is optimized with the Yoast SEO plugin v21.5 - https:\/\/yoast.com\/wordpress\/plugins\/seo\/ -->\n<title>O Balkan Green - Balkan green<\/title>\n<meta name=\"robots\" content=\"index, follow, max-snippet:-1, max-image-preview:large, max-video-preview:-1\" \/>\n<link rel=\"canonical\" href=\"https:\/\/balkan.green\/bs\/about-balkan-green\/\" \/>\n<meta property=\"og:locale\" content=\"bs_BA\" \/>\n<meta property=\"og:type\" content=\"article\" \/>\n<meta property=\"og:title\" content=\"O Balkan Green - Balkan green\" \/>\n<meta property=\"og:description\" content=\"Hvala vam \u0161to \u017eelite saznati vi\u0161e o Balkan Green.\u00a0 Kao i vi, mnogi me\u0111unarodni Putnici su otkrili Balkan i \u017eele da znaju vi\u0161e. Mi se veoma radujemo takvom otkri\u0107u, no od izuzetne je va\u017enosti da ne zaboravimo da je turizam veliki biznis.\u00a0 Kada se pravilno izvodi, ovaj biznis ima ogroman vi\u0161e-sektorski potencijal da doprinese ekonomskom [&hellip;]\" \/>\n<meta property=\"og:url\" content=\"https:\/\/balkan.green\/bs\/about-balkan-green\/\" \/>\n<meta property=\"og:site_name\" content=\"Balkan green\" \/>\n<meta property=\"article:modified_time\" content=\"2023-07-21T08:30:40+00:00\" \/>\n<meta property=\"og:image\" content=\"https:\/\/balkan.green\/wp-content\/uploads\/2022\/09\/Shala-River-.jpg\" \/>\n\t<meta property=\"og:image:width\" content=\"2500\" \/>\n\t<meta property=\"og:image:height\" content=\"580\" \/>\n\t<meta property=\"og:image:type\" content=\"image\/jpeg\" \/>\n<meta name=\"twitter:card\" content=\"summary_large_image\" \/>\n<meta name=\"twitter:label1\" content=\"Est. reading time\" \/>\n\t<meta name=\"twitter:data1\" content=\"3 minute\" \/>\n<script type=\"application\/ld+json\" class=\"yoast-schema-graph\">{\"@context\":\"https:\/\/schema.org\",\"@graph\":[{\"@type\":\"WebPage\",\"@id\":\"https:\/\/balkan.green\/bs\/about-balkan-green\/\",\"url\":\"https:\/\/balkan.green\/bs\/about-balkan-green\/\",\"name\":\"O Balkan Green - Balkan green\",\"isPartOf\":{\"@id\":\"https:\/\/balkan.green\/bs\/#website\"},\"datePublished\":\"2022-09-19T11:05:36+00:00\",\"dateModified\":\"2023-07-21T08:30:40+00:00\",\"breadcrumb\":{\"@id\":\"https:\/\/balkan.green\/bs\/about-balkan-green\/#breadcrumb\"},\"inLanguage\":\"bs-BA\",\"potentialAction\":[{\"@type\":\"ReadAction\",\"target\":[\"https:\/\/balkan.green\/bs\/about-balkan-green\/\"]}]},{\"@type\":\"BreadcrumbList\",\"@id\":\"https:\/\/balkan.green\/bs\/about-balkan-green\/#breadcrumb\",\"itemListElement\":[{\"@type\":\"ListItem\",\"position\":1,\"name\":\"Home\",\"item\":\"https:\/\/balkan.green\/bs\/\"},{\"@type\":\"ListItem\",\"position\":2,\"name\":\"O Balkan Green\"}]},{\"@type\":\"WebSite\",\"@id\":\"https:\/\/balkan.green\/bs\/#website\",\"url\":\"https:\/\/balkan.green\/bs\/\",\"name\":\"Balkan green\",\"description\":\"Welcome!\",\"potentialAction\":[{\"@type\":\"SearchAction\",\"target\":{\"@type\":\"EntryPoint\",\"urlTemplate\":\"https:\/\/balkan.green\/bs\/?s={search_term_string}\"},\"query-input\":\"required name=search_term_string\"}],\"inLanguage\":\"bs-BA\"}]}<\/script>\n<!-- \/ Yoast SEO plugin. -->","yoast_head_json":{"title":"O Balkan Green - Balkan green","robots":{"index":"index","follow":"follow","max-snippet":"max-snippet:-1","max-image-preview":"max-image-preview:large","max-video-preview":"max-video-preview:-1"},"canonical":"https:\/\/balkan.green\/bs\/about-balkan-green\/","og_locale":"bs_BA","og_type":"article","og_title":"O Balkan Green - Balkan green","og_description":"Hvala vam \u0161to \u017eelite saznati vi\u0161e o Balkan Green.\u00a0 Kao i vi, mnogi me\u0111unarodni Putnici su otkrili Balkan i \u017eele da znaju vi\u0161e. Mi se veoma radujemo takvom otkri\u0107u, no od izuzetne je va\u017enosti da ne zaboravimo da je turizam veliki biznis.\u00a0 Kada se pravilno izvodi, ovaj biznis ima ogroman vi\u0161e-sektorski potencijal da doprinese ekonomskom [&hellip;]","og_url":"https:\/\/balkan.green\/bs\/about-balkan-green\/","og_site_name":"Balkan green","article_modified_time":"2023-07-21T08:30:40+00:00","og_image":[{"width":2500,"height":580,"url":"https:\/\/balkan.green\/wp-content\/uploads\/2022\/09\/Shala-River-.jpg","type":"image\/jpeg"}],"twitter_card":"summary_large_image","twitter_misc":{"Est. reading time":"3 minute"},"schema":{"@context":"https:\/\/schema.org","@graph":[{"@type":"WebPage","@id":"https:\/\/balkan.green\/bs\/about-balkan-green\/","url":"https:\/\/balkan.green\/bs\/about-balkan-green\/","name":"O Balkan Green - Balkan green","isPartOf":{"@id":"https:\/\/balkan.green\/bs\/#website"},"datePublished":"2022-09-19T11:05:36+00:00","dateModified":"2023-07-21T08:30:40+00:00","breadcrumb":{"@id":"https:\/\/balkan.green\/bs\/about-balkan-green\/#breadcrumb"},"inLanguage":"bs-BA","potentialAction":[{"@type":"ReadAction","target":["https:\/\/balkan.green\/bs\/about-balkan-green\/"]}]},{"@type":"BreadcrumbList","@id":"https:\/\/balkan.green\/bs\/about-balkan-green\/#breadcrumb","itemListElement":[{"@type":"ListItem","position":1,"name":"Home","item":"https:\/\/balkan.green\/bs\/"},{"@type":"ListItem","position":2,"name":"O Balkan Green"}]},{"@type":"WebSite","@id":"https:\/\/balkan.green\/bs\/#website","url":"https:\/\/balkan.green\/bs\/","name":"Balkan green","description":"Welcome!","potentialAction":[{"@type":"SearchAction","target":{"@type":"EntryPoint","urlTemplate":"https:\/\/balkan.green\/bs\/?s={search_term_string}"},"query-input":"required name=search_term_string"}],"inLanguage":"bs-BA"}]}},"_links":{"self":[{"href":"https:\/\/balkan.green\/bs\/wp-json\/wp\/v2\/pages\/599"}],"collection":[{"href":"https:\/\/balkan.green\/bs\/wp-json\/wp\/v2\/pages"}],"about":[{"href":"https:\/\/balkan.green\/bs\/wp-json\/wp\/v2\/types\/page"}],"author":[{"embeddable":true,"href":"https:\/\/balkan.green\/bs\/wp-json\/wp\/v2\/users\/2"}],"replies":[{"embeddable":true,"href":"https:\/\/balkan.green\/bs\/wp-json\/wp\/v2\/comments?post=599"}],"version-history":[{"count":4,"href":"https:\/\/balkan.green\/bs\/wp-json\/wp\/v2\/pages\/599\/revisions"}],"predecessor-version":[{"id":884,"href":"https:\/\/balkan.green\/bs\/wp-json\/wp\/v2\/pages\/599\/revisions\/884"}],"wp:featuredmedia":[{"embeddable":true,"href":"https:\/\/balkan.green\/bs\/wp-json\/wp\/v2\/media\/431"}],"wp:attachment":[{"href":"https:\/\/balkan.green\/bs\/wp-json\/wp\/v2\/media?parent=599"}],"curies":[{"name":"wp","href":"https:\/\/api.w.org\/{rel}","templated":true}]}}