{"id":1231,"date":"2024-03-19T08:56:39","date_gmt":"2024-03-19T08:56:39","guid":{"rendered":"https:\/\/balkan.green\/croatia\/"},"modified":"2024-03-19T09:02:35","modified_gmt":"2024-03-19T09:02:35","slug":"croatia","status":"publish","type":"page","link":"https:\/\/balkan.green\/me\/croatia\/","title":{"rendered":"Hrvatska"},"content":{"rendered":"<p><em>Hrvatska, smje\u0161tena du\u017e \u010darobne Jadranske obale izme\u0111u grandioznih Dinarida i Jadranskog mora, predstavlja vode\u0107u evropsku destinaciju koja se ne ponosi samo bogatom istorijom, ve\u0107 i arhipelagom od vi\u0161e od hiljadu ostrva. S anti\u010dkim gradovima poput Dubrovnika i Splita, Hrvatska bez napora spaja istorijski \u0161arm s modernom vitalno\u0161\u0107u. Dalmatinska obala, ukra\u0161ena mnogim sun\u010danim ostrvima, stvara slikoviti pejza\u017e koji besprijekorno povezuje tradiciju i savremeni na\u010din \u017eivota.<\/em><\/p>\n<p><em>Ova obalna oaza igrali\u0161te je za istra\u017eivanje, od \u0161arenih ulica Zagreba do mirne ljepote jadranske rivijere. Prirodne ljepote Hrvatske uklju\u010duju Nacionalni park Plitvi\u010dka jezera, o\u010daravaju\u0107i mozaik kaskadnih slapova i bujne zelene vegetacije, kao i Istru, ukra\u0161enu brdima prekrivenim vinogradima. Predanost odr\u017eivosti odra\u017eava se u mnogim nacionalnim parkovima i svjetskoj kulturnoj ba\u0161tini UNESCO-a, isti\u010du\u0107i posve\u0107enost \u010duvanju bogate prirodne i kulturne ba\u0161tine.<\/em><\/p>\n<p><em>Kulturno bogatstvo Hrvatske ogleda se u \u017eivopisnoj kafi\u0107koj kulturi, istorijskim znamenitostima i toplom gostoljubivo\u0161\u0107u. Bez obzira putujete li starim ulicama ili u\u017eivate na sun\u010danim obalama, Hrvatska obe\u0107ava putovanje gdje se odjeci pro\u0161losti pro\u017eimaju sa slikovitim pulsom savremenog \u017eivota. Istra\u017eite \u010duda zemlje gdje svako ostrvo nosi svoju pri\u010du, a Hrvatska izranja kao vrijeme putovanja s hiljadama pri\u010da za pri\u010danje.<\/em><\/p>\n<p>&nbsp;<\/p>\n<p><a href=\"https:\/\/balkan.green\/wp-content\/uploads\/2024\/03\/Trans_Dinarica_Cycle_Route-Croatia-majstorskacesta-Matevz_Hribar.jpg\" data-lbwps-width=\"1200\" data-lbwps-height=\"800\" data-lbwps-srcsmall=\"https:\/\/balkan.green\/wp-content\/uploads\/2024\/03\/Trans_Dinarica_Cycle_Route-Croatia-majstorskacesta-Matevz_Hribar-800x533.jpg\"><img decoding=\"async\" loading=\"lazy\" width=\"1200\" height=\"800\" class=\"alignleft size-medium wp-image-1221\" src=\"https:\/\/balkan.green\/wp-content\/uploads\/2024\/03\/Trans_Dinarica_Cycle_Route-Croatia-majstorskacesta-Matevz_Hribar.jpg\" alt=\"\" srcset=\"https:\/\/balkan.green\/wp-content\/uploads\/2024\/03\/Trans_Dinarica_Cycle_Route-Croatia-majstorskacesta-Matevz_Hribar.jpg 1200w, https:\/\/balkan.green\/wp-content\/uploads\/2024\/03\/Trans_Dinarica_Cycle_Route-Croatia-majstorskacesta-Matevz_Hribar-800x533.jpg 800w, https:\/\/balkan.green\/wp-content\/uploads\/2024\/03\/Trans_Dinarica_Cycle_Route-Croatia-majstorskacesta-Matevz_Hribar-768x512.jpg 768w\" sizes=\"(max-width: 1200px) 100vw, 1200px\" \/><\/a><\/p>\n","protected":false},"excerpt":{"rendered":"<p>Hrvatska, smje\u0161tena du\u017e \u010darobne Jadranske obale izme\u0111u grandioznih Dinarida i Jadranskog mora, predstavlja vode\u0107u evropsku destinaciju koja se ne ponosi samo bogatom istorijom, ve\u0107 i arhipelagom od vi\u0161e od hiljadu ostrva. S anti\u010dkim gradovima poput Dubrovnika i Splita, Hrvatska bez napora spaja istorijski \u0161arm s modernom vitalno\u0161\u0107u. Dalmatinska obala, ukra\u0161ena mnogim sun\u010danim ostrvima, stvara slikoviti [&hellip;]<\/p>\n","protected":false},"author":2,"featured_media":1225,"parent":0,"menu_order":0,"comment_status":"closed","ping_status":"closed","template":"","meta":{"footnotes":""},"acf":[],"yoast_head":"<!-- This site is optimized with the Yoast SEO plugin v21.5 - https:\/\/yoast.com\/wordpress\/plugins\/seo\/ -->\n<title>Hrvatska - Balkan green<\/title>\n<meta name=\"robots\" content=\"index, follow, max-snippet:-1, max-image-preview:large, max-video-preview:-1\" \/>\n<link rel=\"canonical\" href=\"https:\/\/balkan.green\/me\/croatia\/\" \/>\n<meta property=\"og:locale\" content=\"en_US\" \/>\n<meta property=\"og:type\" content=\"article\" \/>\n<meta property=\"og:title\" content=\"Hrvatska - Balkan green\" \/>\n<meta property=\"og:description\" content=\"Hrvatska, smje\u0161tena du\u017e \u010darobne Jadranske obale izme\u0111u grandioznih Dinarida i Jadranskog mora, predstavlja vode\u0107u evropsku destinaciju koja se ne ponosi samo bogatom istorijom, ve\u0107 i arhipelagom od vi\u0161e od hiljadu ostrva. S anti\u010dkim gradovima poput Dubrovnika i Splita, Hrvatska bez napora spaja istorijski \u0161arm s modernom vitalno\u0161\u0107u. Dalmatinska obala, ukra\u0161ena mnogim sun\u010danim ostrvima, stvara slikoviti [&hellip;]\" \/>\n<meta property=\"og:url\" content=\"https:\/\/balkan.green\/me\/croatia\/\" \/>\n<meta property=\"og:site_name\" content=\"Balkan green\" \/>\n<meta property=\"article:modified_time\" content=\"2024-03-19T09:02:35+00:00\" \/>\n<meta property=\"og:image\" content=\"https:\/\/balkan.green\/wp-content\/uploads\/2024\/03\/Trans_Dinarica_Cycle_Route-Croatia-majstorskacesta-Matevz_Hribar.jpg\" \/>\n\t<meta property=\"og:image:width\" content=\"1200\" \/>\n\t<meta property=\"og:image:height\" content=\"800\" \/>\n\t<meta property=\"og:image:type\" content=\"image\/jpeg\" \/>\n<meta name=\"twitter:card\" content=\"summary_large_image\" \/>\n<meta name=\"twitter:label1\" content=\"Est. reading time\" \/>\n\t<meta name=\"twitter:data1\" content=\"1 minute\" \/>\n<script type=\"application\/ld+json\" class=\"yoast-schema-graph\">{\"@context\":\"https:\/\/schema.org\",\"@graph\":[{\"@type\":\"WebPage\",\"@id\":\"https:\/\/balkan.green\/me\/croatia\/\",\"url\":\"https:\/\/balkan.green\/me\/croatia\/\",\"name\":\"Hrvatska - Balkan green\",\"isPartOf\":{\"@id\":\"https:\/\/balkan.green\/me\/#website\"},\"datePublished\":\"2024-03-19T08:56:39+00:00\",\"dateModified\":\"2024-03-19T09:02:35+00:00\",\"breadcrumb\":{\"@id\":\"https:\/\/balkan.green\/me\/croatia\/#breadcrumb\"},\"inLanguage\":\"me-ME\",\"potentialAction\":[{\"@type\":\"ReadAction\",\"target\":[\"https:\/\/balkan.green\/me\/croatia\/\"]}]},{\"@type\":\"BreadcrumbList\",\"@id\":\"https:\/\/balkan.green\/me\/croatia\/#breadcrumb\",\"itemListElement\":[{\"@type\":\"ListItem\",\"position\":1,\"name\":\"Home\",\"item\":\"https:\/\/balkan.green\/me\/\"},{\"@type\":\"ListItem\",\"position\":2,\"name\":\"Hrvatska\"}]},{\"@type\":\"WebSite\",\"@id\":\"https:\/\/balkan.green\/me\/#website\",\"url\":\"https:\/\/balkan.green\/me\/\",\"name\":\"Balkan green\",\"description\":\"Welcome!\",\"potentialAction\":[{\"@type\":\"SearchAction\",\"target\":{\"@type\":\"EntryPoint\",\"urlTemplate\":\"https:\/\/balkan.green\/me\/?s={search_term_string}\"},\"query-input\":\"required name=search_term_string\"}],\"inLanguage\":\"me-ME\"}]}<\/script>\n<!-- \/ Yoast SEO plugin. -->","yoast_head_json":{"title":"Hrvatska - Balkan green","robots":{"index":"index","follow":"follow","max-snippet":"max-snippet:-1","max-image-preview":"max-image-preview:large","max-video-preview":"max-video-preview:-1"},"canonical":"https:\/\/balkan.green\/me\/croatia\/","og_locale":"en_US","og_type":"article","og_title":"Hrvatska - Balkan green","og_description":"Hrvatska, smje\u0161tena du\u017e \u010darobne Jadranske obale izme\u0111u grandioznih Dinarida i Jadranskog mora, predstavlja vode\u0107u evropsku destinaciju koja se ne ponosi samo bogatom istorijom, ve\u0107 i arhipelagom od vi\u0161e od hiljadu ostrva. S anti\u010dkim gradovima poput Dubrovnika i Splita, Hrvatska bez napora spaja istorijski \u0161arm s modernom vitalno\u0161\u0107u. Dalmatinska obala, ukra\u0161ena mnogim sun\u010danim ostrvima, stvara slikoviti [&hellip;]","og_url":"https:\/\/balkan.green\/me\/croatia\/","og_site_name":"Balkan green","article_modified_time":"2024-03-19T09:02:35+00:00","og_image":[{"width":1200,"height":800,"url":"https:\/\/balkan.green\/wp-content\/uploads\/2024\/03\/Trans_Dinarica_Cycle_Route-Croatia-majstorskacesta-Matevz_Hribar.jpg","type":"image\/jpeg"}],"twitter_card":"summary_large_image","twitter_misc":{"Est. reading time":"1 minute"},"schema":{"@context":"https:\/\/schema.org","@graph":[{"@type":"WebPage","@id":"https:\/\/balkan.green\/me\/croatia\/","url":"https:\/\/balkan.green\/me\/croatia\/","name":"Hrvatska - Balkan green","isPartOf":{"@id":"https:\/\/balkan.green\/me\/#website"},"datePublished":"2024-03-19T08:56:39+00:00","dateModified":"2024-03-19T09:02:35+00:00","breadcrumb":{"@id":"https:\/\/balkan.green\/me\/croatia\/#breadcrumb"},"inLanguage":"me-ME","potentialAction":[{"@type":"ReadAction","target":["https:\/\/balkan.green\/me\/croatia\/"]}]},{"@type":"BreadcrumbList","@id":"https:\/\/balkan.green\/me\/croatia\/#breadcrumb","itemListElement":[{"@type":"ListItem","position":1,"name":"Home","item":"https:\/\/balkan.green\/me\/"},{"@type":"ListItem","position":2,"name":"Hrvatska"}]},{"@type":"WebSite","@id":"https:\/\/balkan.green\/me\/#website","url":"https:\/\/balkan.green\/me\/","name":"Balkan green","description":"Welcome!","potentialAction":[{"@type":"SearchAction","target":{"@type":"EntryPoint","urlTemplate":"https:\/\/balkan.green\/me\/?s={search_term_string}"},"query-input":"required name=search_term_string"}],"inLanguage":"me-ME"}]}},"_links":{"self":[{"href":"https:\/\/balkan.green\/me\/wp-json\/wp\/v2\/pages\/1231"}],"collection":[{"href":"https:\/\/balkan.green\/me\/wp-json\/wp\/v2\/pages"}],"about":[{"href":"https:\/\/balkan.green\/me\/wp-json\/wp\/v2\/types\/page"}],"author":[{"embeddable":true,"href":"https:\/\/balkan.green\/me\/wp-json\/wp\/v2\/users\/2"}],"replies":[{"embeddable":true,"href":"https:\/\/balkan.green\/me\/wp-json\/wp\/v2\/comments?post=1231"}],"version-history":[{"count":2,"href":"https:\/\/balkan.green\/me\/wp-json\/wp\/v2\/pages\/1231\/revisions"}],"predecessor-version":[{"id":1237,"href":"https:\/\/balkan.green\/me\/wp-json\/wp\/v2\/pages\/1231\/revisions\/1237"}],"wp:featuredmedia":[{"embeddable":true,"href":"https:\/\/balkan.green\/me\/wp-json\/wp\/v2\/media\/1225"}],"wp:attachment":[{"href":"https:\/\/balkan.green\/me\/wp-json\/wp\/v2\/media?parent=1231"}],"curies":[{"name":"wp","href":"https:\/\/api.w.org\/{rel}","templated":true}]}}