{"id":586,"date":"2022-09-19T11:17:10","date_gmt":"2022-09-19T11:17:10","guid":{"rendered":"https:\/\/balkan.green\/slovenia\/"},"modified":"2023-06-22T06:01:37","modified_gmt":"2023-06-22T06:01:37","slug":"slovenia","status":"publish","type":"page","link":"https:\/\/balkan.green\/me\/slovenia\/","title":{"rendered":"Slovenija"},"content":{"rendered":"<p>Kada pogledate kartu, <a href=\"https:\/\/www.slovenia-green.si\/\">Slovenija <\/a>se \u010dini malom. Me\u0111utim, kada ste na terenu u Sloveniji, brzo shvatite da je ova srednjoevropska zemlja velika u svim bitnim aspektima. Velike planine, velike strategije odgovornog putovanja, veliko gostoprimstvo i zaista veliko srce su <i>ogromni <\/i>aspekti ove zemlje, koju je National Geographic nazvao \u201e<a href=\"https:\/\/www.nationalgeographic.com\/travel\/article\/worlds-most-sustainable-eco-green-country\">najodr\u017eivijom na svijetu<\/a>\u201c.<\/p>\n<p>Povrh svega, ova idili\u010dna zemlja, koja se nalazi izme\u0111u Alpa i Jadranskog mora, pru\u017ea putnicima posebnu raznolikost kakvu ne\u0107ete na\u0107i na mnogim drugim mjestima.\u00a0 Slovenija \u2013 uklesana izme\u0111u Italije, Austrije, Ma\u0111arske i Hrvatske \u2013 kombinacija je pejza\u017ea, vi\u0161e jezika, obi\u010daja, kulinarskih tradicija i muzike. Tako\u0111e je jedno od najprijateljskijih i najsigurnijih mjesta u Evropi.<\/p>\n<p>Ako ste do\u0161li planinariti po Alpama, biciklirati po Kr\u0161u, igrati se u nekoj od brojnih \u010distih rijeka, plivati u moru, jesti nevjerovatnu i svje\u017eu hranu, ili samo u\u017eivati u nekom od njenih gradova, mo\u017eete biti sigurni da ovdje \u0107ete na\u0107i svoje posebno mjesto. A budu\u0107i da je Slovencima stalo do prakse odr\u017eivog turizma jednako ili vi\u0161e nego gotovo bilo koje druge zemlje na planeti, mo\u017eete se osje\u0107ati dobro znaju\u0107i da \u0107e va\u0161a posjeta doprinijeti stvaranju boljeg i odgovornijeg puta za turisti\u010dku industriju uop\u0161teno.<\/p>\n<p>&nbsp;<\/p>\n<p><img decoding=\"async\" loading=\"lazy\" class=\"aligncenter size-full wp-image-42\" src=\"https:\/\/balkan.green\/wp-content\/uploads\/2022\/09\/SGGR_WEB-210603-0025.jpg\" alt=\"\" width=\"2500\" height=\"1667\" srcset=\"https:\/\/balkan.green\/wp-content\/uploads\/2022\/09\/SGGR_WEB-210603-0025.jpg 2500w, https:\/\/balkan.green\/wp-content\/uploads\/2022\/09\/SGGR_WEB-210603-0025-800x533.jpg 800w, https:\/\/balkan.green\/wp-content\/uploads\/2022\/09\/SGGR_WEB-210603-0025-1600x1067.jpg 1600w, https:\/\/balkan.green\/wp-content\/uploads\/2022\/09\/SGGR_WEB-210603-0025-768x512.jpg 768w, https:\/\/balkan.green\/wp-content\/uploads\/2022\/09\/SGGR_WEB-210603-0025-1536x1024.jpg 1536w, https:\/\/balkan.green\/wp-content\/uploads\/2022\/09\/SGGR_WEB-210603-0025-2048x1366.jpg 2048w, https:\/\/balkan.green\/wp-content\/uploads\/2022\/09\/SGGR_WEB-210603-0025-1900x1267.jpg 1900w\" sizes=\"(max-width: 2500px) 100vw, 2500px\" \/><\/p>\n<div style=\"position: static !important;\"><\/div>\n","protected":false},"excerpt":{"rendered":"<p>Kada pogledate kartu, Slovenija se \u010dini malom. Me\u0111utim, kada ste na terenu u Sloveniji, brzo shvatite da je ova srednjoevropska zemlja velika u svim bitnim aspektima. Velike planine, velike strategije odgovornog putovanja, veliko gostoprimstvo i zaista veliko srce su ogromni aspekti ove zemlje, koju je National Geographic nazvao \u201enajodr\u017eivijom na svijetu\u201c. Povrh svega, ova idili\u010dna [&hellip;]<\/p>\n","protected":false},"author":2,"featured_media":457,"parent":0,"menu_order":0,"comment_status":"closed","ping_status":"closed","template":"","meta":{"footnotes":""},"acf":[],"yoast_head":"<!-- This site is optimized with the Yoast SEO plugin v21.5 - https:\/\/yoast.com\/wordpress\/plugins\/seo\/ -->\n<title>Slovenija - Balkan green<\/title>\n<meta name=\"robots\" content=\"index, follow, max-snippet:-1, max-image-preview:large, max-video-preview:-1\" \/>\n<link rel=\"canonical\" href=\"https:\/\/balkan.green\/me\/slovenia\/\" \/>\n<meta property=\"og:locale\" content=\"en_US\" \/>\n<meta property=\"og:type\" content=\"article\" \/>\n<meta property=\"og:title\" content=\"Slovenija - Balkan green\" \/>\n<meta property=\"og:description\" content=\"Kada pogledate kartu, Slovenija se \u010dini malom. Me\u0111utim, kada ste na terenu u Sloveniji, brzo shvatite da je ova srednjoevropska zemlja velika u svim bitnim aspektima. Velike planine, velike strategije odgovornog putovanja, veliko gostoprimstvo i zaista veliko srce su ogromni aspekti ove zemlje, koju je National Geographic nazvao \u201enajodr\u017eivijom na svijetu\u201c. Povrh svega, ova idili\u010dna [&hellip;]\" \/>\n<meta property=\"og:url\" content=\"https:\/\/balkan.green\/me\/slovenia\/\" \/>\n<meta property=\"og:site_name\" content=\"Balkan green\" \/>\n<meta property=\"article:modified_time\" content=\"2023-06-22T06:01:37+00:00\" \/>\n<meta property=\"og:image\" content=\"https:\/\/balkan.green\/wp-content\/uploads\/2022\/09\/SGGR_WEB-210604-0146.jpg\" \/>\n\t<meta property=\"og:image:width\" content=\"2500\" \/>\n\t<meta property=\"og:image:height\" content=\"580\" \/>\n\t<meta property=\"og:image:type\" content=\"image\/jpeg\" \/>\n<meta name=\"twitter:card\" content=\"summary_large_image\" \/>\n<meta name=\"twitter:label1\" content=\"Est. reading time\" \/>\n\t<meta name=\"twitter:data1\" content=\"2 minutes\" \/>\n<script type=\"application\/ld+json\" class=\"yoast-schema-graph\">{\"@context\":\"https:\/\/schema.org\",\"@graph\":[{\"@type\":\"WebPage\",\"@id\":\"https:\/\/balkan.green\/me\/slovenia\/\",\"url\":\"https:\/\/balkan.green\/me\/slovenia\/\",\"name\":\"Slovenija - Balkan green\",\"isPartOf\":{\"@id\":\"https:\/\/balkan.green\/me\/#website\"},\"datePublished\":\"2022-09-19T11:17:10+00:00\",\"dateModified\":\"2023-06-22T06:01:37+00:00\",\"breadcrumb\":{\"@id\":\"https:\/\/balkan.green\/me\/slovenia\/#breadcrumb\"},\"inLanguage\":\"me-ME\",\"potentialAction\":[{\"@type\":\"ReadAction\",\"target\":[\"https:\/\/balkan.green\/me\/slovenia\/\"]}]},{\"@type\":\"BreadcrumbList\",\"@id\":\"https:\/\/balkan.green\/me\/slovenia\/#breadcrumb\",\"itemListElement\":[{\"@type\":\"ListItem\",\"position\":1,\"name\":\"Home\",\"item\":\"https:\/\/balkan.green\/me\/\"},{\"@type\":\"ListItem\",\"position\":2,\"name\":\"Slovenija\"}]},{\"@type\":\"WebSite\",\"@id\":\"https:\/\/balkan.green\/me\/#website\",\"url\":\"https:\/\/balkan.green\/me\/\",\"name\":\"Balkan green\",\"description\":\"Welcome!\",\"potentialAction\":[{\"@type\":\"SearchAction\",\"target\":{\"@type\":\"EntryPoint\",\"urlTemplate\":\"https:\/\/balkan.green\/me\/?s={search_term_string}\"},\"query-input\":\"required name=search_term_string\"}],\"inLanguage\":\"me-ME\"}]}<\/script>\n<!-- \/ Yoast SEO plugin. -->","yoast_head_json":{"title":"Slovenija - Balkan green","robots":{"index":"index","follow":"follow","max-snippet":"max-snippet:-1","max-image-preview":"max-image-preview:large","max-video-preview":"max-video-preview:-1"},"canonical":"https:\/\/balkan.green\/me\/slovenia\/","og_locale":"en_US","og_type":"article","og_title":"Slovenija - Balkan green","og_description":"Kada pogledate kartu, Slovenija se \u010dini malom. Me\u0111utim, kada ste na terenu u Sloveniji, brzo shvatite da je ova srednjoevropska zemlja velika u svim bitnim aspektima. Velike planine, velike strategije odgovornog putovanja, veliko gostoprimstvo i zaista veliko srce su ogromni aspekti ove zemlje, koju je National Geographic nazvao \u201enajodr\u017eivijom na svijetu\u201c. Povrh svega, ova idili\u010dna [&hellip;]","og_url":"https:\/\/balkan.green\/me\/slovenia\/","og_site_name":"Balkan green","article_modified_time":"2023-06-22T06:01:37+00:00","og_image":[{"width":2500,"height":580,"url":"https:\/\/balkan.green\/wp-content\/uploads\/2022\/09\/SGGR_WEB-210604-0146.jpg","type":"image\/jpeg"}],"twitter_card":"summary_large_image","twitter_misc":{"Est. reading time":"2 minutes"},"schema":{"@context":"https:\/\/schema.org","@graph":[{"@type":"WebPage","@id":"https:\/\/balkan.green\/me\/slovenia\/","url":"https:\/\/balkan.green\/me\/slovenia\/","name":"Slovenija - Balkan green","isPartOf":{"@id":"https:\/\/balkan.green\/me\/#website"},"datePublished":"2022-09-19T11:17:10+00:00","dateModified":"2023-06-22T06:01:37+00:00","breadcrumb":{"@id":"https:\/\/balkan.green\/me\/slovenia\/#breadcrumb"},"inLanguage":"me-ME","potentialAction":[{"@type":"ReadAction","target":["https:\/\/balkan.green\/me\/slovenia\/"]}]},{"@type":"BreadcrumbList","@id":"https:\/\/balkan.green\/me\/slovenia\/#breadcrumb","itemListElement":[{"@type":"ListItem","position":1,"name":"Home","item":"https:\/\/balkan.green\/me\/"},{"@type":"ListItem","position":2,"name":"Slovenija"}]},{"@type":"WebSite","@id":"https:\/\/balkan.green\/me\/#website","url":"https:\/\/balkan.green\/me\/","name":"Balkan green","description":"Welcome!","potentialAction":[{"@type":"SearchAction","target":{"@type":"EntryPoint","urlTemplate":"https:\/\/balkan.green\/me\/?s={search_term_string}"},"query-input":"required name=search_term_string"}],"inLanguage":"me-ME"}]}},"_links":{"self":[{"href":"https:\/\/balkan.green\/me\/wp-json\/wp\/v2\/pages\/586"}],"collection":[{"href":"https:\/\/balkan.green\/me\/wp-json\/wp\/v2\/pages"}],"about":[{"href":"https:\/\/balkan.green\/me\/wp-json\/wp\/v2\/types\/page"}],"author":[{"embeddable":true,"href":"https:\/\/balkan.green\/me\/wp-json\/wp\/v2\/users\/2"}],"replies":[{"embeddable":true,"href":"https:\/\/balkan.green\/me\/wp-json\/wp\/v2\/comments?post=586"}],"version-history":[{"count":1,"href":"https:\/\/balkan.green\/me\/wp-json\/wp\/v2\/pages\/586\/revisions"}],"predecessor-version":[{"id":730,"href":"https:\/\/balkan.green\/me\/wp-json\/wp\/v2\/pages\/586\/revisions\/730"}],"wp:featuredmedia":[{"embeddable":true,"href":"https:\/\/balkan.green\/me\/wp-json\/wp\/v2\/media\/457"}],"wp:attachment":[{"href":"https:\/\/balkan.green\/me\/wp-json\/wp\/v2\/media?parent=586"}],"curies":[{"name":"wp","href":"https:\/\/api.w.org\/{rel}","templated":true}]}}