{"id":589,"date":"2022-09-19T11:15:36","date_gmt":"2022-09-19T11:15:36","guid":{"rendered":"https:\/\/balkan.green\/north-macedonia\/"},"modified":"2023-06-22T06:01:07","modified_gmt":"2023-06-22T06:01:07","slug":"north-macedonia","status":"publish","type":"page","link":"https:\/\/balkan.green\/me\/north-macedonia\/","title":{"rendered":"Sjeverna Makedonija"},"content":{"rendered":"<p>Sjeverna Makedonija \u2014 smje\u0161tena u srcu Balkanskog poluostrva jugoisto\u010dne Evrope i u\u0161u\u0161kana izme\u0111u Gr\u010dke, Albanije, Srbije i Bugarske \u2014 je lonac u kojem se stapaju bogate kulture, ba\u0161tina, dramati\u010dna priroda i naslje\u0111e dovoljno kompleksno da bude deo pri\u010de o nastanku civilizacije. Cijeli region je rijedak, krhki spoj tradicije, arhitekture i prirodnih \u010duda.<\/p>\n<p>Od sjevera do juga, Sjeverna Makedonija \u010deka da je otkriju dostojni putnici. Glavni grad, Skoplje, sa oko pola miliona stanovnika, kombinacija je drevne istorije i vrhunske modernosti. Ohridsko jezero i grad koji dijeli njegovo ime, simboli sa razglednice zemlje sa krajnjeg juga, nalaze se na listi UNESCO-a zbog prirodnog i kulturnog zna\u010daja. Vi\u0161estruki planinski lanci u zemlji, kojima dominira ikona \u0160ar planine, pro\u017eeti su d\u017einovskim vrhovima i skrivenim, ali prijatnim selima.<\/p>\n<p>Ali, kao \u0161to \u0107e vam svaki Makedonac re\u0107i, niste zapravo bili ovdje dok niste u\u017eivali u kuhinji ove zemlje, koja je spoj turskih, mediteranskih i balkanskih tema. Nakon \u0161to ste u\u017eivali u obroku, i dok razmi\u0161ljate o svim mjestima na koja jo\u0161 morate oti\u0107i, sedite i u\u017eivajte u gutljaju nacionalnog pi\u0107a, rakije, po mogu\u0107nosti u dru\u0161tvu svog novog, \u0161armantnog i gostoljubivog prijatelja, Makedonca.<\/p>\n<p>&nbsp;<\/p>\n<p><img decoding=\"async\" loading=\"lazy\" class=\"alignnone size-full wp-image-402\" src=\"https:\/\/balkan.green\/wp-content\/uploads\/2022\/12\/HST_horse-riding_Bistra_5.jpg\" alt=\"\" width=\"2000\" height=\"1333\" srcset=\"https:\/\/balkan.green\/wp-content\/uploads\/2022\/12\/HST_horse-riding_Bistra_5.jpg 2000w, https:\/\/balkan.green\/wp-content\/uploads\/2022\/12\/HST_horse-riding_Bistra_5-800x533.jpg 800w, https:\/\/balkan.green\/wp-content\/uploads\/2022\/12\/HST_horse-riding_Bistra_5-1600x1066.jpg 1600w, https:\/\/balkan.green\/wp-content\/uploads\/2022\/12\/HST_horse-riding_Bistra_5-768x512.jpg 768w, https:\/\/balkan.green\/wp-content\/uploads\/2022\/12\/HST_horse-riding_Bistra_5-1536x1024.jpg 1536w, https:\/\/balkan.green\/wp-content\/uploads\/2022\/12\/HST_horse-riding_Bistra_5-1900x1266.jpg 1900w\" sizes=\"(max-width: 2000px) 100vw, 2000px\" \/><\/p>\n","protected":false},"excerpt":{"rendered":"<p>Sjeverna Makedonija \u2014 smje\u0161tena u srcu Balkanskog poluostrva jugoisto\u010dne Evrope i u\u0161u\u0161kana izme\u0111u Gr\u010dke, Albanije, Srbije i Bugarske \u2014 je lonac u kojem se stapaju bogate kulture, ba\u0161tina, dramati\u010dna priroda i naslje\u0111e dovoljno kompleksno da bude deo pri\u010de o nastanku civilizacije. Cijeli region je rijedak, krhki spoj tradicije, arhitekture i prirodnih \u010duda. Od sjevera do [&hellip;]<\/p>\n","protected":false},"author":2,"featured_media":451,"parent":0,"menu_order":0,"comment_status":"closed","ping_status":"closed","template":"","meta":{"footnotes":""},"acf":[],"yoast_head":"<!-- This site is optimized with the Yoast SEO plugin v21.5 - https:\/\/yoast.com\/wordpress\/plugins\/seo\/ -->\n<title>Sjeverna Makedonija - Balkan green<\/title>\n<meta name=\"robots\" content=\"index, follow, max-snippet:-1, max-image-preview:large, max-video-preview:-1\" \/>\n<link rel=\"canonical\" href=\"https:\/\/balkan.green\/me\/north-macedonia\/\" \/>\n<meta property=\"og:locale\" content=\"en_US\" \/>\n<meta property=\"og:type\" content=\"article\" \/>\n<meta property=\"og:title\" content=\"Sjeverna Makedonija - Balkan green\" \/>\n<meta property=\"og:description\" content=\"Sjeverna Makedonija \u2014 smje\u0161tena u srcu Balkanskog poluostrva jugoisto\u010dne Evrope i u\u0161u\u0161kana izme\u0111u Gr\u010dke, Albanije, Srbije i Bugarske \u2014 je lonac u kojem se stapaju bogate kulture, ba\u0161tina, dramati\u010dna priroda i naslje\u0111e dovoljno kompleksno da bude deo pri\u010de o nastanku civilizacije. Cijeli region je rijedak, krhki spoj tradicije, arhitekture i prirodnih \u010duda. Od sjevera do [&hellip;]\" \/>\n<meta property=\"og:url\" content=\"https:\/\/balkan.green\/me\/north-macedonia\/\" \/>\n<meta property=\"og:site_name\" content=\"Balkan green\" \/>\n<meta property=\"article:modified_time\" content=\"2023-06-22T06:01:07+00:00\" \/>\n<meta property=\"og:image\" content=\"https:\/\/balkan.green\/wp-content\/uploads\/2022\/09\/3_Mount-Jablanica.jpg\" \/>\n\t<meta property=\"og:image:width\" content=\"2500\" \/>\n\t<meta property=\"og:image:height\" content=\"580\" \/>\n\t<meta property=\"og:image:type\" content=\"image\/jpeg\" \/>\n<meta name=\"twitter:card\" content=\"summary_large_image\" \/>\n<meta name=\"twitter:label1\" content=\"Est. reading time\" \/>\n\t<meta name=\"twitter:data1\" content=\"2 minutes\" \/>\n<script type=\"application\/ld+json\" class=\"yoast-schema-graph\">{\"@context\":\"https:\/\/schema.org\",\"@graph\":[{\"@type\":\"WebPage\",\"@id\":\"https:\/\/balkan.green\/me\/north-macedonia\/\",\"url\":\"https:\/\/balkan.green\/me\/north-macedonia\/\",\"name\":\"Sjeverna Makedonija - Balkan green\",\"isPartOf\":{\"@id\":\"https:\/\/balkan.green\/me\/#website\"},\"datePublished\":\"2022-09-19T11:15:36+00:00\",\"dateModified\":\"2023-06-22T06:01:07+00:00\",\"breadcrumb\":{\"@id\":\"https:\/\/balkan.green\/me\/north-macedonia\/#breadcrumb\"},\"inLanguage\":\"me-ME\",\"potentialAction\":[{\"@type\":\"ReadAction\",\"target\":[\"https:\/\/balkan.green\/me\/north-macedonia\/\"]}]},{\"@type\":\"BreadcrumbList\",\"@id\":\"https:\/\/balkan.green\/me\/north-macedonia\/#breadcrumb\",\"itemListElement\":[{\"@type\":\"ListItem\",\"position\":1,\"name\":\"Home\",\"item\":\"https:\/\/balkan.green\/me\/\"},{\"@type\":\"ListItem\",\"position\":2,\"name\":\"Sjeverna Makedonija\"}]},{\"@type\":\"WebSite\",\"@id\":\"https:\/\/balkan.green\/me\/#website\",\"url\":\"https:\/\/balkan.green\/me\/\",\"name\":\"Balkan green\",\"description\":\"Welcome!\",\"potentialAction\":[{\"@type\":\"SearchAction\",\"target\":{\"@type\":\"EntryPoint\",\"urlTemplate\":\"https:\/\/balkan.green\/me\/?s={search_term_string}\"},\"query-input\":\"required name=search_term_string\"}],\"inLanguage\":\"me-ME\"}]}<\/script>\n<!-- \/ Yoast SEO plugin. -->","yoast_head_json":{"title":"Sjeverna Makedonija - Balkan green","robots":{"index":"index","follow":"follow","max-snippet":"max-snippet:-1","max-image-preview":"max-image-preview:large","max-video-preview":"max-video-preview:-1"},"canonical":"https:\/\/balkan.green\/me\/north-macedonia\/","og_locale":"en_US","og_type":"article","og_title":"Sjeverna Makedonija - Balkan green","og_description":"Sjeverna Makedonija \u2014 smje\u0161tena u srcu Balkanskog poluostrva jugoisto\u010dne Evrope i u\u0161u\u0161kana izme\u0111u Gr\u010dke, Albanije, Srbije i Bugarske \u2014 je lonac u kojem se stapaju bogate kulture, ba\u0161tina, dramati\u010dna priroda i naslje\u0111e dovoljno kompleksno da bude deo pri\u010de o nastanku civilizacije. Cijeli region je rijedak, krhki spoj tradicije, arhitekture i prirodnih \u010duda. Od sjevera do [&hellip;]","og_url":"https:\/\/balkan.green\/me\/north-macedonia\/","og_site_name":"Balkan green","article_modified_time":"2023-06-22T06:01:07+00:00","og_image":[{"width":2500,"height":580,"url":"https:\/\/balkan.green\/wp-content\/uploads\/2022\/09\/3_Mount-Jablanica.jpg","type":"image\/jpeg"}],"twitter_card":"summary_large_image","twitter_misc":{"Est. reading time":"2 minutes"},"schema":{"@context":"https:\/\/schema.org","@graph":[{"@type":"WebPage","@id":"https:\/\/balkan.green\/me\/north-macedonia\/","url":"https:\/\/balkan.green\/me\/north-macedonia\/","name":"Sjeverna Makedonija - Balkan green","isPartOf":{"@id":"https:\/\/balkan.green\/me\/#website"},"datePublished":"2022-09-19T11:15:36+00:00","dateModified":"2023-06-22T06:01:07+00:00","breadcrumb":{"@id":"https:\/\/balkan.green\/me\/north-macedonia\/#breadcrumb"},"inLanguage":"me-ME","potentialAction":[{"@type":"ReadAction","target":["https:\/\/balkan.green\/me\/north-macedonia\/"]}]},{"@type":"BreadcrumbList","@id":"https:\/\/balkan.green\/me\/north-macedonia\/#breadcrumb","itemListElement":[{"@type":"ListItem","position":1,"name":"Home","item":"https:\/\/balkan.green\/me\/"},{"@type":"ListItem","position":2,"name":"Sjeverna Makedonija"}]},{"@type":"WebSite","@id":"https:\/\/balkan.green\/me\/#website","url":"https:\/\/balkan.green\/me\/","name":"Balkan green","description":"Welcome!","potentialAction":[{"@type":"SearchAction","target":{"@type":"EntryPoint","urlTemplate":"https:\/\/balkan.green\/me\/?s={search_term_string}"},"query-input":"required name=search_term_string"}],"inLanguage":"me-ME"}]}},"_links":{"self":[{"href":"https:\/\/balkan.green\/me\/wp-json\/wp\/v2\/pages\/589"}],"collection":[{"href":"https:\/\/balkan.green\/me\/wp-json\/wp\/v2\/pages"}],"about":[{"href":"https:\/\/balkan.green\/me\/wp-json\/wp\/v2\/types\/page"}],"author":[{"embeddable":true,"href":"https:\/\/balkan.green\/me\/wp-json\/wp\/v2\/users\/2"}],"replies":[{"embeddable":true,"href":"https:\/\/balkan.green\/me\/wp-json\/wp\/v2\/comments?post=589"}],"version-history":[{"count":1,"href":"https:\/\/balkan.green\/me\/wp-json\/wp\/v2\/pages\/589\/revisions"}],"predecessor-version":[{"id":729,"href":"https:\/\/balkan.green\/me\/wp-json\/wp\/v2\/pages\/589\/revisions\/729"}],"wp:featuredmedia":[{"embeddable":true,"href":"https:\/\/balkan.green\/me\/wp-json\/wp\/v2\/media\/451"}],"wp:attachment":[{"href":"https:\/\/balkan.green\/me\/wp-json\/wp\/v2\/media?parent=589"}],"curies":[{"name":"wp","href":"https:\/\/api.w.org\/{rel}","templated":true}]}}