{"id":592,"date":"2022-09-19T11:14:08","date_gmt":"2022-09-19T11:14:08","guid":{"rendered":"https:\/\/balkan.green\/montenegro\/"},"modified":"2023-06-15T18:44:39","modified_gmt":"2023-06-15T18:44:39","slug":"montenegro","status":"publish","type":"page","link":"https:\/\/balkan.green\/me\/montenegro\/","title":{"rendered":"Crna Gora"},"content":{"rendered":"<p>Crna Gora \u2014 \u201cDivlja ljepotica\u201d \u2014 je mala zemlja sa harizmom, \u0161armom i le\u017eernom mistikom. Na zapadnoj ivici Balkanskog poluostrva i uz Jadransko more, Crna Gora sadr\u017ei kombinaciju intenzivnih pejza\u017ea, kr\u0161evitih planina, kulturnog diverziteta, bogate istorije i modernog duha.<\/p>\n<p>Sa obalom koja zaslu\u017euje da se spomene me\u0111u najspektakularnijim evropskim primorskim destinacijama, Crna Gora je tako\u0111e srec\u0301na \u0161to ima pet nacionalnih parkova, kao i to da nudi planinarenje, biciklizam, rafting, skijanje i kanjoning svjetske klase.<\/p>\n<p>Skretanje \u201esa utabane staze\u201c mo\u017ee biti kli\u0161e, ali avanturisti\u010dki putnici hrle u Crnu Goru upravo zbog toga, zbog \u0161anse da se izgube na mjestu koje su vrijeme i brzi prioriteti zaboravili. Istra\u017eiva\u010di prate pastirske staze i promjenljive boje planinskih pa\u0161njaka i divljih voda. Sa mje\u0161tanima dijele hljeb. Oni &#8211; poput vas &#8211; dolaze da pi\u0161u i nanovo pi\u0161u svoje li\u010dne pri\u010de, istovremeno usporavajuc\u0301i i otpu\u0161tajuc\u0301i.<\/p>\n<p><img decoding=\"async\" loading=\"lazy\" class=\"aligncenter size-full wp-image-34\" src=\"https:\/\/balkan.green\/wp-content\/uploads\/2022\/09\/Biking_Lukavica_Zurim_cover.jpg\" alt=\"\" width=\"2500\" height=\"1652\" srcset=\"https:\/\/balkan.green\/wp-content\/uploads\/2022\/09\/Biking_Lukavica_Zurim_cover.jpg 2500w, https:\/\/balkan.green\/wp-content\/uploads\/2022\/09\/Biking_Lukavica_Zurim_cover-800x529.jpg 800w, https:\/\/balkan.green\/wp-content\/uploads\/2022\/09\/Biking_Lukavica_Zurim_cover-1600x1057.jpg 1600w, https:\/\/balkan.green\/wp-content\/uploads\/2022\/09\/Biking_Lukavica_Zurim_cover-768x507.jpg 768w, https:\/\/balkan.green\/wp-content\/uploads\/2022\/09\/Biking_Lukavica_Zurim_cover-1536x1015.jpg 1536w, https:\/\/balkan.green\/wp-content\/uploads\/2022\/09\/Biking_Lukavica_Zurim_cover-2048x1353.jpg 2048w, https:\/\/balkan.green\/wp-content\/uploads\/2022\/09\/Biking_Lukavica_Zurim_cover-1900x1256.jpg 1900w\" sizes=\"(max-width: 2500px) 100vw, 2500px\" \/><\/p>\n<div style=\"position: static !important;\"><\/div>\n","protected":false},"excerpt":{"rendered":"<p>Crna Gora \u2014 \u201cDivlja ljepotica\u201d \u2014 je mala zemlja sa harizmom, \u0161armom i le\u017eernom mistikom. Na zapadnoj ivici Balkanskog poluostrva i uz Jadransko more, Crna Gora sadr\u017ei kombinaciju intenzivnih pejza\u017ea, kr\u0161evitih planina, kulturnog diverziteta, bogate istorije i modernog duha. Sa obalom koja zaslu\u017euje da se spomene me\u0111u najspektakularnijim evropskim primorskim destinacijama, Crna Gora je tako\u0111e [&hellip;]<\/p>\n","protected":false},"author":2,"featured_media":445,"parent":0,"menu_order":0,"comment_status":"closed","ping_status":"closed","template":"","meta":{"footnotes":""},"acf":[],"yoast_head":"<!-- This site is optimized with the Yoast SEO plugin v21.5 - https:\/\/yoast.com\/wordpress\/plugins\/seo\/ -->\n<title>Crna Gora - Balkan green<\/title>\n<meta name=\"robots\" content=\"index, follow, max-snippet:-1, max-image-preview:large, max-video-preview:-1\" \/>\n<link rel=\"canonical\" href=\"https:\/\/balkan.green\/me\/montenegro\/\" \/>\n<meta property=\"og:locale\" content=\"en_US\" \/>\n<meta property=\"og:type\" content=\"article\" \/>\n<meta property=\"og:title\" content=\"Crna Gora - Balkan green\" \/>\n<meta property=\"og:description\" content=\"Crna Gora \u2014 \u201cDivlja ljepotica\u201d \u2014 je mala zemlja sa harizmom, \u0161armom i le\u017eernom mistikom. Na zapadnoj ivici Balkanskog poluostrva i uz Jadransko more, Crna Gora sadr\u017ei kombinaciju intenzivnih pejza\u017ea, kr\u0161evitih planina, kulturnog diverziteta, bogate istorije i modernog duha. Sa obalom koja zaslu\u017euje da se spomene me\u0111u najspektakularnijim evropskim primorskim destinacijama, Crna Gora je tako\u0111e [&hellip;]\" \/>\n<meta property=\"og:url\" content=\"https:\/\/balkan.green\/me\/montenegro\/\" \/>\n<meta property=\"og:site_name\" content=\"Balkan green\" \/>\n<meta property=\"article:modified_time\" content=\"2023-06-15T18:44:39+00:00\" \/>\n<meta property=\"og:image\" content=\"https:\/\/balkan.green\/wp-content\/uploads\/2022\/09\/Rafting-RiverTara-Montenegro-Photo-NTO-Montenegro.jpg\" \/>\n\t<meta property=\"og:image:width\" content=\"2500\" \/>\n\t<meta property=\"og:image:height\" content=\"580\" \/>\n\t<meta property=\"og:image:type\" content=\"image\/jpeg\" \/>\n<meta name=\"twitter:card\" content=\"summary_large_image\" \/>\n<meta name=\"twitter:label1\" content=\"Est. reading time\" \/>\n\t<meta name=\"twitter:data1\" content=\"1 minute\" \/>\n<script type=\"application\/ld+json\" class=\"yoast-schema-graph\">{\"@context\":\"https:\/\/schema.org\",\"@graph\":[{\"@type\":\"WebPage\",\"@id\":\"https:\/\/balkan.green\/me\/montenegro\/\",\"url\":\"https:\/\/balkan.green\/me\/montenegro\/\",\"name\":\"Crna Gora - Balkan green\",\"isPartOf\":{\"@id\":\"https:\/\/balkan.green\/me\/#website\"},\"datePublished\":\"2022-09-19T11:14:08+00:00\",\"dateModified\":\"2023-06-15T18:44:39+00:00\",\"breadcrumb\":{\"@id\":\"https:\/\/balkan.green\/me\/montenegro\/#breadcrumb\"},\"inLanguage\":\"me-ME\",\"potentialAction\":[{\"@type\":\"ReadAction\",\"target\":[\"https:\/\/balkan.green\/me\/montenegro\/\"]}]},{\"@type\":\"BreadcrumbList\",\"@id\":\"https:\/\/balkan.green\/me\/montenegro\/#breadcrumb\",\"itemListElement\":[{\"@type\":\"ListItem\",\"position\":1,\"name\":\"Home\",\"item\":\"https:\/\/balkan.green\/me\/\"},{\"@type\":\"ListItem\",\"position\":2,\"name\":\"Crna Gora\"}]},{\"@type\":\"WebSite\",\"@id\":\"https:\/\/balkan.green\/me\/#website\",\"url\":\"https:\/\/balkan.green\/me\/\",\"name\":\"Balkan green\",\"description\":\"Welcome!\",\"potentialAction\":[{\"@type\":\"SearchAction\",\"target\":{\"@type\":\"EntryPoint\",\"urlTemplate\":\"https:\/\/balkan.green\/me\/?s={search_term_string}\"},\"query-input\":\"required name=search_term_string\"}],\"inLanguage\":\"me-ME\"}]}<\/script>\n<!-- \/ Yoast SEO plugin. -->","yoast_head_json":{"title":"Crna Gora - Balkan green","robots":{"index":"index","follow":"follow","max-snippet":"max-snippet:-1","max-image-preview":"max-image-preview:large","max-video-preview":"max-video-preview:-1"},"canonical":"https:\/\/balkan.green\/me\/montenegro\/","og_locale":"en_US","og_type":"article","og_title":"Crna Gora - Balkan green","og_description":"Crna Gora \u2014 \u201cDivlja ljepotica\u201d \u2014 je mala zemlja sa harizmom, \u0161armom i le\u017eernom mistikom. Na zapadnoj ivici Balkanskog poluostrva i uz Jadransko more, Crna Gora sadr\u017ei kombinaciju intenzivnih pejza\u017ea, kr\u0161evitih planina, kulturnog diverziteta, bogate istorije i modernog duha. Sa obalom koja zaslu\u017euje da se spomene me\u0111u najspektakularnijim evropskim primorskim destinacijama, Crna Gora je tako\u0111e [&hellip;]","og_url":"https:\/\/balkan.green\/me\/montenegro\/","og_site_name":"Balkan green","article_modified_time":"2023-06-15T18:44:39+00:00","og_image":[{"width":2500,"height":580,"url":"https:\/\/balkan.green\/wp-content\/uploads\/2022\/09\/Rafting-RiverTara-Montenegro-Photo-NTO-Montenegro.jpg","type":"image\/jpeg"}],"twitter_card":"summary_large_image","twitter_misc":{"Est. reading time":"1 minute"},"schema":{"@context":"https:\/\/schema.org","@graph":[{"@type":"WebPage","@id":"https:\/\/balkan.green\/me\/montenegro\/","url":"https:\/\/balkan.green\/me\/montenegro\/","name":"Crna Gora - Balkan green","isPartOf":{"@id":"https:\/\/balkan.green\/me\/#website"},"datePublished":"2022-09-19T11:14:08+00:00","dateModified":"2023-06-15T18:44:39+00:00","breadcrumb":{"@id":"https:\/\/balkan.green\/me\/montenegro\/#breadcrumb"},"inLanguage":"me-ME","potentialAction":[{"@type":"ReadAction","target":["https:\/\/balkan.green\/me\/montenegro\/"]}]},{"@type":"BreadcrumbList","@id":"https:\/\/balkan.green\/me\/montenegro\/#breadcrumb","itemListElement":[{"@type":"ListItem","position":1,"name":"Home","item":"https:\/\/balkan.green\/me\/"},{"@type":"ListItem","position":2,"name":"Crna Gora"}]},{"@type":"WebSite","@id":"https:\/\/balkan.green\/me\/#website","url":"https:\/\/balkan.green\/me\/","name":"Balkan green","description":"Welcome!","potentialAction":[{"@type":"SearchAction","target":{"@type":"EntryPoint","urlTemplate":"https:\/\/balkan.green\/me\/?s={search_term_string}"},"query-input":"required name=search_term_string"}],"inLanguage":"me-ME"}]}},"_links":{"self":[{"href":"https:\/\/balkan.green\/me\/wp-json\/wp\/v2\/pages\/592"}],"collection":[{"href":"https:\/\/balkan.green\/me\/wp-json\/wp\/v2\/pages"}],"about":[{"href":"https:\/\/balkan.green\/me\/wp-json\/wp\/v2\/types\/page"}],"author":[{"embeddable":true,"href":"https:\/\/balkan.green\/me\/wp-json\/wp\/v2\/users\/2"}],"replies":[{"embeddable":true,"href":"https:\/\/balkan.green\/me\/wp-json\/wp\/v2\/comments?post=592"}],"version-history":[{"count":1,"href":"https:\/\/balkan.green\/me\/wp-json\/wp\/v2\/pages\/592\/revisions"}],"predecessor-version":[{"id":623,"href":"https:\/\/balkan.green\/me\/wp-json\/wp\/v2\/pages\/592\/revisions\/623"}],"wp:featuredmedia":[{"embeddable":true,"href":"https:\/\/balkan.green\/me\/wp-json\/wp\/v2\/media\/445"}],"wp:attachment":[{"href":"https:\/\/balkan.green\/me\/wp-json\/wp\/v2\/media?parent=592"}],"curies":[{"name":"wp","href":"https:\/\/api.w.org\/{rel}","templated":true}]}}