{"id":595,"date":"2022-09-19T11:12:44","date_gmt":"2022-09-19T11:12:44","guid":{"rendered":"https:\/\/balkan.green\/bosnia-and-herzegovina\/"},"modified":"2023-06-22T06:00:17","modified_gmt":"2023-06-22T06:00:17","slug":"bosnia-and-herzegovina","status":"publish","type":"page","link":"https:\/\/balkan.green\/me\/bosnia-and-herzegovina\/","title":{"rendered":"Bosna i Hercegovina"},"content":{"rendered":"<p>Bosna i Hercegovina je puno vi\u0161e nego samo zemlja koju treba posjetiti.\u00a0 Ona je mjesto gdje idete da bi se ponovo povezali sa prirodom, istorijom, i ljudima koji su poznati po svojoj toplini i gostoprimstvu.<\/p>\n<p>Ova divna zemlja, oblika srca, koja se nalazi u jugoisto\u010dnoj Evropi zauzima ne\u0161to vi\u0161e od 50.000 kvadratnih kilometara, a prote\u017ee se izme\u0111u Hrvatske, Srbije i Crne Gore &#8211; spajaju\u0107i planine sa Jadranskim morem. Nezvani\u010dni centar avanture na otvorenom (outdoor adventure) na Zapadnom Balkanu, Bosna i Hercegovina predstavlja ono \u0161to je najljep\u0161e u cijelom regionu: o\u0161tre vrhove Dinarskih Alpi, izolirana planinska sela, bogata mje\u0161avina kultura i tradicija, i fascinantnu, slo\u017eenu i dugu istoriju.<\/p>\n<p>U ovoj zemlji, koja ima ne\u0161to vi\u0161e od 3 miliona stanovnika, duboki kanjoni, o\u0161tri vrhovi i brzi, smaragdni potoci i rijeke presijecaju pejza\u017e. O\u010dekivano, Bosna i Hercegovina je bila doma\u0107in velikom broju svjetskih takmi\u010denja na brzim vodama, kao i bisiklisti\u010dkim, skija\u0161kim i takmi\u010denjima u tr\u010danju.\u00a0 Ova zemlja se tako\u0111e ponosi sa 380 kilometara Via Dinarica Mega Trail, planinarske staze koja povezuje osam zemalja Zapadnog Balkana (od Slovenije do Sjeverne Makedonije). <i>National Geographic <\/i>je Via Dinarica-u proglasio jednim od najboljih svjetskih iskustava sa putovanja.<\/p>\n<p>&nbsp;<\/p>\n<p><img decoding=\"async\" loading=\"lazy\" class=\"aligncenter size-full wp-image-30\" src=\"https:\/\/balkan.green\/wp-content\/uploads\/2022\/09\/Bjelasnica_Dugo-Polje_Bosnia.jpg\" alt=\"\" width=\"2500\" height=\"1667\" srcset=\"https:\/\/balkan.green\/wp-content\/uploads\/2022\/09\/Bjelasnica_Dugo-Polje_Bosnia.jpg 2500w, https:\/\/balkan.green\/wp-content\/uploads\/2022\/09\/Bjelasnica_Dugo-Polje_Bosnia-800x533.jpg 800w, https:\/\/balkan.green\/wp-content\/uploads\/2022\/09\/Bjelasnica_Dugo-Polje_Bosnia-1600x1067.jpg 1600w, https:\/\/balkan.green\/wp-content\/uploads\/2022\/09\/Bjelasnica_Dugo-Polje_Bosnia-768x512.jpg 768w, https:\/\/balkan.green\/wp-content\/uploads\/2022\/09\/Bjelasnica_Dugo-Polje_Bosnia-1536x1024.jpg 1536w, https:\/\/balkan.green\/wp-content\/uploads\/2022\/09\/Bjelasnica_Dugo-Polje_Bosnia-2048x1366.jpg 2048w, https:\/\/balkan.green\/wp-content\/uploads\/2022\/09\/Bjelasnica_Dugo-Polje_Bosnia-1900x1267.jpg 1900w\" sizes=\"(max-width: 2500px) 100vw, 2500px\" \/><\/p>\n<p>&nbsp;<\/p>\n<div style=\"position: static !important;\"><\/div>\n","protected":false},"excerpt":{"rendered":"<p>Bosna i Hercegovina je puno vi\u0161e nego samo zemlja koju treba posjetiti.\u00a0 Ona je mjesto gdje idete da bi se ponovo povezali sa prirodom, istorijom, i ljudima koji su poznati po svojoj toplini i gostoprimstvu. Ova divna zemlja, oblika srca, koja se nalazi u jugoisto\u010dnoj Evropi zauzima ne\u0161to vi\u0161e od 50.000 kvadratnih kilometara, a prote\u017ee [&hellip;]<\/p>\n","protected":false},"author":2,"featured_media":439,"parent":0,"menu_order":0,"comment_status":"closed","ping_status":"closed","template":"","meta":{"footnotes":""},"acf":[],"yoast_head":"<!-- This site is optimized with the Yoast SEO plugin v21.5 - https:\/\/yoast.com\/wordpress\/plugins\/seo\/ -->\n<title>Bosna i Hercegovina - Balkan green<\/title>\n<meta name=\"robots\" content=\"index, follow, max-snippet:-1, max-image-preview:large, max-video-preview:-1\" \/>\n<link rel=\"canonical\" href=\"https:\/\/balkan.green\/me\/bosnia-and-herzegovina\/\" \/>\n<meta property=\"og:locale\" content=\"en_US\" \/>\n<meta property=\"og:type\" content=\"article\" \/>\n<meta property=\"og:title\" content=\"Bosna i Hercegovina - Balkan green\" \/>\n<meta property=\"og:description\" content=\"Bosna i Hercegovina je puno vi\u0161e nego samo zemlja koju treba posjetiti.\u00a0 Ona je mjesto gdje idete da bi se ponovo povezali sa prirodom, istorijom, i ljudima koji su poznati po svojoj toplini i gostoprimstvu. Ova divna zemlja, oblika srca, koja se nalazi u jugoisto\u010dnoj Evropi zauzima ne\u0161to vi\u0161e od 50.000 kvadratnih kilometara, a prote\u017ee [&hellip;]\" \/>\n<meta property=\"og:url\" content=\"https:\/\/balkan.green\/me\/bosnia-and-herzegovina\/\" \/>\n<meta property=\"og:site_name\" content=\"Balkan green\" \/>\n<meta property=\"article:modified_time\" content=\"2023-06-22T06:00:17+00:00\" \/>\n<meta property=\"og:image\" content=\"https:\/\/balkan.green\/wp-content\/uploads\/2022\/09\/Lukomir_Village_Bosnia.jpg\" \/>\n\t<meta property=\"og:image:width\" content=\"2500\" \/>\n\t<meta property=\"og:image:height\" content=\"580\" \/>\n\t<meta property=\"og:image:type\" content=\"image\/jpeg\" \/>\n<meta name=\"twitter:card\" content=\"summary_large_image\" \/>\n<meta name=\"twitter:label1\" content=\"Est. reading time\" \/>\n\t<meta name=\"twitter:data1\" content=\"2 minutes\" \/>\n<script type=\"application\/ld+json\" class=\"yoast-schema-graph\">{\"@context\":\"https:\/\/schema.org\",\"@graph\":[{\"@type\":\"WebPage\",\"@id\":\"https:\/\/balkan.green\/me\/bosnia-and-herzegovina\/\",\"url\":\"https:\/\/balkan.green\/me\/bosnia-and-herzegovina\/\",\"name\":\"Bosna i Hercegovina - Balkan green\",\"isPartOf\":{\"@id\":\"https:\/\/balkan.green\/me\/#website\"},\"datePublished\":\"2022-09-19T11:12:44+00:00\",\"dateModified\":\"2023-06-22T06:00:17+00:00\",\"breadcrumb\":{\"@id\":\"https:\/\/balkan.green\/me\/bosnia-and-herzegovina\/#breadcrumb\"},\"inLanguage\":\"me-ME\",\"potentialAction\":[{\"@type\":\"ReadAction\",\"target\":[\"https:\/\/balkan.green\/me\/bosnia-and-herzegovina\/\"]}]},{\"@type\":\"BreadcrumbList\",\"@id\":\"https:\/\/balkan.green\/me\/bosnia-and-herzegovina\/#breadcrumb\",\"itemListElement\":[{\"@type\":\"ListItem\",\"position\":1,\"name\":\"Home\",\"item\":\"https:\/\/balkan.green\/me\/\"},{\"@type\":\"ListItem\",\"position\":2,\"name\":\"Bosna i Hercegovina\"}]},{\"@type\":\"WebSite\",\"@id\":\"https:\/\/balkan.green\/me\/#website\",\"url\":\"https:\/\/balkan.green\/me\/\",\"name\":\"Balkan green\",\"description\":\"Welcome!\",\"potentialAction\":[{\"@type\":\"SearchAction\",\"target\":{\"@type\":\"EntryPoint\",\"urlTemplate\":\"https:\/\/balkan.green\/me\/?s={search_term_string}\"},\"query-input\":\"required name=search_term_string\"}],\"inLanguage\":\"me-ME\"}]}<\/script>\n<!-- \/ Yoast SEO plugin. -->","yoast_head_json":{"title":"Bosna i Hercegovina - Balkan green","robots":{"index":"index","follow":"follow","max-snippet":"max-snippet:-1","max-image-preview":"max-image-preview:large","max-video-preview":"max-video-preview:-1"},"canonical":"https:\/\/balkan.green\/me\/bosnia-and-herzegovina\/","og_locale":"en_US","og_type":"article","og_title":"Bosna i Hercegovina - Balkan green","og_description":"Bosna i Hercegovina je puno vi\u0161e nego samo zemlja koju treba posjetiti.\u00a0 Ona je mjesto gdje idete da bi se ponovo povezali sa prirodom, istorijom, i ljudima koji su poznati po svojoj toplini i gostoprimstvu. Ova divna zemlja, oblika srca, koja se nalazi u jugoisto\u010dnoj Evropi zauzima ne\u0161to vi\u0161e od 50.000 kvadratnih kilometara, a prote\u017ee [&hellip;]","og_url":"https:\/\/balkan.green\/me\/bosnia-and-herzegovina\/","og_site_name":"Balkan green","article_modified_time":"2023-06-22T06:00:17+00:00","og_image":[{"width":2500,"height":580,"url":"https:\/\/balkan.green\/wp-content\/uploads\/2022\/09\/Lukomir_Village_Bosnia.jpg","type":"image\/jpeg"}],"twitter_card":"summary_large_image","twitter_misc":{"Est. reading time":"2 minutes"},"schema":{"@context":"https:\/\/schema.org","@graph":[{"@type":"WebPage","@id":"https:\/\/balkan.green\/me\/bosnia-and-herzegovina\/","url":"https:\/\/balkan.green\/me\/bosnia-and-herzegovina\/","name":"Bosna i Hercegovina - Balkan green","isPartOf":{"@id":"https:\/\/balkan.green\/me\/#website"},"datePublished":"2022-09-19T11:12:44+00:00","dateModified":"2023-06-22T06:00:17+00:00","breadcrumb":{"@id":"https:\/\/balkan.green\/me\/bosnia-and-herzegovina\/#breadcrumb"},"inLanguage":"me-ME","potentialAction":[{"@type":"ReadAction","target":["https:\/\/balkan.green\/me\/bosnia-and-herzegovina\/"]}]},{"@type":"BreadcrumbList","@id":"https:\/\/balkan.green\/me\/bosnia-and-herzegovina\/#breadcrumb","itemListElement":[{"@type":"ListItem","position":1,"name":"Home","item":"https:\/\/balkan.green\/me\/"},{"@type":"ListItem","position":2,"name":"Bosna i Hercegovina"}]},{"@type":"WebSite","@id":"https:\/\/balkan.green\/me\/#website","url":"https:\/\/balkan.green\/me\/","name":"Balkan green","description":"Welcome!","potentialAction":[{"@type":"SearchAction","target":{"@type":"EntryPoint","urlTemplate":"https:\/\/balkan.green\/me\/?s={search_term_string}"},"query-input":"required name=search_term_string"}],"inLanguage":"me-ME"}]}},"_links":{"self":[{"href":"https:\/\/balkan.green\/me\/wp-json\/wp\/v2\/pages\/595"}],"collection":[{"href":"https:\/\/balkan.green\/me\/wp-json\/wp\/v2\/pages"}],"about":[{"href":"https:\/\/balkan.green\/me\/wp-json\/wp\/v2\/types\/page"}],"author":[{"embeddable":true,"href":"https:\/\/balkan.green\/me\/wp-json\/wp\/v2\/users\/2"}],"replies":[{"embeddable":true,"href":"https:\/\/balkan.green\/me\/wp-json\/wp\/v2\/comments?post=595"}],"version-history":[{"count":1,"href":"https:\/\/balkan.green\/me\/wp-json\/wp\/v2\/pages\/595\/revisions"}],"predecessor-version":[{"id":728,"href":"https:\/\/balkan.green\/me\/wp-json\/wp\/v2\/pages\/595\/revisions\/728"}],"wp:featuredmedia":[{"embeddable":true,"href":"https:\/\/balkan.green\/me\/wp-json\/wp\/v2\/media\/439"}],"wp:attachment":[{"href":"https:\/\/balkan.green\/me\/wp-json\/wp\/v2\/media?parent=595"}],"curies":[{"name":"wp","href":"https:\/\/api.w.org\/{rel}","templated":true}]}}