{"id":598,"date":"2022-09-19T11:10:57","date_gmt":"2022-09-19T11:10:57","guid":{"rendered":"https:\/\/balkan.green\/albania\/"},"modified":"2023-06-22T05:59:39","modified_gmt":"2023-06-22T05:59:39","slug":"albania","status":"publish","type":"page","link":"https:\/\/balkan.green\/me\/albania\/","title":{"rendered":"Albanija"},"content":{"rendered":"<p>Albanija je zemlja superlativa. Ovaj dio kopna uklesan izme\u0111u Dinarskih Alpa i Jadranskog mora ima jednu od najslo\u017eenijih i jedinstvenih istorija u cijeloj Europi\u2026 i jedan od najljep\u0161ih krajolika.<\/p>\n<p>Uprkos uzastopnim invazijama tokom svoje istorije, Albanci su zadr\u017eali svoj drevni jezik i kulturu. Odanost i &#8220;besa&#8221; ili \u201c\u010dast\u201d ovdje su svetinja. Ti koncepti ujedinjuju ljude kroz mnoge izazove, uklju\u010duju\u0107i decenije komunisti\u010dke izolacije. Tako je stvorena moderna Albanija koja je sekularna i vjerski tolerantna, ali s tradicionalnim pogledima na gostoprimstvo.<\/p>\n<p>U Albaniji se tradicija i tehnologija sudaraju na zanimljive na\u010dine. Dok se sa\u00a0 jedne strane radi o ekonomiji zasnovanoj na gotovini, s druge, mnoge poslovne i vladine usluge su vi\u0161e digitalizovane nego u\u00a0 susjednim zemaljama. Dok vozite u Albaniji, budite spremni da se zaustavite zbog stada koza koje prelazi cestu, \u010dak i du\u017e netaknute rivijere. Albanska kultura kafe je jedna od najboljih u Evropi; atmosfera kafi\u0107a se lako mo\u017ee takmi\u010diti sa Be\u010dom ili Rimom.<\/p>\n<p>Zanimljivost: Albanija je bila jedina zemlja u Evropi sa vi\u0161e Jevreja na kraju Drugog svetskog rata nego na po\u010detku \u2014 uprkos tome \u0161to su je okupirali Italijani i njema\u010dki nacisti \u2014 zbog albanskog obe\u0107anja, \u201ebese\u201c, da \u0107e ih sakriti i za\u0161tititi.<\/p>\n<p>&nbsp;<\/p>\n<p><img decoding=\"async\" loading=\"lazy\" class=\"aligncenter size-full wp-image-26\" src=\"https:\/\/balkan.green\/wp-content\/uploads\/2022\/09\/Zvernec-island-Old-Church-Vlora-.jpg\" alt=\"\" width=\"2500\" height=\"1786\" srcset=\"https:\/\/balkan.green\/wp-content\/uploads\/2022\/09\/Zvernec-island-Old-Church-Vlora-.jpg 2500w, https:\/\/balkan.green\/wp-content\/uploads\/2022\/09\/Zvernec-island-Old-Church-Vlora--800x572.jpg 800w, https:\/\/balkan.green\/wp-content\/uploads\/2022\/09\/Zvernec-island-Old-Church-Vlora--1600x1143.jpg 1600w, https:\/\/balkan.green\/wp-content\/uploads\/2022\/09\/Zvernec-island-Old-Church-Vlora--768x549.jpg 768w, https:\/\/balkan.green\/wp-content\/uploads\/2022\/09\/Zvernec-island-Old-Church-Vlora--1536x1097.jpg 1536w, https:\/\/balkan.green\/wp-content\/uploads\/2022\/09\/Zvernec-island-Old-Church-Vlora--2048x1463.jpg 2048w, https:\/\/balkan.green\/wp-content\/uploads\/2022\/09\/Zvernec-island-Old-Church-Vlora--1900x1357.jpg 1900w\" sizes=\"(max-width: 2500px) 100vw, 2500px\" \/><\/p>\n<div style=\"position: static !important;\"><\/div>\n","protected":false},"excerpt":{"rendered":"<p>Albanija je zemlja superlativa. Ovaj dio kopna uklesan izme\u0111u Dinarskih Alpa i Jadranskog mora ima jednu od najslo\u017eenijih i jedinstvenih istorija u cijeloj Europi\u2026 i jedan od najljep\u0161ih krajolika. Uprkos uzastopnim invazijama tokom svoje istorije, Albanci su zadr\u017eali svoj drevni jezik i kulturu. Odanost i &#8220;besa&#8221; ili \u201c\u010dast\u201d ovdje su svetinja. Ti koncepti ujedinjuju ljude [&hellip;]<\/p>\n","protected":false},"author":2,"featured_media":433,"parent":0,"menu_order":0,"comment_status":"closed","ping_status":"closed","template":"","meta":{"footnotes":""},"acf":[],"yoast_head":"<!-- This site is optimized with the Yoast SEO plugin v21.5 - https:\/\/yoast.com\/wordpress\/plugins\/seo\/ -->\n<title>Albanija - Balkan green<\/title>\n<meta name=\"robots\" content=\"index, follow, max-snippet:-1, max-image-preview:large, max-video-preview:-1\" \/>\n<link rel=\"canonical\" href=\"https:\/\/balkan.green\/me\/albania\/\" \/>\n<meta property=\"og:locale\" content=\"en_US\" \/>\n<meta property=\"og:type\" content=\"article\" \/>\n<meta property=\"og:title\" content=\"Albanija - Balkan green\" \/>\n<meta property=\"og:description\" content=\"Albanija je zemlja superlativa. Ovaj dio kopna uklesan izme\u0111u Dinarskih Alpa i Jadranskog mora ima jednu od najslo\u017eenijih i jedinstvenih istorija u cijeloj Europi\u2026 i jedan od najljep\u0161ih krajolika. Uprkos uzastopnim invazijama tokom svoje istorije, Albanci su zadr\u017eali svoj drevni jezik i kulturu. Odanost i &#8220;besa&#8221; ili \u201c\u010dast\u201d ovdje su svetinja. Ti koncepti ujedinjuju ljude [&hellip;]\" \/>\n<meta property=\"og:url\" content=\"https:\/\/balkan.green\/me\/albania\/\" \/>\n<meta property=\"og:site_name\" content=\"Balkan green\" \/>\n<meta property=\"article:modified_time\" content=\"2023-06-22T05:59:39+00:00\" \/>\n<meta property=\"og:image\" content=\"https:\/\/balkan.green\/wp-content\/uploads\/2022\/09\/Shala-River-.jpg\" \/>\n\t<meta property=\"og:image:width\" content=\"2500\" \/>\n\t<meta property=\"og:image:height\" content=\"580\" \/>\n\t<meta property=\"og:image:type\" content=\"image\/jpeg\" \/>\n<meta name=\"twitter:card\" content=\"summary_large_image\" \/>\n<meta name=\"twitter:label1\" content=\"Est. reading time\" \/>\n\t<meta name=\"twitter:data1\" content=\"2 minutes\" \/>\n<script type=\"application\/ld+json\" class=\"yoast-schema-graph\">{\"@context\":\"https:\/\/schema.org\",\"@graph\":[{\"@type\":\"WebPage\",\"@id\":\"https:\/\/balkan.green\/me\/albania\/\",\"url\":\"https:\/\/balkan.green\/me\/albania\/\",\"name\":\"Albanija - Balkan green\",\"isPartOf\":{\"@id\":\"https:\/\/balkan.green\/me\/#website\"},\"datePublished\":\"2022-09-19T11:10:57+00:00\",\"dateModified\":\"2023-06-22T05:59:39+00:00\",\"breadcrumb\":{\"@id\":\"https:\/\/balkan.green\/me\/albania\/#breadcrumb\"},\"inLanguage\":\"me-ME\",\"potentialAction\":[{\"@type\":\"ReadAction\",\"target\":[\"https:\/\/balkan.green\/me\/albania\/\"]}]},{\"@type\":\"BreadcrumbList\",\"@id\":\"https:\/\/balkan.green\/me\/albania\/#breadcrumb\",\"itemListElement\":[{\"@type\":\"ListItem\",\"position\":1,\"name\":\"Home\",\"item\":\"https:\/\/balkan.green\/me\/\"},{\"@type\":\"ListItem\",\"position\":2,\"name\":\"Albanija\"}]},{\"@type\":\"WebSite\",\"@id\":\"https:\/\/balkan.green\/me\/#website\",\"url\":\"https:\/\/balkan.green\/me\/\",\"name\":\"Balkan green\",\"description\":\"Welcome!\",\"potentialAction\":[{\"@type\":\"SearchAction\",\"target\":{\"@type\":\"EntryPoint\",\"urlTemplate\":\"https:\/\/balkan.green\/me\/?s={search_term_string}\"},\"query-input\":\"required name=search_term_string\"}],\"inLanguage\":\"me-ME\"}]}<\/script>\n<!-- \/ Yoast SEO plugin. -->","yoast_head_json":{"title":"Albanija - Balkan green","robots":{"index":"index","follow":"follow","max-snippet":"max-snippet:-1","max-image-preview":"max-image-preview:large","max-video-preview":"max-video-preview:-1"},"canonical":"https:\/\/balkan.green\/me\/albania\/","og_locale":"en_US","og_type":"article","og_title":"Albanija - Balkan green","og_description":"Albanija je zemlja superlativa. Ovaj dio kopna uklesan izme\u0111u Dinarskih Alpa i Jadranskog mora ima jednu od najslo\u017eenijih i jedinstvenih istorija u cijeloj Europi\u2026 i jedan od najljep\u0161ih krajolika. Uprkos uzastopnim invazijama tokom svoje istorije, Albanci su zadr\u017eali svoj drevni jezik i kulturu. Odanost i &#8220;besa&#8221; ili \u201c\u010dast\u201d ovdje su svetinja. Ti koncepti ujedinjuju ljude [&hellip;]","og_url":"https:\/\/balkan.green\/me\/albania\/","og_site_name":"Balkan green","article_modified_time":"2023-06-22T05:59:39+00:00","og_image":[{"width":2500,"height":580,"url":"https:\/\/balkan.green\/wp-content\/uploads\/2022\/09\/Shala-River-.jpg","type":"image\/jpeg"}],"twitter_card":"summary_large_image","twitter_misc":{"Est. reading time":"2 minutes"},"schema":{"@context":"https:\/\/schema.org","@graph":[{"@type":"WebPage","@id":"https:\/\/balkan.green\/me\/albania\/","url":"https:\/\/balkan.green\/me\/albania\/","name":"Albanija - Balkan green","isPartOf":{"@id":"https:\/\/balkan.green\/me\/#website"},"datePublished":"2022-09-19T11:10:57+00:00","dateModified":"2023-06-22T05:59:39+00:00","breadcrumb":{"@id":"https:\/\/balkan.green\/me\/albania\/#breadcrumb"},"inLanguage":"me-ME","potentialAction":[{"@type":"ReadAction","target":["https:\/\/balkan.green\/me\/albania\/"]}]},{"@type":"BreadcrumbList","@id":"https:\/\/balkan.green\/me\/albania\/#breadcrumb","itemListElement":[{"@type":"ListItem","position":1,"name":"Home","item":"https:\/\/balkan.green\/me\/"},{"@type":"ListItem","position":2,"name":"Albanija"}]},{"@type":"WebSite","@id":"https:\/\/balkan.green\/me\/#website","url":"https:\/\/balkan.green\/me\/","name":"Balkan green","description":"Welcome!","potentialAction":[{"@type":"SearchAction","target":{"@type":"EntryPoint","urlTemplate":"https:\/\/balkan.green\/me\/?s={search_term_string}"},"query-input":"required name=search_term_string"}],"inLanguage":"me-ME"}]}},"_links":{"self":[{"href":"https:\/\/balkan.green\/me\/wp-json\/wp\/v2\/pages\/598"}],"collection":[{"href":"https:\/\/balkan.green\/me\/wp-json\/wp\/v2\/pages"}],"about":[{"href":"https:\/\/balkan.green\/me\/wp-json\/wp\/v2\/types\/page"}],"author":[{"embeddable":true,"href":"https:\/\/balkan.green\/me\/wp-json\/wp\/v2\/users\/2"}],"replies":[{"embeddable":true,"href":"https:\/\/balkan.green\/me\/wp-json\/wp\/v2\/comments?post=598"}],"version-history":[{"count":1,"href":"https:\/\/balkan.green\/me\/wp-json\/wp\/v2\/pages\/598\/revisions"}],"predecessor-version":[{"id":727,"href":"https:\/\/balkan.green\/me\/wp-json\/wp\/v2\/pages\/598\/revisions\/727"}],"wp:featuredmedia":[{"embeddable":true,"href":"https:\/\/balkan.green\/me\/wp-json\/wp\/v2\/media\/433"}],"wp:attachment":[{"href":"https:\/\/balkan.green\/me\/wp-json\/wp\/v2\/media?parent=598"}],"curies":[{"name":"wp","href":"https:\/\/api.w.org\/{rel}","templated":true}]}}