{"id":601,"date":"2022-09-19T11:05:36","date_gmt":"2022-09-19T11:05:36","guid":{"rendered":"https:\/\/balkan.green\/about-balkan-green\/"},"modified":"2023-07-21T08:30:51","modified_gmt":"2023-07-21T08:30:51","slug":"about-balkan-green","status":"publish","type":"page","link":"https:\/\/balkan.green\/me\/about-balkan-green\/","title":{"rendered":"O Balkan Green-u"},"content":{"rendered":"<p>Hvala vam \u0161to ste izdvojili vrijeme da saznate o Balkan Green-u. Poput vas, mnogi me\u0111unarodni putnici su otkrili Balkan i \u017eele da znaju vi\u0161e. I iako pozdravljamo to otkric\u0301e, va\u017eno je zapamtiti da je turizam unosan biznis. Kada se obavlja kako treba, ovaj posao ima ogroman potencijal da doprinese me\u0111u sektorima, ekonomskom rastu, diverzifikaciji, smanjenju siroma\u0161tva, o\u010duvanju biodiverziteta i upravljanju prirodnim resursima.<\/p>\n<p>Inicijativa Balkan Green je osnovana da uokviri ovu diskusiju i odredi rje\u0161enja koja odgovorni turizam dr\u017ei na \u010delu prioriteta regiona.<\/p>\n<p>Prakse odr\u017eivog turizma stvaraju odr\u017eive dugoro\u010dne strategije za uspjeh, stvaraju veze sa drugim privrednim sektorima, obi\u010dno zapo\u0161ljavaju \u017eene i mlade, stvaraju moguc\u0301nosti za male preduzetnike, imaju niske po\u010detne tro\u0161kove sa malo prepreka za pristup, promovi\u0161u kulturni ponos i stvaraju svijest, i povec\u0301avaju osjec\u0301aj odgovornosti. Me\u0111utim, nivo odr\u017eivosti na Balkanu ne zadovoljava globalne standarde ili o\u010dekivanja odgovornih, pronicljivih putnika, koji takve faktore uzimaju u obzir prilikom odabira destinacija za posjetu.<\/p>\n<p>Da bismo se pozabavili ovim pitanjima i radili na odr\u017eivijem razvoju turizma, osnovali smo inicijativu Balkan Green. Balkan Green se sastoji od pa\u017eljivo odabranih predstavnika iz Albanije (<a href=\"http:\/\/www.terena.al\/\">terena.al<\/a>), Bosne i Hercegovine (Green Visions Ecotours), Crne Gore (HYV\u00c4 Coaching &amp; Consulting), Sjeverne Makedonije (Mustseedonia) i Slovenije (GoodPlace). U procesu smo uklju\u010divanja predstavnika iz ostalih balkanskih zemalja.<\/p>\n<p>Sa ovim partnerstvom klju\u010dnih profesionalaca koji rade na razvoju odr\u017eivog turizma u regionu, na\u0161 cilj je da budemo jaka, pouzdana i profesionalna mre\u017ea. Oja\u010dac\u0301emo sinergije i pomoc\u0301i u uskla\u0111ivanju odr\u017eivog razvoja sa globalno priznatim standardima i priznatim metodama \u2014 \u010dime c\u0301emo pobolj\u0161ati sofisticiranost poslovanja.<\/p>\n<p>&nbsp;<\/p>\n<p style=\"text-align: center;\"><img decoding=\"async\" loading=\"lazy\" class=\"alignnone size-full wp-image-22\" src=\"https:\/\/balkan.green\/wp-content\/uploads\/2022\/09\/SGGR_WEB-210603-0017.jpg\" alt=\"\" width=\"2500\" height=\"1667\" srcset=\"https:\/\/balkan.green\/wp-content\/uploads\/2022\/09\/SGGR_WEB-210603-0017.jpg 2500w, https:\/\/balkan.green\/wp-content\/uploads\/2022\/09\/SGGR_WEB-210603-0017-800x533.jpg 800w, https:\/\/balkan.green\/wp-content\/uploads\/2022\/09\/SGGR_WEB-210603-0017-1600x1067.jpg 1600w, https:\/\/balkan.green\/wp-content\/uploads\/2022\/09\/SGGR_WEB-210603-0017-768x512.jpg 768w, https:\/\/balkan.green\/wp-content\/uploads\/2022\/09\/SGGR_WEB-210603-0017-1536x1024.jpg 1536w, https:\/\/balkan.green\/wp-content\/uploads\/2022\/09\/SGGR_WEB-210603-0017-2048x1366.jpg 2048w, https:\/\/balkan.green\/wp-content\/uploads\/2022\/09\/SGGR_WEB-210603-0017-1900x1267.jpg 1900w, https:\/\/balkan.green\/wp-content\/uploads\/2022\/09\/SGGR_WEB-210603-0017-300x200.jpg 300w, https:\/\/balkan.green\/wp-content\/uploads\/2022\/09\/SGGR_WEB-210603-0017-1024x683.jpg 1024w\" sizes=\"(max-width: 2500px) 100vw, 2500px\" \/><\/p>\n<p>&nbsp;<\/p>\n<p>Svaki od partnera se fokusira na zemlju koju predstavlja i donosi svoje znanje, vje\u0161tine i iskustva u ovu mre\u017eu. Tako\u0111e, svi su posvec\u0301eni u\u010denju jedni od drugih i zajedni\u010dkom rje\u0161avanju regionalnih pitanja o odr\u017eivom razvoju turizma. \u0160tavi\u0161e, Balkan Green je dobio zadatak da postane zvani\u010dni, ekskluzivni punopravni predstavnik Green Destinations i Good Travel Programa u regionu.<\/p>\n<p>Na\u0161a saradnja i zajedni\u010dko zastupanje c\u0301e nam pomoc\u0301i da povec\u0301amo saradnju na svim nivoima zainteresovanih strana, u cilju dono\u0161enja najsavremenijih znanja, razmjene me\u0111unarodnog iskustva i saradnje u suo\u010davanju sa izazovima razvoja odr\u017eivog turizma u regionu, smanjenja barijera za prekograni\u010dnu saradnju, trgovinu i investicije, i pobolj\u0161anja i pro\u0161irenja integracije i veza tr\u017ei\u0161ta. Svaki partner je \u201ePredstavni\u010dko tijelo\u201c za Green Destinations u svojoj zemlji, \u0161to im daje moguc\u0301nost i odgovornost da rade sa destinacijama i preduzec\u0301ima dok razvijaju prakse odr\u017eivog turizma kroz obrazovanje, podu\u010davanje, savjetodavne usluge i sertifikaciju o odr\u017eivom turizmu.<\/p>\n<p>Umjesto kao o \u201eprojektu\u201c, ta\u010dnije je razmi\u0161ljati o Balkan Green-u kao o dugoro\u010dnom razvojnom procesu za cijeli region. Sa ovom digitalnom platformom \u017eelimo da pobolj\u0161amo regionalnu saradnju i komunikaciju u oblasti odr\u017eivog turizma, obrazovanje o odr\u017eivosti, razvoj, prac\u0301enje i uporednu procjenu (benchmarking) na lokalnim jezicima, uklju\u010dujuc\u0301i vizuelni sadr\u017eaj, razvoj zelenih proizvoda i marketing.<\/p>\n<p>Na\u0161a vizija i \u017eelja nije samo podizanje svijesti i stvaranje znanja o \u201eza\u0161to, ko i kako\u201c za odgovoran turizam i unaprije\u0111enje saradnje na svim nivoima. Objektiv Balkan Green-a je fokusiran na potrebe regiona da jasnije i objektivnije mjeri pobolj\u0161anja odr\u017eivog razvoja malih preduzec\u0301a, industrijskih standarda i upravljanja destinacijom.<\/p>\n<p>&nbsp;<\/p>\n","protected":false},"excerpt":{"rendered":"<p>Hvala vam \u0161to ste izdvojili vrijeme da saznate o Balkan Green-u. Poput vas, mnogi me\u0111unarodni putnici su otkrili Balkan i \u017eele da znaju vi\u0161e. I iako pozdravljamo to otkric\u0301e, va\u017eno je zapamtiti da je turizam unosan biznis. Kada se obavlja kako treba, ovaj posao ima ogroman potencijal da doprinese me\u0111u sektorima, ekonomskom rastu, diverzifikaciji, smanjenju [&hellip;]<\/p>\n","protected":false},"author":2,"featured_media":433,"parent":0,"menu_order":0,"comment_status":"closed","ping_status":"closed","template":"","meta":{"footnotes":""},"acf":[],"yoast_head":"<!-- This site is optimized with the Yoast SEO plugin v21.5 - https:\/\/yoast.com\/wordpress\/plugins\/seo\/ -->\n<title>O Balkan Green-u - Balkan green<\/title>\n<meta name=\"robots\" content=\"index, follow, max-snippet:-1, max-image-preview:large, max-video-preview:-1\" \/>\n<link rel=\"canonical\" href=\"https:\/\/balkan.green\/me\/about-balkan-green\/\" \/>\n<meta property=\"og:locale\" content=\"en_US\" \/>\n<meta property=\"og:type\" content=\"article\" \/>\n<meta property=\"og:title\" content=\"O Balkan Green-u - Balkan green\" \/>\n<meta property=\"og:description\" content=\"Hvala vam \u0161to ste izdvojili vrijeme da saznate o Balkan Green-u. Poput vas, mnogi me\u0111unarodni putnici su otkrili Balkan i \u017eele da znaju vi\u0161e. I iako pozdravljamo to otkric\u0301e, va\u017eno je zapamtiti da je turizam unosan biznis. Kada se obavlja kako treba, ovaj posao ima ogroman potencijal da doprinese me\u0111u sektorima, ekonomskom rastu, diverzifikaciji, smanjenju [&hellip;]\" \/>\n<meta property=\"og:url\" content=\"https:\/\/balkan.green\/me\/about-balkan-green\/\" \/>\n<meta property=\"og:site_name\" content=\"Balkan green\" \/>\n<meta property=\"article:modified_time\" content=\"2023-07-21T08:30:51+00:00\" \/>\n<meta property=\"og:image\" content=\"https:\/\/balkan.green\/wp-content\/uploads\/2022\/09\/Shala-River-.jpg\" \/>\n\t<meta property=\"og:image:width\" content=\"2500\" \/>\n\t<meta property=\"og:image:height\" content=\"580\" \/>\n\t<meta property=\"og:image:type\" content=\"image\/jpeg\" \/>\n<meta name=\"twitter:card\" content=\"summary_large_image\" \/>\n<meta name=\"twitter:label1\" content=\"Est. reading time\" \/>\n\t<meta name=\"twitter:data1\" content=\"3 minutes\" \/>\n<script type=\"application\/ld+json\" class=\"yoast-schema-graph\">{\"@context\":\"https:\/\/schema.org\",\"@graph\":[{\"@type\":\"WebPage\",\"@id\":\"https:\/\/balkan.green\/me\/about-balkan-green\/\",\"url\":\"https:\/\/balkan.green\/me\/about-balkan-green\/\",\"name\":\"O Balkan Green-u - Balkan green\",\"isPartOf\":{\"@id\":\"https:\/\/balkan.green\/me\/#website\"},\"datePublished\":\"2022-09-19T11:05:36+00:00\",\"dateModified\":\"2023-07-21T08:30:51+00:00\",\"breadcrumb\":{\"@id\":\"https:\/\/balkan.green\/me\/about-balkan-green\/#breadcrumb\"},\"inLanguage\":\"me-ME\",\"potentialAction\":[{\"@type\":\"ReadAction\",\"target\":[\"https:\/\/balkan.green\/me\/about-balkan-green\/\"]}]},{\"@type\":\"BreadcrumbList\",\"@id\":\"https:\/\/balkan.green\/me\/about-balkan-green\/#breadcrumb\",\"itemListElement\":[{\"@type\":\"ListItem\",\"position\":1,\"name\":\"Home\",\"item\":\"https:\/\/balkan.green\/me\/\"},{\"@type\":\"ListItem\",\"position\":2,\"name\":\"O Balkan Green-u\"}]},{\"@type\":\"WebSite\",\"@id\":\"https:\/\/balkan.green\/me\/#website\",\"url\":\"https:\/\/balkan.green\/me\/\",\"name\":\"Balkan green\",\"description\":\"Welcome!\",\"potentialAction\":[{\"@type\":\"SearchAction\",\"target\":{\"@type\":\"EntryPoint\",\"urlTemplate\":\"https:\/\/balkan.green\/me\/?s={search_term_string}\"},\"query-input\":\"required name=search_term_string\"}],\"inLanguage\":\"me-ME\"}]}<\/script>\n<!-- \/ Yoast SEO plugin. -->","yoast_head_json":{"title":"O Balkan Green-u - Balkan green","robots":{"index":"index","follow":"follow","max-snippet":"max-snippet:-1","max-image-preview":"max-image-preview:large","max-video-preview":"max-video-preview:-1"},"canonical":"https:\/\/balkan.green\/me\/about-balkan-green\/","og_locale":"en_US","og_type":"article","og_title":"O Balkan Green-u - Balkan green","og_description":"Hvala vam \u0161to ste izdvojili vrijeme da saznate o Balkan Green-u. Poput vas, mnogi me\u0111unarodni putnici su otkrili Balkan i \u017eele da znaju vi\u0161e. I iako pozdravljamo to otkric\u0301e, va\u017eno je zapamtiti da je turizam unosan biznis. Kada se obavlja kako treba, ovaj posao ima ogroman potencijal da doprinese me\u0111u sektorima, ekonomskom rastu, diverzifikaciji, smanjenju [&hellip;]","og_url":"https:\/\/balkan.green\/me\/about-balkan-green\/","og_site_name":"Balkan green","article_modified_time":"2023-07-21T08:30:51+00:00","og_image":[{"width":2500,"height":580,"url":"https:\/\/balkan.green\/wp-content\/uploads\/2022\/09\/Shala-River-.jpg","type":"image\/jpeg"}],"twitter_card":"summary_large_image","twitter_misc":{"Est. reading time":"3 minutes"},"schema":{"@context":"https:\/\/schema.org","@graph":[{"@type":"WebPage","@id":"https:\/\/balkan.green\/me\/about-balkan-green\/","url":"https:\/\/balkan.green\/me\/about-balkan-green\/","name":"O Balkan Green-u - Balkan green","isPartOf":{"@id":"https:\/\/balkan.green\/me\/#website"},"datePublished":"2022-09-19T11:05:36+00:00","dateModified":"2023-07-21T08:30:51+00:00","breadcrumb":{"@id":"https:\/\/balkan.green\/me\/about-balkan-green\/#breadcrumb"},"inLanguage":"me-ME","potentialAction":[{"@type":"ReadAction","target":["https:\/\/balkan.green\/me\/about-balkan-green\/"]}]},{"@type":"BreadcrumbList","@id":"https:\/\/balkan.green\/me\/about-balkan-green\/#breadcrumb","itemListElement":[{"@type":"ListItem","position":1,"name":"Home","item":"https:\/\/balkan.green\/me\/"},{"@type":"ListItem","position":2,"name":"O Balkan Green-u"}]},{"@type":"WebSite","@id":"https:\/\/balkan.green\/me\/#website","url":"https:\/\/balkan.green\/me\/","name":"Balkan green","description":"Welcome!","potentialAction":[{"@type":"SearchAction","target":{"@type":"EntryPoint","urlTemplate":"https:\/\/balkan.green\/me\/?s={search_term_string}"},"query-input":"required name=search_term_string"}],"inLanguage":"me-ME"}]}},"_links":{"self":[{"href":"https:\/\/balkan.green\/me\/wp-json\/wp\/v2\/pages\/601"}],"collection":[{"href":"https:\/\/balkan.green\/me\/wp-json\/wp\/v2\/pages"}],"about":[{"href":"https:\/\/balkan.green\/me\/wp-json\/wp\/v2\/types\/page"}],"author":[{"embeddable":true,"href":"https:\/\/balkan.green\/me\/wp-json\/wp\/v2\/users\/2"}],"replies":[{"embeddable":true,"href":"https:\/\/balkan.green\/me\/wp-json\/wp\/v2\/comments?post=601"}],"version-history":[{"count":6,"href":"https:\/\/balkan.green\/me\/wp-json\/wp\/v2\/pages\/601\/revisions"}],"predecessor-version":[{"id":886,"href":"https:\/\/balkan.green\/me\/wp-json\/wp\/v2\/pages\/601\/revisions\/886"}],"wp:featuredmedia":[{"embeddable":true,"href":"https:\/\/balkan.green\/me\/wp-json\/wp\/v2\/media\/433"}],"wp:attachment":[{"href":"https:\/\/balkan.green\/me\/wp-json\/wp\/v2\/media?parent=601"}],"curies":[{"name":"wp","href":"https:\/\/api.w.org\/{rel}","templated":true}]}}