{"id":1228,"date":"2024-03-19T08:56:39","date_gmt":"2024-03-19T08:56:39","guid":{"rendered":"https:\/\/balkan.green\/croatia\/"},"modified":"2024-03-19T09:01:45","modified_gmt":"2024-03-19T09:01:45","slug":"croatia","status":"publish","type":"page","link":"https:\/\/balkan.green\/sq\/croatia\/","title":{"rendered":"Kroacia"},"content":{"rendered":"<p>Kroacia, e vendosur n\u00eb bregun mahnit\u00ebs t\u00eb Adriatikut mes Alpeve Dinarike majestike, \u00ebsht\u00eb nj\u00eb destinacion evropian magjeps\u00ebs q\u00eb me krenari shpalos jo vet\u00ebm nj\u00eb histori t\u00eb pasur, por edhe nj\u00eb arkipeleag\u00eb me mbi nj\u00eb mij\u00eb ishuj. Me qytete antike si Dubrovnik dhe Split, Kroacia p\u00ebrqafon me leht\u00ebsi karm\u00ebn historike me vitalitetin modern. Bregu Dalmat, zbukuruar me nj\u00eb shum\u00ebllojshm\u00ebri ishujsh t\u00eb rrethuar nga dielli, krijon nj\u00eb panoram\u00eb piktoreske, integruar pa fund tradit\u00ebn dhe jetes\u00ebn bashk\u00ebkohore.<\/p>\n<p>Ky oaz bregdetar \u00ebsht\u00eb nj\u00eb fush\u00eb e eksplorimit, nga rrug\u00ebt e gjalla t\u00eb Zagrebit deri te bukuria e qet\u00eb e ishujve Adriatik. Thesaret natyrore t\u00eb Kroacis\u00eb p\u00ebrfshijn\u00eb Parkun Komb\u00ebtar t\u00eb Liqenave Plitvice, nj\u00eb tapiseri hipnotizuese e shk\u00ebmbimeve uji dhe gjelb\u00ebrimi l\u00ebnguar, dhe Istria, zbukuruar me kodrat e mbuluara me vreshta. N\u00eb parim, p\u00ebrkushtimi ndaj q\u00ebndrueshm\u00ebris\u00eb \u00ebsht\u00eb e dukshhme n\u00eb shum\u00eb parqe komb\u00ebtare dhe n\u00eb vendet e Trash\u00ebgimis\u00eb Bot\u00ebrore t\u00eb UNESCO, duke theksuar p\u00ebrkushtimin p\u00ebr mbajtjen e pasuris\u00eb natyrore dhe kulturore tejet t\u00eb pasur.<\/p>\n<p>Pasuria kulturore e Kroacis\u00eb shfaqet n\u00eb kultur\u00ebn e pasur t\u00eb kafeneve, monumenteve historike dhe mikpritjen e ngroht\u00eb. Pavar\u00ebsisht n\u00ebse ecni n\u00eb rrug\u00ebt e lashta apo ku bregdeti puthet me diellin, Kroacia premton nj\u00eb udh\u00ebtim ku k\u00ebng\u00ebt e s\u00eb kaluar\u00ebs harmonizohen me pulsin e gjall\u00eb t\u00eb jet\u00ebs bashk\u00ebkohore. Eksploroni magjin\u00eb e nj\u00eb toke ku \u00e7do ishull tregon nj\u00eb histori, dhe Kroacia dallohet si nj\u00eb destinacion kohor me mij\u00ebra tregime p\u00ebr t&#8217;u rr\u00ebfyer.<\/p>\n<p><a href=\"https:\/\/balkan.green\/wp-content\/uploads\/2024\/03\/Trans_Dinarica_Cycle_Route-Croatia-majstorskacesta-Matevz_Hribar.jpg\" data-lbwps-width=\"1200\" data-lbwps-height=\"800\" data-lbwps-srcsmall=\"https:\/\/balkan.green\/wp-content\/uploads\/2024\/03\/Trans_Dinarica_Cycle_Route-Croatia-majstorskacesta-Matevz_Hribar-800x533.jpg\"><img decoding=\"async\" loading=\"lazy\" width=\"1200\" height=\"800\" class=\"alignleft size-medium wp-image-1221\" src=\"https:\/\/balkan.green\/wp-content\/uploads\/2024\/03\/Trans_Dinarica_Cycle_Route-Croatia-majstorskacesta-Matevz_Hribar.jpg\" alt=\"\" srcset=\"https:\/\/balkan.green\/wp-content\/uploads\/2024\/03\/Trans_Dinarica_Cycle_Route-Croatia-majstorskacesta-Matevz_Hribar.jpg 1200w, https:\/\/balkan.green\/wp-content\/uploads\/2024\/03\/Trans_Dinarica_Cycle_Route-Croatia-majstorskacesta-Matevz_Hribar-800x533.jpg 800w, https:\/\/balkan.green\/wp-content\/uploads\/2024\/03\/Trans_Dinarica_Cycle_Route-Croatia-majstorskacesta-Matevz_Hribar-768x512.jpg 768w\" sizes=\"(max-width: 1200px) 100vw, 1200px\" \/><\/a><\/p>\n","protected":false},"excerpt":{"rendered":"<p>Kroacia, e vendosur n\u00eb bregun mahnit\u00ebs t\u00eb Adriatikut mes Alpeve Dinarike majestike, \u00ebsht\u00eb nj\u00eb destinacion evropian magjeps\u00ebs q\u00eb me krenari shpalos jo vet\u00ebm nj\u00eb histori t\u00eb pasur, por edhe nj\u00eb arkipeleag\u00eb me mbi nj\u00eb mij\u00eb ishuj. Me qytete antike si Dubrovnik dhe Split, Kroacia p\u00ebrqafon me leht\u00ebsi karm\u00ebn historike me vitalitetin modern. Bregu Dalmat, zbukuruar [&hellip;]<\/p>\n","protected":false},"author":2,"featured_media":1222,"parent":0,"menu_order":0,"comment_status":"closed","ping_status":"closed","template":"","meta":{"footnotes":""},"acf":[],"yoast_head":"<!-- This site is optimized with the Yoast SEO plugin v21.5 - https:\/\/yoast.com\/wordpress\/plugins\/seo\/ -->\n<title>Kroacia - Balkan green<\/title>\n<meta name=\"robots\" content=\"index, follow, max-snippet:-1, max-image-preview:large, max-video-preview:-1\" \/>\n<link rel=\"canonical\" href=\"https:\/\/balkan.green\/sq\/croatia\/\" \/>\n<meta property=\"og:locale\" content=\"sq_AL\" \/>\n<meta property=\"og:type\" content=\"article\" \/>\n<meta property=\"og:title\" content=\"Kroacia - Balkan green\" \/>\n<meta property=\"og:description\" content=\"Kroacia, e vendosur n\u00eb bregun mahnit\u00ebs t\u00eb Adriatikut mes Alpeve Dinarike majestike, \u00ebsht\u00eb nj\u00eb destinacion evropian magjeps\u00ebs q\u00eb me krenari shpalos jo vet\u00ebm nj\u00eb histori t\u00eb pasur, por edhe nj\u00eb arkipeleag\u00eb me mbi nj\u00eb mij\u00eb ishuj. Me qytete antike si Dubrovnik dhe Split, Kroacia p\u00ebrqafon me leht\u00ebsi karm\u00ebn historike me vitalitetin modern. Bregu Dalmat, zbukuruar [&hellip;]\" \/>\n<meta property=\"og:url\" content=\"https:\/\/balkan.green\/sq\/croatia\/\" \/>\n<meta property=\"og:site_name\" content=\"Balkan green\" \/>\n<meta property=\"article:modified_time\" content=\"2024-03-19T09:01:45+00:00\" \/>\n<meta property=\"og:image\" content=\"https:\/\/balkan.green\/wp-content\/uploads\/2024\/03\/Trans_Dinarica_Cycle_Route-Croatia-majstorskacesta-Matevz_Hribar.jpg\" \/>\n\t<meta property=\"og:image:width\" content=\"1200\" \/>\n\t<meta property=\"og:image:height\" content=\"800\" \/>\n\t<meta property=\"og:image:type\" content=\"image\/jpeg\" \/>\n<meta name=\"twitter:card\" content=\"summary_large_image\" \/>\n<meta name=\"twitter:label1\" content=\"Est. reading time\" \/>\n\t<meta name=\"twitter:data1\" content=\"2 minutes\" \/>\n<script type=\"application\/ld+json\" class=\"yoast-schema-graph\">{\"@context\":\"https:\/\/schema.org\",\"@graph\":[{\"@type\":\"WebPage\",\"@id\":\"https:\/\/balkan.green\/sq\/croatia\/\",\"url\":\"https:\/\/balkan.green\/sq\/croatia\/\",\"name\":\"Kroacia - Balkan green\",\"isPartOf\":{\"@id\":\"https:\/\/balkan.green\/sq\/#website\"},\"datePublished\":\"2024-03-19T08:56:39+00:00\",\"dateModified\":\"2024-03-19T09:01:45+00:00\",\"breadcrumb\":{\"@id\":\"https:\/\/balkan.green\/sq\/croatia\/#breadcrumb\"},\"inLanguage\":\"sq-AL\",\"potentialAction\":[{\"@type\":\"ReadAction\",\"target\":[\"https:\/\/balkan.green\/sq\/croatia\/\"]}]},{\"@type\":\"BreadcrumbList\",\"@id\":\"https:\/\/balkan.green\/sq\/croatia\/#breadcrumb\",\"itemListElement\":[{\"@type\":\"ListItem\",\"position\":1,\"name\":\"Home\",\"item\":\"https:\/\/balkan.green\/sq\/\"},{\"@type\":\"ListItem\",\"position\":2,\"name\":\"Kroacia\"}]},{\"@type\":\"WebSite\",\"@id\":\"https:\/\/balkan.green\/sq\/#website\",\"url\":\"https:\/\/balkan.green\/sq\/\",\"name\":\"Balkan green\",\"description\":\"Welcome!\",\"potentialAction\":[{\"@type\":\"SearchAction\",\"target\":{\"@type\":\"EntryPoint\",\"urlTemplate\":\"https:\/\/balkan.green\/sq\/?s={search_term_string}\"},\"query-input\":\"required name=search_term_string\"}],\"inLanguage\":\"sq-AL\"}]}<\/script>\n<!-- \/ Yoast SEO plugin. -->","yoast_head_json":{"title":"Kroacia - Balkan green","robots":{"index":"index","follow":"follow","max-snippet":"max-snippet:-1","max-image-preview":"max-image-preview:large","max-video-preview":"max-video-preview:-1"},"canonical":"https:\/\/balkan.green\/sq\/croatia\/","og_locale":"sq_AL","og_type":"article","og_title":"Kroacia - Balkan green","og_description":"Kroacia, e vendosur n\u00eb bregun mahnit\u00ebs t\u00eb Adriatikut mes Alpeve Dinarike majestike, \u00ebsht\u00eb nj\u00eb destinacion evropian magjeps\u00ebs q\u00eb me krenari shpalos jo vet\u00ebm nj\u00eb histori t\u00eb pasur, por edhe nj\u00eb arkipeleag\u00eb me mbi nj\u00eb mij\u00eb ishuj. Me qytete antike si Dubrovnik dhe Split, Kroacia p\u00ebrqafon me leht\u00ebsi karm\u00ebn historike me vitalitetin modern. Bregu Dalmat, zbukuruar [&hellip;]","og_url":"https:\/\/balkan.green\/sq\/croatia\/","og_site_name":"Balkan green","article_modified_time":"2024-03-19T09:01:45+00:00","og_image":[{"width":1200,"height":800,"url":"https:\/\/balkan.green\/wp-content\/uploads\/2024\/03\/Trans_Dinarica_Cycle_Route-Croatia-majstorskacesta-Matevz_Hribar.jpg","type":"image\/jpeg"}],"twitter_card":"summary_large_image","twitter_misc":{"Est. reading time":"2 minutes"},"schema":{"@context":"https:\/\/schema.org","@graph":[{"@type":"WebPage","@id":"https:\/\/balkan.green\/sq\/croatia\/","url":"https:\/\/balkan.green\/sq\/croatia\/","name":"Kroacia - Balkan green","isPartOf":{"@id":"https:\/\/balkan.green\/sq\/#website"},"datePublished":"2024-03-19T08:56:39+00:00","dateModified":"2024-03-19T09:01:45+00:00","breadcrumb":{"@id":"https:\/\/balkan.green\/sq\/croatia\/#breadcrumb"},"inLanguage":"sq-AL","potentialAction":[{"@type":"ReadAction","target":["https:\/\/balkan.green\/sq\/croatia\/"]}]},{"@type":"BreadcrumbList","@id":"https:\/\/balkan.green\/sq\/croatia\/#breadcrumb","itemListElement":[{"@type":"ListItem","position":1,"name":"Home","item":"https:\/\/balkan.green\/sq\/"},{"@type":"ListItem","position":2,"name":"Kroacia"}]},{"@type":"WebSite","@id":"https:\/\/balkan.green\/sq\/#website","url":"https:\/\/balkan.green\/sq\/","name":"Balkan green","description":"Welcome!","potentialAction":[{"@type":"SearchAction","target":{"@type":"EntryPoint","urlTemplate":"https:\/\/balkan.green\/sq\/?s={search_term_string}"},"query-input":"required name=search_term_string"}],"inLanguage":"sq-AL"}]}},"_links":{"self":[{"href":"https:\/\/balkan.green\/sq\/wp-json\/wp\/v2\/pages\/1228"}],"collection":[{"href":"https:\/\/balkan.green\/sq\/wp-json\/wp\/v2\/pages"}],"about":[{"href":"https:\/\/balkan.green\/sq\/wp-json\/wp\/v2\/types\/page"}],"author":[{"embeddable":true,"href":"https:\/\/balkan.green\/sq\/wp-json\/wp\/v2\/users\/2"}],"replies":[{"embeddable":true,"href":"https:\/\/balkan.green\/sq\/wp-json\/wp\/v2\/comments?post=1228"}],"version-history":[{"count":2,"href":"https:\/\/balkan.green\/sq\/wp-json\/wp\/v2\/pages\/1228\/revisions"}],"predecessor-version":[{"id":1233,"href":"https:\/\/balkan.green\/sq\/wp-json\/wp\/v2\/pages\/1228\/revisions\/1233"}],"wp:featuredmedia":[{"embeddable":true,"href":"https:\/\/balkan.green\/sq\/wp-json\/wp\/v2\/media\/1222"}],"wp:attachment":[{"href":"https:\/\/balkan.green\/sq\/wp-json\/wp\/v2\/media?parent=1228"}],"curies":[{"name":"wp","href":"https:\/\/api.w.org\/{rel}","templated":true}]}}