{"id":815,"date":"2022-09-19T11:17:10","date_gmt":"2022-09-19T11:17:10","guid":{"rendered":"https:\/\/balkan.green\/slovenia\/"},"modified":"2023-07-18T09:03:51","modified_gmt":"2023-07-18T09:03:51","slug":"slovenia","status":"publish","type":"page","link":"https:\/\/balkan.green\/sq\/slovenia\/","title":{"rendered":"Sllovenia"},"content":{"rendered":"<p>Kur shikoni hart\u00ebn, Sllovenia duket e vog\u00ebl. Por kur jeni n\u00eb terren n\u00eb Slloveni, shpejt kuptoni se kjo vend i Europ\u00ebs Qendrore \u00ebsht\u00eb i madh n\u00eb \u00e7do m\u00ebnyr\u00eb q\u00eb ka r\u00ebnd\u00ebsi. Malet e m\u00ebdha, strategjit\u00eb e udh\u00ebtimit t\u00eb p\u00ebrgjegjsh\u00ebm, mikpritja dhe nj\u00eb zem\u00ebr v\u00ebrtet e madhe jan\u00eb t\u00eb gjitha aspekte t\u00eb m\u00ebdha t\u00eb k\u00ebsaj vendi, q\u00eb National Geographic e ka quajtur &#8220;vendi m\u00eb i q\u00ebndruesh\u00ebm n\u00eb bot\u00eb&#8221;.<\/p>\n<p>P\u00ebrve\u00e7 k\u00ebsaj, ky vend idilik, i vendosur midis Alpeve dhe Detit Adriatik, ofron udh\u00ebtar\u00ebve nj\u00eb diversitet t\u00eb ve\u00e7ant\u00eb q\u00eb nuk gjendet n\u00eb shum\u00eb vende t\u00eb tjera.<\/p>\n<p>Sllovenia &#8211; e ngjitur midis Italis\u00eb, Austri, Hungaris\u00eb dhe Kroacis\u00eb &#8211; \u00ebsht\u00eb nj\u00eb kombinim i peizazheve, gjuh\u00ebve t\u00eb shum\u00ebfishta, zakoneve, traditave kulinarie dhe muzik\u00ebs. Ajo gjithashtu \u00ebsht\u00eb nj\u00eb nga vendet m\u00eb miq\u00ebsore dhe m\u00eb t\u00eb sigurta n\u00eb Evrop\u00eb.<\/p>\n<p>N\u00ebse keni ardhur p\u00ebr t\u00eb b\u00ebr\u00eb udh\u00ebtime n\u00eb Alpe, p\u00ebr t\u00eb b\u00ebr\u00eb bi\u00e7iklet\u00eb n\u00eb Rajonin Karstik, p\u00ebr t\u00eb luajtur n\u00eb nj\u00eb nga lumenjt\u00eb e past\u00ebr, p\u00ebr t\u00eb notuar n\u00eb det, p\u00ebr t\u00eb ngr\u00ebn\u00eb ushqim t\u00eb pafund dhe t\u00eb fresk\u00ebt, ose p\u00ebr t\u00eb kaluar koh\u00eb n\u00eb nj\u00eb nga qytetet e saj, mund t\u00eb ndjeheni t\u00eb sigurt se do t\u00eb gjeni vendin tuaj t\u00eb ve\u00e7ant\u00eb k\u00ebtu. Dhe, sepse slloven\u00ebt kujdesen p\u00ebr praktikat e turizmit t\u00eb q\u00ebndruesh\u00ebm n\u00eb t\u00eb nj\u00ebjt\u00ebn mas\u00eb ose m\u00eb shum\u00eb se pothuajse \u00e7do vend tjet\u00ebr n\u00eb planet, gjithashtu mund t\u00eb ndjeheni mir\u00eb duke ditur se vizita juaj do t\u00eb kontribuoj\u00eb n\u00eb krijimin e nj\u00eb rrug\u00eb m\u00eb t\u00eb mir\u00eb dhe m\u00eb t\u00eb p\u00ebrgjegjshme p\u00ebr industrin\u00eb e udh\u00ebtimit n\u00eb p\u00ebrgjith\u00ebsi.<\/p>\n<p>&nbsp;<\/p>\n<p><img decoding=\"async\" loading=\"lazy\" class=\"aligncenter size-full wp-image-42\" src=\"https:\/\/balkan.green\/wp-content\/uploads\/2022\/09\/SGGR_WEB-210603-0025.jpg\" alt=\"\" width=\"2500\" height=\"1667\" srcset=\"https:\/\/balkan.green\/wp-content\/uploads\/2022\/09\/SGGR_WEB-210603-0025.jpg 2500w, https:\/\/balkan.green\/wp-content\/uploads\/2022\/09\/SGGR_WEB-210603-0025-800x533.jpg 800w, https:\/\/balkan.green\/wp-content\/uploads\/2022\/09\/SGGR_WEB-210603-0025-1600x1067.jpg 1600w, https:\/\/balkan.green\/wp-content\/uploads\/2022\/09\/SGGR_WEB-210603-0025-768x512.jpg 768w, https:\/\/balkan.green\/wp-content\/uploads\/2022\/09\/SGGR_WEB-210603-0025-1536x1024.jpg 1536w, https:\/\/balkan.green\/wp-content\/uploads\/2022\/09\/SGGR_WEB-210603-0025-2048x1366.jpg 2048w, https:\/\/balkan.green\/wp-content\/uploads\/2022\/09\/SGGR_WEB-210603-0025-1900x1267.jpg 1900w\" sizes=\"(max-width: 2500px) 100vw, 2500px\" \/><\/p>\n<div style=\"position: static !important;\"><\/div>\n","protected":false},"excerpt":{"rendered":"<p>Kur shikoni hart\u00ebn, Sllovenia duket e vog\u00ebl. Por kur jeni n\u00eb terren n\u00eb Slloveni, shpejt kuptoni se kjo vend i Europ\u00ebs Qendrore \u00ebsht\u00eb i madh n\u00eb \u00e7do m\u00ebnyr\u00eb q\u00eb ka r\u00ebnd\u00ebsi. Malet e m\u00ebdha, strategjit\u00eb e udh\u00ebtimit t\u00eb p\u00ebrgjegjsh\u00ebm, mikpritja dhe nj\u00eb zem\u00ebr v\u00ebrtet e madhe jan\u00eb t\u00eb gjitha aspekte t\u00eb m\u00ebdha t\u00eb k\u00ebsaj vendi, [&hellip;]<\/p>\n","protected":false},"author":2,"featured_media":767,"parent":0,"menu_order":0,"comment_status":"closed","ping_status":"closed","template":"","meta":{"footnotes":""},"acf":[],"yoast_head":"<!-- This site is optimized with the Yoast SEO plugin v21.5 - https:\/\/yoast.com\/wordpress\/plugins\/seo\/ -->\n<title>Sllovenia - Balkan green<\/title>\n<meta name=\"robots\" content=\"index, follow, max-snippet:-1, max-image-preview:large, max-video-preview:-1\" \/>\n<link rel=\"canonical\" href=\"https:\/\/balkan.green\/sq\/slovenia\/\" \/>\n<meta property=\"og:locale\" content=\"sq_AL\" \/>\n<meta property=\"og:type\" content=\"article\" \/>\n<meta property=\"og:title\" content=\"Sllovenia - Balkan green\" \/>\n<meta property=\"og:description\" content=\"Kur shikoni hart\u00ebn, Sllovenia duket e vog\u00ebl. Por kur jeni n\u00eb terren n\u00eb Slloveni, shpejt kuptoni se kjo vend i Europ\u00ebs Qendrore \u00ebsht\u00eb i madh n\u00eb \u00e7do m\u00ebnyr\u00eb q\u00eb ka r\u00ebnd\u00ebsi. Malet e m\u00ebdha, strategjit\u00eb e udh\u00ebtimit t\u00eb p\u00ebrgjegjsh\u00ebm, mikpritja dhe nj\u00eb zem\u00ebr v\u00ebrtet e madhe jan\u00eb t\u00eb gjitha aspekte t\u00eb m\u00ebdha t\u00eb k\u00ebsaj vendi, [&hellip;]\" \/>\n<meta property=\"og:url\" content=\"https:\/\/balkan.green\/sq\/slovenia\/\" \/>\n<meta property=\"og:site_name\" content=\"Balkan green\" \/>\n<meta property=\"article:modified_time\" content=\"2023-07-18T09:03:51+00:00\" \/>\n<meta property=\"og:image\" content=\"https:\/\/balkan.green\/wp-content\/uploads\/2022\/09\/SGGR_WEB-210604-0146.jpg\" \/>\n\t<meta property=\"og:image:width\" content=\"2500\" \/>\n\t<meta property=\"og:image:height\" content=\"580\" \/>\n\t<meta property=\"og:image:type\" content=\"image\/jpeg\" \/>\n<meta name=\"twitter:card\" content=\"summary_large_image\" \/>\n<meta name=\"twitter:label1\" content=\"Est. reading time\" \/>\n\t<meta name=\"twitter:data1\" content=\"2 minutes\" \/>\n<script type=\"application\/ld+json\" class=\"yoast-schema-graph\">{\"@context\":\"https:\/\/schema.org\",\"@graph\":[{\"@type\":\"WebPage\",\"@id\":\"https:\/\/balkan.green\/sq\/slovenia\/\",\"url\":\"https:\/\/balkan.green\/sq\/slovenia\/\",\"name\":\"Sllovenia - Balkan green\",\"isPartOf\":{\"@id\":\"https:\/\/balkan.green\/sq\/#website\"},\"datePublished\":\"2022-09-19T11:17:10+00:00\",\"dateModified\":\"2023-07-18T09:03:51+00:00\",\"breadcrumb\":{\"@id\":\"https:\/\/balkan.green\/sq\/slovenia\/#breadcrumb\"},\"inLanguage\":\"sq-AL\",\"potentialAction\":[{\"@type\":\"ReadAction\",\"target\":[\"https:\/\/balkan.green\/sq\/slovenia\/\"]}]},{\"@type\":\"BreadcrumbList\",\"@id\":\"https:\/\/balkan.green\/sq\/slovenia\/#breadcrumb\",\"itemListElement\":[{\"@type\":\"ListItem\",\"position\":1,\"name\":\"Home\",\"item\":\"https:\/\/balkan.green\/sq\/\"},{\"@type\":\"ListItem\",\"position\":2,\"name\":\"Sllovenia\"}]},{\"@type\":\"WebSite\",\"@id\":\"https:\/\/balkan.green\/sq\/#website\",\"url\":\"https:\/\/balkan.green\/sq\/\",\"name\":\"Balkan green\",\"description\":\"Welcome!\",\"potentialAction\":[{\"@type\":\"SearchAction\",\"target\":{\"@type\":\"EntryPoint\",\"urlTemplate\":\"https:\/\/balkan.green\/sq\/?s={search_term_string}\"},\"query-input\":\"required name=search_term_string\"}],\"inLanguage\":\"sq-AL\"}]}<\/script>\n<!-- \/ Yoast SEO plugin. -->","yoast_head_json":{"title":"Sllovenia - Balkan green","robots":{"index":"index","follow":"follow","max-snippet":"max-snippet:-1","max-image-preview":"max-image-preview:large","max-video-preview":"max-video-preview:-1"},"canonical":"https:\/\/balkan.green\/sq\/slovenia\/","og_locale":"sq_AL","og_type":"article","og_title":"Sllovenia - Balkan green","og_description":"Kur shikoni hart\u00ebn, Sllovenia duket e vog\u00ebl. Por kur jeni n\u00eb terren n\u00eb Slloveni, shpejt kuptoni se kjo vend i Europ\u00ebs Qendrore \u00ebsht\u00eb i madh n\u00eb \u00e7do m\u00ebnyr\u00eb q\u00eb ka r\u00ebnd\u00ebsi. Malet e m\u00ebdha, strategjit\u00eb e udh\u00ebtimit t\u00eb p\u00ebrgjegjsh\u00ebm, mikpritja dhe nj\u00eb zem\u00ebr v\u00ebrtet e madhe jan\u00eb t\u00eb gjitha aspekte t\u00eb m\u00ebdha t\u00eb k\u00ebsaj vendi, [&hellip;]","og_url":"https:\/\/balkan.green\/sq\/slovenia\/","og_site_name":"Balkan green","article_modified_time":"2023-07-18T09:03:51+00:00","og_image":[{"width":2500,"height":580,"url":"https:\/\/balkan.green\/wp-content\/uploads\/2022\/09\/SGGR_WEB-210604-0146.jpg","type":"image\/jpeg"}],"twitter_card":"summary_large_image","twitter_misc":{"Est. reading time":"2 minutes"},"schema":{"@context":"https:\/\/schema.org","@graph":[{"@type":"WebPage","@id":"https:\/\/balkan.green\/sq\/slovenia\/","url":"https:\/\/balkan.green\/sq\/slovenia\/","name":"Sllovenia - Balkan green","isPartOf":{"@id":"https:\/\/balkan.green\/sq\/#website"},"datePublished":"2022-09-19T11:17:10+00:00","dateModified":"2023-07-18T09:03:51+00:00","breadcrumb":{"@id":"https:\/\/balkan.green\/sq\/slovenia\/#breadcrumb"},"inLanguage":"sq-AL","potentialAction":[{"@type":"ReadAction","target":["https:\/\/balkan.green\/sq\/slovenia\/"]}]},{"@type":"BreadcrumbList","@id":"https:\/\/balkan.green\/sq\/slovenia\/#breadcrumb","itemListElement":[{"@type":"ListItem","position":1,"name":"Home","item":"https:\/\/balkan.green\/sq\/"},{"@type":"ListItem","position":2,"name":"Sllovenia"}]},{"@type":"WebSite","@id":"https:\/\/balkan.green\/sq\/#website","url":"https:\/\/balkan.green\/sq\/","name":"Balkan green","description":"Welcome!","potentialAction":[{"@type":"SearchAction","target":{"@type":"EntryPoint","urlTemplate":"https:\/\/balkan.green\/sq\/?s={search_term_string}"},"query-input":"required name=search_term_string"}],"inLanguage":"sq-AL"}]}},"_links":{"self":[{"href":"https:\/\/balkan.green\/sq\/wp-json\/wp\/v2\/pages\/815"}],"collection":[{"href":"https:\/\/balkan.green\/sq\/wp-json\/wp\/v2\/pages"}],"about":[{"href":"https:\/\/balkan.green\/sq\/wp-json\/wp\/v2\/types\/page"}],"author":[{"embeddable":true,"href":"https:\/\/balkan.green\/sq\/wp-json\/wp\/v2\/users\/2"}],"replies":[{"embeddable":true,"href":"https:\/\/balkan.green\/sq\/wp-json\/wp\/v2\/comments?post=815"}],"version-history":[{"count":1,"href":"https:\/\/balkan.green\/sq\/wp-json\/wp\/v2\/pages\/815\/revisions"}],"predecessor-version":[{"id":852,"href":"https:\/\/balkan.green\/sq\/wp-json\/wp\/v2\/pages\/815\/revisions\/852"}],"wp:featuredmedia":[{"embeddable":true,"href":"https:\/\/balkan.green\/sq\/wp-json\/wp\/v2\/media\/767"}],"wp:attachment":[{"href":"https:\/\/balkan.green\/sq\/wp-json\/wp\/v2\/media?parent=815"}],"curies":[{"name":"wp","href":"https:\/\/api.w.org\/{rel}","templated":true}]}}