{"id":816,"date":"2022-09-19T11:15:36","date_gmt":"2022-09-19T11:15:36","guid":{"rendered":"https:\/\/balkan.green\/north-macedonia\/"},"modified":"2023-07-18T09:03:18","modified_gmt":"2023-07-18T09:03:18","slug":"north-macedonia","status":"publish","type":"page","link":"https:\/\/balkan.green\/sq\/north-macedonia\/","title":{"rendered":"Maqedonia e Veriut"},"content":{"rendered":"<p>Maqedonia e Veriut &#8211; e vendosur n\u00eb zemr\u00ebn e Gadishullit Ballkanik n\u00eb Juglindje t\u00eb Evrop\u00ebs dhe e ngulfatur midis Greqis\u00eb, Shqip\u00ebris\u00eb, Serbis\u00eb dhe Bullgaris\u00eb &#8211; \u00ebsht\u00eb nj\u00eb\u00a0 p\u00ebrzierje e kulturave t\u00eb pasura, trash\u00ebgimis\u00eb, natyr\u00ebs dramatike dhe trash\u00ebgimis\u00eb mjaftueshm\u00ebrisht komplekse p\u00ebr t\u00eb qen\u00eb pjes\u00eb e historis\u00eb s\u00eb origjin\u00ebs s\u00eb civilizimit. Gjith\u00eb rajoni \u00ebsht\u00eb nj\u00eb p\u00ebrzierje e rrall\u00eb dhe t\u00eb brisht\u00eb e traditave, arkitektur\u00ebs dhe mrekullis\u00eb natyrore.<\/p>\n<p>Nga veriu n\u00eb jug, Maqedonia e Veriut po pret t\u00eb zbulohet nga udh\u00ebtar\u00ebt t\u00eb cil\u00ebt e meritojn\u00eb. Kryeqyteti i saj, Shkupi, me nj\u00eb popullsi rreth gjysm\u00eb milioni, \u00ebsht\u00eb nj\u00eb kombinim i historis\u00eb s\u00eb lasht\u00eb dhe modernitetit t\u00eb fundit. Liqeni Oh\u00ebr dhe qyteti q\u00eb ndan t\u00eb nj\u00ebjtin em\u00ebr, simbolet postare t\u00eb vendit n\u00eb jug t\u00eb larg\u00ebt, jan\u00eb t\u00eb regjistruara si nj\u00eb vend i UNESCO-s p\u00ebr r\u00ebnd\u00ebsin\u00eb e tyre natyrore dhe kulturore. Rrafshnaltat e shumta t\u00eb vendit, t\u00eb dominuara nga malet ikonike t\u00eb Sharrit, jan\u00eb t\u00eb mbushura me majat e m\u00ebdha dhe fshatra t\u00eb fshehura, por\u00a0 mikprit\u00ebs.<\/p>\n<p>Por, si\u00e7 do t&#8217;ju thot\u00eb \u00e7do maqedonas, ju nuk keni qen\u00eb v\u00ebrtet\u00eb k\u00ebtu deri sa nuk keni shijuar kuzhin\u00ebn e vendit, e cila \u00ebsht\u00eb nj\u00eb p\u00ebrzierje e motiveve turke, mesdhetare dhe ballkanike. Pasi keni shijuar ushqimin tuaj, dhe nd\u00ebrsa mendoni p\u00ebr t\u00eb gjitha vendet q\u00eb ende duhet t\u00eb vizitoni k\u00ebtu, uluni dhe shijoni nj\u00eb gll\u00ebnjk\u00eb t\u00eb pijes komb\u00ebtare, rakija, idealisht n\u00eb shoq\u00ebrin\u00eb e miqve tuaj maqedonas t\u00eb rehatsh\u00ebm dhe t\u00eb mikprit\u00ebs.<\/p>\n<p>&nbsp;<\/p>\n<p><img decoding=\"async\" loading=\"lazy\" class=\"alignnone size-full wp-image-402\" src=\"https:\/\/balkan.green\/wp-content\/uploads\/2022\/12\/HST_horse-riding_Bistra_5.jpg\" alt=\"\" width=\"2000\" height=\"1333\" srcset=\"https:\/\/balkan.green\/wp-content\/uploads\/2022\/12\/HST_horse-riding_Bistra_5.jpg 2000w, https:\/\/balkan.green\/wp-content\/uploads\/2022\/12\/HST_horse-riding_Bistra_5-800x533.jpg 800w, https:\/\/balkan.green\/wp-content\/uploads\/2022\/12\/HST_horse-riding_Bistra_5-1600x1066.jpg 1600w, https:\/\/balkan.green\/wp-content\/uploads\/2022\/12\/HST_horse-riding_Bistra_5-768x512.jpg 768w, https:\/\/balkan.green\/wp-content\/uploads\/2022\/12\/HST_horse-riding_Bistra_5-1536x1024.jpg 1536w, https:\/\/balkan.green\/wp-content\/uploads\/2022\/12\/HST_horse-riding_Bistra_5-1900x1266.jpg 1900w\" sizes=\"(max-width: 2000px) 100vw, 2000px\" \/><\/p>\n","protected":false},"excerpt":{"rendered":"<p>Maqedonia e Veriut &#8211; e vendosur n\u00eb zemr\u00ebn e Gadishullit Ballkanik n\u00eb Juglindje t\u00eb Evrop\u00ebs dhe e ngulfatur midis Greqis\u00eb, Shqip\u00ebris\u00eb, Serbis\u00eb dhe Bullgaris\u00eb &#8211; \u00ebsht\u00eb nj\u00eb\u00a0 p\u00ebrzierje e kulturave t\u00eb pasura, trash\u00ebgimis\u00eb, natyr\u00ebs dramatike dhe trash\u00ebgimis\u00eb mjaftueshm\u00ebrisht komplekse p\u00ebr t\u00eb qen\u00eb pjes\u00eb e historis\u00eb s\u00eb origjin\u00ebs s\u00eb civilizimit. Gjith\u00eb rajoni \u00ebsht\u00eb nj\u00eb p\u00ebrzierje e [&hellip;]<\/p>\n","protected":false},"author":2,"featured_media":765,"parent":0,"menu_order":0,"comment_status":"closed","ping_status":"closed","template":"","meta":{"footnotes":""},"acf":[],"yoast_head":"<!-- This site is optimized with the Yoast SEO plugin v21.5 - https:\/\/yoast.com\/wordpress\/plugins\/seo\/ -->\n<title>Maqedonia e Veriut - Balkan green<\/title>\n<meta name=\"robots\" content=\"index, follow, max-snippet:-1, max-image-preview:large, max-video-preview:-1\" \/>\n<link rel=\"canonical\" href=\"https:\/\/balkan.green\/sq\/north-macedonia\/\" \/>\n<meta property=\"og:locale\" content=\"sq_AL\" \/>\n<meta property=\"og:type\" content=\"article\" \/>\n<meta property=\"og:title\" content=\"Maqedonia e Veriut - Balkan green\" \/>\n<meta property=\"og:description\" content=\"Maqedonia e Veriut &#8211; e vendosur n\u00eb zemr\u00ebn e Gadishullit Ballkanik n\u00eb Juglindje t\u00eb Evrop\u00ebs dhe e ngulfatur midis Greqis\u00eb, Shqip\u00ebris\u00eb, Serbis\u00eb dhe Bullgaris\u00eb &#8211; \u00ebsht\u00eb nj\u00eb\u00a0 p\u00ebrzierje e kulturave t\u00eb pasura, trash\u00ebgimis\u00eb, natyr\u00ebs dramatike dhe trash\u00ebgimis\u00eb mjaftueshm\u00ebrisht komplekse p\u00ebr t\u00eb qen\u00eb pjes\u00eb e historis\u00eb s\u00eb origjin\u00ebs s\u00eb civilizimit. Gjith\u00eb rajoni \u00ebsht\u00eb nj\u00eb p\u00ebrzierje e [&hellip;]\" \/>\n<meta property=\"og:url\" content=\"https:\/\/balkan.green\/sq\/north-macedonia\/\" \/>\n<meta property=\"og:site_name\" content=\"Balkan green\" \/>\n<meta property=\"article:modified_time\" content=\"2023-07-18T09:03:18+00:00\" \/>\n<meta property=\"og:image\" content=\"https:\/\/balkan.green\/wp-content\/uploads\/2022\/09\/3_Mount-Jablanica.jpg\" \/>\n\t<meta property=\"og:image:width\" content=\"2500\" \/>\n\t<meta property=\"og:image:height\" content=\"580\" \/>\n\t<meta property=\"og:image:type\" content=\"image\/jpeg\" \/>\n<meta name=\"twitter:card\" content=\"summary_large_image\" \/>\n<meta name=\"twitter:label1\" content=\"Est. reading time\" \/>\n\t<meta name=\"twitter:data1\" content=\"2 minutes\" \/>\n<script type=\"application\/ld+json\" class=\"yoast-schema-graph\">{\"@context\":\"https:\/\/schema.org\",\"@graph\":[{\"@type\":\"WebPage\",\"@id\":\"https:\/\/balkan.green\/sq\/north-macedonia\/\",\"url\":\"https:\/\/balkan.green\/sq\/north-macedonia\/\",\"name\":\"Maqedonia e Veriut - Balkan green\",\"isPartOf\":{\"@id\":\"https:\/\/balkan.green\/sq\/#website\"},\"datePublished\":\"2022-09-19T11:15:36+00:00\",\"dateModified\":\"2023-07-18T09:03:18+00:00\",\"breadcrumb\":{\"@id\":\"https:\/\/balkan.green\/sq\/north-macedonia\/#breadcrumb\"},\"inLanguage\":\"sq-AL\",\"potentialAction\":[{\"@type\":\"ReadAction\",\"target\":[\"https:\/\/balkan.green\/sq\/north-macedonia\/\"]}]},{\"@type\":\"BreadcrumbList\",\"@id\":\"https:\/\/balkan.green\/sq\/north-macedonia\/#breadcrumb\",\"itemListElement\":[{\"@type\":\"ListItem\",\"position\":1,\"name\":\"Home\",\"item\":\"https:\/\/balkan.green\/sq\/\"},{\"@type\":\"ListItem\",\"position\":2,\"name\":\"Maqedonia e Veriut\"}]},{\"@type\":\"WebSite\",\"@id\":\"https:\/\/balkan.green\/sq\/#website\",\"url\":\"https:\/\/balkan.green\/sq\/\",\"name\":\"Balkan green\",\"description\":\"Welcome!\",\"potentialAction\":[{\"@type\":\"SearchAction\",\"target\":{\"@type\":\"EntryPoint\",\"urlTemplate\":\"https:\/\/balkan.green\/sq\/?s={search_term_string}\"},\"query-input\":\"required name=search_term_string\"}],\"inLanguage\":\"sq-AL\"}]}<\/script>\n<!-- \/ Yoast SEO plugin. -->","yoast_head_json":{"title":"Maqedonia e Veriut - Balkan green","robots":{"index":"index","follow":"follow","max-snippet":"max-snippet:-1","max-image-preview":"max-image-preview:large","max-video-preview":"max-video-preview:-1"},"canonical":"https:\/\/balkan.green\/sq\/north-macedonia\/","og_locale":"sq_AL","og_type":"article","og_title":"Maqedonia e Veriut - Balkan green","og_description":"Maqedonia e Veriut &#8211; e vendosur n\u00eb zemr\u00ebn e Gadishullit Ballkanik n\u00eb Juglindje t\u00eb Evrop\u00ebs dhe e ngulfatur midis Greqis\u00eb, Shqip\u00ebris\u00eb, Serbis\u00eb dhe Bullgaris\u00eb &#8211; \u00ebsht\u00eb nj\u00eb\u00a0 p\u00ebrzierje e kulturave t\u00eb pasura, trash\u00ebgimis\u00eb, natyr\u00ebs dramatike dhe trash\u00ebgimis\u00eb mjaftueshm\u00ebrisht komplekse p\u00ebr t\u00eb qen\u00eb pjes\u00eb e historis\u00eb s\u00eb origjin\u00ebs s\u00eb civilizimit. Gjith\u00eb rajoni \u00ebsht\u00eb nj\u00eb p\u00ebrzierje e [&hellip;]","og_url":"https:\/\/balkan.green\/sq\/north-macedonia\/","og_site_name":"Balkan green","article_modified_time":"2023-07-18T09:03:18+00:00","og_image":[{"width":2500,"height":580,"url":"https:\/\/balkan.green\/wp-content\/uploads\/2022\/09\/3_Mount-Jablanica.jpg","type":"image\/jpeg"}],"twitter_card":"summary_large_image","twitter_misc":{"Est. reading time":"2 minutes"},"schema":{"@context":"https:\/\/schema.org","@graph":[{"@type":"WebPage","@id":"https:\/\/balkan.green\/sq\/north-macedonia\/","url":"https:\/\/balkan.green\/sq\/north-macedonia\/","name":"Maqedonia e Veriut - Balkan green","isPartOf":{"@id":"https:\/\/balkan.green\/sq\/#website"},"datePublished":"2022-09-19T11:15:36+00:00","dateModified":"2023-07-18T09:03:18+00:00","breadcrumb":{"@id":"https:\/\/balkan.green\/sq\/north-macedonia\/#breadcrumb"},"inLanguage":"sq-AL","potentialAction":[{"@type":"ReadAction","target":["https:\/\/balkan.green\/sq\/north-macedonia\/"]}]},{"@type":"BreadcrumbList","@id":"https:\/\/balkan.green\/sq\/north-macedonia\/#breadcrumb","itemListElement":[{"@type":"ListItem","position":1,"name":"Home","item":"https:\/\/balkan.green\/sq\/"},{"@type":"ListItem","position":2,"name":"Maqedonia e Veriut"}]},{"@type":"WebSite","@id":"https:\/\/balkan.green\/sq\/#website","url":"https:\/\/balkan.green\/sq\/","name":"Balkan green","description":"Welcome!","potentialAction":[{"@type":"SearchAction","target":{"@type":"EntryPoint","urlTemplate":"https:\/\/balkan.green\/sq\/?s={search_term_string}"},"query-input":"required name=search_term_string"}],"inLanguage":"sq-AL"}]}},"_links":{"self":[{"href":"https:\/\/balkan.green\/sq\/wp-json\/wp\/v2\/pages\/816"}],"collection":[{"href":"https:\/\/balkan.green\/sq\/wp-json\/wp\/v2\/pages"}],"about":[{"href":"https:\/\/balkan.green\/sq\/wp-json\/wp\/v2\/types\/page"}],"author":[{"embeddable":true,"href":"https:\/\/balkan.green\/sq\/wp-json\/wp\/v2\/users\/2"}],"replies":[{"embeddable":true,"href":"https:\/\/balkan.green\/sq\/wp-json\/wp\/v2\/comments?post=816"}],"version-history":[{"count":1,"href":"https:\/\/balkan.green\/sq\/wp-json\/wp\/v2\/pages\/816\/revisions"}],"predecessor-version":[{"id":851,"href":"https:\/\/balkan.green\/sq\/wp-json\/wp\/v2\/pages\/816\/revisions\/851"}],"wp:featuredmedia":[{"embeddable":true,"href":"https:\/\/balkan.green\/sq\/wp-json\/wp\/v2\/media\/765"}],"wp:attachment":[{"href":"https:\/\/balkan.green\/sq\/wp-json\/wp\/v2\/media?parent=816"}],"curies":[{"name":"wp","href":"https:\/\/api.w.org\/{rel}","templated":true}]}}