{"id":817,"date":"2022-09-19T11:14:08","date_gmt":"2022-09-19T11:14:08","guid":{"rendered":"https:\/\/balkan.green\/montenegro\/"},"modified":"2023-07-18T09:02:47","modified_gmt":"2023-07-18T09:02:47","slug":"montenegro","status":"publish","type":"page","link":"https:\/\/balkan.green\/sq\/montenegro\/","title":{"rendered":"Mal i Zi"},"content":{"rendered":"<p>Mal i Zi &#8211; &#8220;Bukuria e Eg\u00ebr&#8221; &#8211; \u00ebsht\u00eb nj\u00eb vend i vog\u00ebl me karizm\u00eb, t\u00ebrheq\u00ebs dhe misterioz. N\u00eb kufirin per\u00ebndimor t\u00eb Gadishullit Ballkanik dhe duke e mbajtur Detin Adriatik, Mal i Zi \u00ebsht\u00eb nj\u00eb kombinim i peizazheve t\u00eb fort\u00eb, maleve t\u00eb ashp\u00ebr, diversitetit kulturor dhe historis\u00eb s\u00eb pasur, dhe tashm\u00ebs moderne.<\/p>\n<p>Me nj\u00eb bregdet q\u00eb i takon nd\u00ebr vendet m\u00eb spektakolare bregdetare n\u00eb Evrop\u00eb, Mal i Zi ka gjithashtu fatin t\u00eb ket\u00eb pes\u00eb parqe komb\u00ebtare, si dhe sh\u00ebtitje n\u00eb shk\u00ebmbinj, ecje n\u00eb bi\u00e7iklet\u00eb, rafting, skijim dhe kanyoning t\u00eb nivelit bot\u00ebror. Shkuarja &#8220;jasht\u00eb rrug\u00ebve t\u00eb shtruara&#8221; mund t\u00eb jet\u00eb nj\u00eb fraz\u00eb e p\u00ebrdorur shpesh, por udh\u00ebtar\u00ebt aventurier\u00eb vijn\u00eb n\u00eb Mal t\u00eb Zi pik\u00ebrisht p\u00ebr k\u00ebt\u00eb, shansin p\u00ebr t\u00eb humbur veten n\u00eb nj\u00eb vend ku koha dhe prioritete t\u00eb shpejta jan\u00eb harruar. Eksploruesit ndjekin rrug\u00ebt e bajraktar\u00ebve dhe ndryshimin e ngjyrave t\u00eb deg\u00ebve malore dhe uj\u00ebrave t\u00eb egra. Ata ndajn\u00eb buk\u00ebn me vendasit. Ata \u2013 ashtu si ju &#8211; vijn\u00eb p\u00ebr t\u00eb shkruar dhe shkruar p\u00ebrs\u00ebri historit\u00eb e tyre personale nd\u00ebrsa ngadal\u00ebsohen n\u00eb koh\u00eb dhe\u00a0 e l\u00ebn\u00eb t\u00eb rrjedh\u00eb.<\/p>\n<p>&nbsp;<\/p>\n<p><img decoding=\"async\" loading=\"lazy\" class=\"aligncenter size-full wp-image-34\" src=\"https:\/\/balkan.green\/wp-content\/uploads\/2022\/09\/Biking_Lukavica_Zurim_cover.jpg\" alt=\"\" width=\"2500\" height=\"1652\" srcset=\"https:\/\/balkan.green\/wp-content\/uploads\/2022\/09\/Biking_Lukavica_Zurim_cover.jpg 2500w, https:\/\/balkan.green\/wp-content\/uploads\/2022\/09\/Biking_Lukavica_Zurim_cover-800x529.jpg 800w, https:\/\/balkan.green\/wp-content\/uploads\/2022\/09\/Biking_Lukavica_Zurim_cover-1600x1057.jpg 1600w, https:\/\/balkan.green\/wp-content\/uploads\/2022\/09\/Biking_Lukavica_Zurim_cover-768x507.jpg 768w, https:\/\/balkan.green\/wp-content\/uploads\/2022\/09\/Biking_Lukavica_Zurim_cover-1536x1015.jpg 1536w, https:\/\/balkan.green\/wp-content\/uploads\/2022\/09\/Biking_Lukavica_Zurim_cover-2048x1353.jpg 2048w, https:\/\/balkan.green\/wp-content\/uploads\/2022\/09\/Biking_Lukavica_Zurim_cover-1900x1256.jpg 1900w\" sizes=\"(max-width: 2500px) 100vw, 2500px\" \/><\/p>\n<div style=\"position: static !important;\"><\/div>\n","protected":false},"excerpt":{"rendered":"<p>Mal i Zi &#8211; &#8220;Bukuria e Eg\u00ebr&#8221; &#8211; \u00ebsht\u00eb nj\u00eb vend i vog\u00ebl me karizm\u00eb, t\u00ebrheq\u00ebs dhe misterioz. N\u00eb kufirin per\u00ebndimor t\u00eb Gadishullit Ballkanik dhe duke e mbajtur Detin Adriatik, Mal i Zi \u00ebsht\u00eb nj\u00eb kombinim i peizazheve t\u00eb fort\u00eb, maleve t\u00eb ashp\u00ebr, diversitetit kulturor dhe historis\u00eb s\u00eb pasur, dhe tashm\u00ebs moderne. Me nj\u00eb bregdet [&hellip;]<\/p>\n","protected":false},"author":2,"featured_media":763,"parent":0,"menu_order":0,"comment_status":"closed","ping_status":"closed","template":"","meta":{"footnotes":""},"acf":[],"yoast_head":"<!-- This site is optimized with the Yoast SEO plugin v21.5 - https:\/\/yoast.com\/wordpress\/plugins\/seo\/ -->\n<title>Mal i Zi - Balkan green<\/title>\n<meta name=\"robots\" content=\"index, follow, max-snippet:-1, max-image-preview:large, max-video-preview:-1\" \/>\n<link rel=\"canonical\" href=\"https:\/\/balkan.green\/sq\/montenegro\/\" \/>\n<meta property=\"og:locale\" content=\"sq_AL\" \/>\n<meta property=\"og:type\" content=\"article\" \/>\n<meta property=\"og:title\" content=\"Mal i Zi - Balkan green\" \/>\n<meta property=\"og:description\" content=\"Mal i Zi &#8211; &#8220;Bukuria e Eg\u00ebr&#8221; &#8211; \u00ebsht\u00eb nj\u00eb vend i vog\u00ebl me karizm\u00eb, t\u00ebrheq\u00ebs dhe misterioz. N\u00eb kufirin per\u00ebndimor t\u00eb Gadishullit Ballkanik dhe duke e mbajtur Detin Adriatik, Mal i Zi \u00ebsht\u00eb nj\u00eb kombinim i peizazheve t\u00eb fort\u00eb, maleve t\u00eb ashp\u00ebr, diversitetit kulturor dhe historis\u00eb s\u00eb pasur, dhe tashm\u00ebs moderne. Me nj\u00eb bregdet [&hellip;]\" \/>\n<meta property=\"og:url\" content=\"https:\/\/balkan.green\/sq\/montenegro\/\" \/>\n<meta property=\"og:site_name\" content=\"Balkan green\" \/>\n<meta property=\"article:modified_time\" content=\"2023-07-18T09:02:47+00:00\" \/>\n<meta property=\"og:image\" content=\"https:\/\/balkan.green\/wp-content\/uploads\/2022\/09\/Rafting-RiverTara-Montenegro-Photo-NTO-Montenegro.jpg\" \/>\n\t<meta property=\"og:image:width\" content=\"2500\" \/>\n\t<meta property=\"og:image:height\" content=\"580\" \/>\n\t<meta property=\"og:image:type\" content=\"image\/jpeg\" \/>\n<meta name=\"twitter:card\" content=\"summary_large_image\" \/>\n<meta name=\"twitter:label1\" content=\"Est. reading time\" \/>\n\t<meta name=\"twitter:data1\" content=\"1 minute\" \/>\n<script type=\"application\/ld+json\" class=\"yoast-schema-graph\">{\"@context\":\"https:\/\/schema.org\",\"@graph\":[{\"@type\":\"WebPage\",\"@id\":\"https:\/\/balkan.green\/sq\/montenegro\/\",\"url\":\"https:\/\/balkan.green\/sq\/montenegro\/\",\"name\":\"Mal i Zi - Balkan green\",\"isPartOf\":{\"@id\":\"https:\/\/balkan.green\/sq\/#website\"},\"datePublished\":\"2022-09-19T11:14:08+00:00\",\"dateModified\":\"2023-07-18T09:02:47+00:00\",\"breadcrumb\":{\"@id\":\"https:\/\/balkan.green\/sq\/montenegro\/#breadcrumb\"},\"inLanguage\":\"sq-AL\",\"potentialAction\":[{\"@type\":\"ReadAction\",\"target\":[\"https:\/\/balkan.green\/sq\/montenegro\/\"]}]},{\"@type\":\"BreadcrumbList\",\"@id\":\"https:\/\/balkan.green\/sq\/montenegro\/#breadcrumb\",\"itemListElement\":[{\"@type\":\"ListItem\",\"position\":1,\"name\":\"Home\",\"item\":\"https:\/\/balkan.green\/sq\/\"},{\"@type\":\"ListItem\",\"position\":2,\"name\":\"Mal i Zi\"}]},{\"@type\":\"WebSite\",\"@id\":\"https:\/\/balkan.green\/sq\/#website\",\"url\":\"https:\/\/balkan.green\/sq\/\",\"name\":\"Balkan green\",\"description\":\"Welcome!\",\"potentialAction\":[{\"@type\":\"SearchAction\",\"target\":{\"@type\":\"EntryPoint\",\"urlTemplate\":\"https:\/\/balkan.green\/sq\/?s={search_term_string}\"},\"query-input\":\"required name=search_term_string\"}],\"inLanguage\":\"sq-AL\"}]}<\/script>\n<!-- \/ Yoast SEO plugin. -->","yoast_head_json":{"title":"Mal i Zi - Balkan green","robots":{"index":"index","follow":"follow","max-snippet":"max-snippet:-1","max-image-preview":"max-image-preview:large","max-video-preview":"max-video-preview:-1"},"canonical":"https:\/\/balkan.green\/sq\/montenegro\/","og_locale":"sq_AL","og_type":"article","og_title":"Mal i Zi - Balkan green","og_description":"Mal i Zi &#8211; &#8220;Bukuria e Eg\u00ebr&#8221; &#8211; \u00ebsht\u00eb nj\u00eb vend i vog\u00ebl me karizm\u00eb, t\u00ebrheq\u00ebs dhe misterioz. N\u00eb kufirin per\u00ebndimor t\u00eb Gadishullit Ballkanik dhe duke e mbajtur Detin Adriatik, Mal i Zi \u00ebsht\u00eb nj\u00eb kombinim i peizazheve t\u00eb fort\u00eb, maleve t\u00eb ashp\u00ebr, diversitetit kulturor dhe historis\u00eb s\u00eb pasur, dhe tashm\u00ebs moderne. Me nj\u00eb bregdet [&hellip;]","og_url":"https:\/\/balkan.green\/sq\/montenegro\/","og_site_name":"Balkan green","article_modified_time":"2023-07-18T09:02:47+00:00","og_image":[{"width":2500,"height":580,"url":"https:\/\/balkan.green\/wp-content\/uploads\/2022\/09\/Rafting-RiverTara-Montenegro-Photo-NTO-Montenegro.jpg","type":"image\/jpeg"}],"twitter_card":"summary_large_image","twitter_misc":{"Est. reading time":"1 minute"},"schema":{"@context":"https:\/\/schema.org","@graph":[{"@type":"WebPage","@id":"https:\/\/balkan.green\/sq\/montenegro\/","url":"https:\/\/balkan.green\/sq\/montenegro\/","name":"Mal i Zi - Balkan green","isPartOf":{"@id":"https:\/\/balkan.green\/sq\/#website"},"datePublished":"2022-09-19T11:14:08+00:00","dateModified":"2023-07-18T09:02:47+00:00","breadcrumb":{"@id":"https:\/\/balkan.green\/sq\/montenegro\/#breadcrumb"},"inLanguage":"sq-AL","potentialAction":[{"@type":"ReadAction","target":["https:\/\/balkan.green\/sq\/montenegro\/"]}]},{"@type":"BreadcrumbList","@id":"https:\/\/balkan.green\/sq\/montenegro\/#breadcrumb","itemListElement":[{"@type":"ListItem","position":1,"name":"Home","item":"https:\/\/balkan.green\/sq\/"},{"@type":"ListItem","position":2,"name":"Mal i Zi"}]},{"@type":"WebSite","@id":"https:\/\/balkan.green\/sq\/#website","url":"https:\/\/balkan.green\/sq\/","name":"Balkan green","description":"Welcome!","potentialAction":[{"@type":"SearchAction","target":{"@type":"EntryPoint","urlTemplate":"https:\/\/balkan.green\/sq\/?s={search_term_string}"},"query-input":"required name=search_term_string"}],"inLanguage":"sq-AL"}]}},"_links":{"self":[{"href":"https:\/\/balkan.green\/sq\/wp-json\/wp\/v2\/pages\/817"}],"collection":[{"href":"https:\/\/balkan.green\/sq\/wp-json\/wp\/v2\/pages"}],"about":[{"href":"https:\/\/balkan.green\/sq\/wp-json\/wp\/v2\/types\/page"}],"author":[{"embeddable":true,"href":"https:\/\/balkan.green\/sq\/wp-json\/wp\/v2\/users\/2"}],"replies":[{"embeddable":true,"href":"https:\/\/balkan.green\/sq\/wp-json\/wp\/v2\/comments?post=817"}],"version-history":[{"count":2,"href":"https:\/\/balkan.green\/sq\/wp-json\/wp\/v2\/pages\/817\/revisions"}],"predecessor-version":[{"id":850,"href":"https:\/\/balkan.green\/sq\/wp-json\/wp\/v2\/pages\/817\/revisions\/850"}],"wp:featuredmedia":[{"embeddable":true,"href":"https:\/\/balkan.green\/sq\/wp-json\/wp\/v2\/media\/763"}],"wp:attachment":[{"href":"https:\/\/balkan.green\/sq\/wp-json\/wp\/v2\/media?parent=817"}],"curies":[{"name":"wp","href":"https:\/\/api.w.org\/{rel}","templated":true}]}}