{"id":818,"date":"2022-09-19T11:12:44","date_gmt":"2022-09-19T11:12:44","guid":{"rendered":"https:\/\/balkan.green\/bosnia-and-herzegovina\/"},"modified":"2023-07-18T09:02:10","modified_gmt":"2023-07-18T09:02:10","slug":"bosnia-and-herzegovina","status":"publish","type":"page","link":"https:\/\/balkan.green\/sq\/bosnia-and-herzegovina\/","title":{"rendered":"Bosnja dhe Hercegovina"},"content":{"rendered":"<p>Bosnja dhe Hercegovina \u00ebsht\u00eb shum\u00eb m\u00eb shum\u00eb se nj\u00eb vend p\u00ebr t\u00eb vizituar. \u00cbsht\u00eb nj\u00eb vend ku shkoni p\u00ebr t\u00eb rikthyer lidhjen me natyr\u00ebn, historin\u00eb dhe njer\u00ebzit t\u00eb cil\u00ebt njihen p\u00ebr ngroht\u00ebsin\u00eb dhe mikpritjen e tyre.<\/p>\n<p>Ky vend i bukur me form\u00eb zemre n\u00eb Juglindje t\u00eb Evrop\u00ebs mbulon m\u00eb shum\u00eb se 50,000 kilometra katror\u00eb dhe zgjat midis Kroacis\u00eb, Serbis\u00eb dhe Malit t\u00eb Zi &#8211; duke lidhur malet me Detin Adriatik. Qendra e pandar\u00eb e aventurave jasht\u00eb dhe jasht\u00eb z\u00ebrit t\u00eb Ballkanit Per\u00ebndimor, Bosnja dhe Hercegovina paraqet at\u00eb q\u00eb \u00ebsht\u00eb m\u00eb e mira p\u00ebr rajonin: Alpet Dinarike t\u00eb ashp\u00ebr, fshatrat e izoluara n\u00eb male, nj\u00eb p\u00ebrzierje e kulturave dhe traditave t\u00eb pasura, dhe nj\u00eb histori t\u00ebrheq\u00ebse, komplekse dhe t\u00eb gjat\u00eb.<\/p>\n<p>Brenda k\u00ebtij vendi, i cili ka nj\u00eb popullsi mbi 3 milion\u00eb, kanione t\u00eb thella, majat e thepisura dhe lumenj t\u00eb ndritsh\u00ebm me uj\u00eb smarald kryq\u00ebzojn\u00eb peisazhin. Jo pa shkak, Bosnja dhe Hercegovina ka qen\u00eb vend-prit\u00ebsja e shum\u00eb Kampionateve Bot\u00ebrore t\u00eb rafting-ut, si dhe ngjarjeve t\u00eb kal\u00ebrimit, skijimit dhe vrapimit. Vend i ka p\u00ebr t\u00eb lavd\u00ebruar gjithashtu 380 kilometra t\u00eb Rrug\u00ebs Megaturistike Via Dinarica, e cila lidh t\u00eb gjitha tet\u00eb vendet e Ballkanit Per\u00ebndimor (nga Sllovenia n\u00eb Maqedonin\u00eb e Veriut). Revista National Geographic e quajti Via Dinarica nj\u00eb nga p\u00ebrvojat m\u00eb t\u00eb mira t\u00eb udh\u00ebtimit n\u00eb bot\u00eb.<\/p>\n<p>&nbsp;<\/p>\n<p><img decoding=\"async\" loading=\"lazy\" class=\"aligncenter size-full wp-image-30\" src=\"https:\/\/balkan.green\/wp-content\/uploads\/2022\/09\/Bjelasnica_Dugo-Polje_Bosnia.jpg\" alt=\"\" width=\"2500\" height=\"1667\" srcset=\"https:\/\/balkan.green\/wp-content\/uploads\/2022\/09\/Bjelasnica_Dugo-Polje_Bosnia.jpg 2500w, https:\/\/balkan.green\/wp-content\/uploads\/2022\/09\/Bjelasnica_Dugo-Polje_Bosnia-800x533.jpg 800w, https:\/\/balkan.green\/wp-content\/uploads\/2022\/09\/Bjelasnica_Dugo-Polje_Bosnia-1600x1067.jpg 1600w, https:\/\/balkan.green\/wp-content\/uploads\/2022\/09\/Bjelasnica_Dugo-Polje_Bosnia-768x512.jpg 768w, https:\/\/balkan.green\/wp-content\/uploads\/2022\/09\/Bjelasnica_Dugo-Polje_Bosnia-1536x1024.jpg 1536w, https:\/\/balkan.green\/wp-content\/uploads\/2022\/09\/Bjelasnica_Dugo-Polje_Bosnia-2048x1366.jpg 2048w, https:\/\/balkan.green\/wp-content\/uploads\/2022\/09\/Bjelasnica_Dugo-Polje_Bosnia-1900x1267.jpg 1900w\" sizes=\"(max-width: 2500px) 100vw, 2500px\" \/><\/p>\n<p>&nbsp;<\/p>\n<div style=\"position: static !important;\"><\/div>\n","protected":false},"excerpt":{"rendered":"<p>Bosnja dhe Hercegovina \u00ebsht\u00eb shum\u00eb m\u00eb shum\u00eb se nj\u00eb vend p\u00ebr t\u00eb vizituar. \u00cbsht\u00eb nj\u00eb vend ku shkoni p\u00ebr t\u00eb rikthyer lidhjen me natyr\u00ebn, historin\u00eb dhe njer\u00ebzit t\u00eb cil\u00ebt njihen p\u00ebr ngroht\u00ebsin\u00eb dhe mikpritjen e tyre. Ky vend i bukur me form\u00eb zemre n\u00eb Juglindje t\u00eb Evrop\u00ebs mbulon m\u00eb shum\u00eb se 50,000 kilometra katror\u00eb dhe [&hellip;]<\/p>\n","protected":false},"author":2,"featured_media":761,"parent":0,"menu_order":0,"comment_status":"closed","ping_status":"closed","template":"","meta":{"footnotes":""},"acf":[],"yoast_head":"<!-- This site is optimized with the Yoast SEO plugin v21.5 - https:\/\/yoast.com\/wordpress\/plugins\/seo\/ -->\n<title>Bosnja dhe Hercegovina - Balkan green<\/title>\n<meta name=\"robots\" content=\"index, follow, max-snippet:-1, max-image-preview:large, max-video-preview:-1\" \/>\n<link rel=\"canonical\" href=\"https:\/\/balkan.green\/sq\/bosnia-and-herzegovina\/\" \/>\n<meta property=\"og:locale\" content=\"sq_AL\" \/>\n<meta property=\"og:type\" content=\"article\" \/>\n<meta property=\"og:title\" content=\"Bosnja dhe Hercegovina - Balkan green\" \/>\n<meta property=\"og:description\" content=\"Bosnja dhe Hercegovina \u00ebsht\u00eb shum\u00eb m\u00eb shum\u00eb se nj\u00eb vend p\u00ebr t\u00eb vizituar. \u00cbsht\u00eb nj\u00eb vend ku shkoni p\u00ebr t\u00eb rikthyer lidhjen me natyr\u00ebn, historin\u00eb dhe njer\u00ebzit t\u00eb cil\u00ebt njihen p\u00ebr ngroht\u00ebsin\u00eb dhe mikpritjen e tyre. Ky vend i bukur me form\u00eb zemre n\u00eb Juglindje t\u00eb Evrop\u00ebs mbulon m\u00eb shum\u00eb se 50,000 kilometra katror\u00eb dhe [&hellip;]\" \/>\n<meta property=\"og:url\" content=\"https:\/\/balkan.green\/sq\/bosnia-and-herzegovina\/\" \/>\n<meta property=\"og:site_name\" content=\"Balkan green\" \/>\n<meta property=\"article:modified_time\" content=\"2023-07-18T09:02:10+00:00\" \/>\n<meta property=\"og:image\" content=\"https:\/\/balkan.green\/wp-content\/uploads\/2022\/09\/Lukomir_Village_Bosnia.jpg\" \/>\n\t<meta property=\"og:image:width\" content=\"2500\" \/>\n\t<meta property=\"og:image:height\" content=\"580\" \/>\n\t<meta property=\"og:image:type\" content=\"image\/jpeg\" \/>\n<meta name=\"twitter:card\" content=\"summary_large_image\" \/>\n<meta name=\"twitter:label1\" content=\"Est. reading time\" \/>\n\t<meta name=\"twitter:data1\" content=\"2 minutes\" \/>\n<script type=\"application\/ld+json\" class=\"yoast-schema-graph\">{\"@context\":\"https:\/\/schema.org\",\"@graph\":[{\"@type\":\"WebPage\",\"@id\":\"https:\/\/balkan.green\/sq\/bosnia-and-herzegovina\/\",\"url\":\"https:\/\/balkan.green\/sq\/bosnia-and-herzegovina\/\",\"name\":\"Bosnja dhe Hercegovina - Balkan green\",\"isPartOf\":{\"@id\":\"https:\/\/balkan.green\/sq\/#website\"},\"datePublished\":\"2022-09-19T11:12:44+00:00\",\"dateModified\":\"2023-07-18T09:02:10+00:00\",\"breadcrumb\":{\"@id\":\"https:\/\/balkan.green\/sq\/bosnia-and-herzegovina\/#breadcrumb\"},\"inLanguage\":\"sq-AL\",\"potentialAction\":[{\"@type\":\"ReadAction\",\"target\":[\"https:\/\/balkan.green\/sq\/bosnia-and-herzegovina\/\"]}]},{\"@type\":\"BreadcrumbList\",\"@id\":\"https:\/\/balkan.green\/sq\/bosnia-and-herzegovina\/#breadcrumb\",\"itemListElement\":[{\"@type\":\"ListItem\",\"position\":1,\"name\":\"Home\",\"item\":\"https:\/\/balkan.green\/sq\/\"},{\"@type\":\"ListItem\",\"position\":2,\"name\":\"Bosnja dhe Hercegovina\"}]},{\"@type\":\"WebSite\",\"@id\":\"https:\/\/balkan.green\/sq\/#website\",\"url\":\"https:\/\/balkan.green\/sq\/\",\"name\":\"Balkan green\",\"description\":\"Welcome!\",\"potentialAction\":[{\"@type\":\"SearchAction\",\"target\":{\"@type\":\"EntryPoint\",\"urlTemplate\":\"https:\/\/balkan.green\/sq\/?s={search_term_string}\"},\"query-input\":\"required name=search_term_string\"}],\"inLanguage\":\"sq-AL\"}]}<\/script>\n<!-- \/ Yoast SEO plugin. -->","yoast_head_json":{"title":"Bosnja dhe Hercegovina - Balkan green","robots":{"index":"index","follow":"follow","max-snippet":"max-snippet:-1","max-image-preview":"max-image-preview:large","max-video-preview":"max-video-preview:-1"},"canonical":"https:\/\/balkan.green\/sq\/bosnia-and-herzegovina\/","og_locale":"sq_AL","og_type":"article","og_title":"Bosnja dhe Hercegovina - Balkan green","og_description":"Bosnja dhe Hercegovina \u00ebsht\u00eb shum\u00eb m\u00eb shum\u00eb se nj\u00eb vend p\u00ebr t\u00eb vizituar. \u00cbsht\u00eb nj\u00eb vend ku shkoni p\u00ebr t\u00eb rikthyer lidhjen me natyr\u00ebn, historin\u00eb dhe njer\u00ebzit t\u00eb cil\u00ebt njihen p\u00ebr ngroht\u00ebsin\u00eb dhe mikpritjen e tyre. Ky vend i bukur me form\u00eb zemre n\u00eb Juglindje t\u00eb Evrop\u00ebs mbulon m\u00eb shum\u00eb se 50,000 kilometra katror\u00eb dhe [&hellip;]","og_url":"https:\/\/balkan.green\/sq\/bosnia-and-herzegovina\/","og_site_name":"Balkan green","article_modified_time":"2023-07-18T09:02:10+00:00","og_image":[{"width":2500,"height":580,"url":"https:\/\/balkan.green\/wp-content\/uploads\/2022\/09\/Lukomir_Village_Bosnia.jpg","type":"image\/jpeg"}],"twitter_card":"summary_large_image","twitter_misc":{"Est. reading time":"2 minutes"},"schema":{"@context":"https:\/\/schema.org","@graph":[{"@type":"WebPage","@id":"https:\/\/balkan.green\/sq\/bosnia-and-herzegovina\/","url":"https:\/\/balkan.green\/sq\/bosnia-and-herzegovina\/","name":"Bosnja dhe Hercegovina - Balkan green","isPartOf":{"@id":"https:\/\/balkan.green\/sq\/#website"},"datePublished":"2022-09-19T11:12:44+00:00","dateModified":"2023-07-18T09:02:10+00:00","breadcrumb":{"@id":"https:\/\/balkan.green\/sq\/bosnia-and-herzegovina\/#breadcrumb"},"inLanguage":"sq-AL","potentialAction":[{"@type":"ReadAction","target":["https:\/\/balkan.green\/sq\/bosnia-and-herzegovina\/"]}]},{"@type":"BreadcrumbList","@id":"https:\/\/balkan.green\/sq\/bosnia-and-herzegovina\/#breadcrumb","itemListElement":[{"@type":"ListItem","position":1,"name":"Home","item":"https:\/\/balkan.green\/sq\/"},{"@type":"ListItem","position":2,"name":"Bosnja dhe Hercegovina"}]},{"@type":"WebSite","@id":"https:\/\/balkan.green\/sq\/#website","url":"https:\/\/balkan.green\/sq\/","name":"Balkan green","description":"Welcome!","potentialAction":[{"@type":"SearchAction","target":{"@type":"EntryPoint","urlTemplate":"https:\/\/balkan.green\/sq\/?s={search_term_string}"},"query-input":"required name=search_term_string"}],"inLanguage":"sq-AL"}]}},"_links":{"self":[{"href":"https:\/\/balkan.green\/sq\/wp-json\/wp\/v2\/pages\/818"}],"collection":[{"href":"https:\/\/balkan.green\/sq\/wp-json\/wp\/v2\/pages"}],"about":[{"href":"https:\/\/balkan.green\/sq\/wp-json\/wp\/v2\/types\/page"}],"author":[{"embeddable":true,"href":"https:\/\/balkan.green\/sq\/wp-json\/wp\/v2\/users\/2"}],"replies":[{"embeddable":true,"href":"https:\/\/balkan.green\/sq\/wp-json\/wp\/v2\/comments?post=818"}],"version-history":[{"count":1,"href":"https:\/\/balkan.green\/sq\/wp-json\/wp\/v2\/pages\/818\/revisions"}],"predecessor-version":[{"id":848,"href":"https:\/\/balkan.green\/sq\/wp-json\/wp\/v2\/pages\/818\/revisions\/848"}],"wp:featuredmedia":[{"embeddable":true,"href":"https:\/\/balkan.green\/sq\/wp-json\/wp\/v2\/media\/761"}],"wp:attachment":[{"href":"https:\/\/balkan.green\/sq\/wp-json\/wp\/v2\/media?parent=818"}],"curies":[{"name":"wp","href":"https:\/\/api.w.org\/{rel}","templated":true}]}}