{"id":819,"date":"2022-09-19T11:10:57","date_gmt":"2022-09-19T11:10:57","guid":{"rendered":"https:\/\/balkan.green\/albania\/"},"modified":"2023-07-18T09:01:34","modified_gmt":"2023-07-18T09:01:34","slug":"albania","status":"publish","type":"page","link":"https:\/\/balkan.green\/sq\/albania\/","title":{"rendered":"Shqip\u00ebria"},"content":{"rendered":"<p>Shqip\u00ebria \u00ebsht\u00eb nj\u00eb vend me superlativa. Kjo pjes\u00eb e tok\u00ebs q\u00eb ndodhet midis Alpeve Dinarike dhe Detit Adriatik ka nj\u00eb nga historit\u00eb m\u00eb komplekse dhe unike n\u00eb t\u00eb gjith\u00eb Evrop\u00ebn&#8230; dhe nj\u00eb nga peizazhet m\u00eb t\u00eb bukura.<\/p>\n<p>Pavar\u00ebsisht nga pushtimet e radh\u00ebs n\u00eb gjith\u00eb historin\u00eb e tyre, shqiptar\u00ebt ruajt\u00ebn gjuh\u00ebn dhe kultur\u00ebn e tyre t\u00eb lasht\u00eb. Besnik\u00ebria dhe &#8220;besa&#8221;, ose fjala e dh\u00ebn\u00eb, jan\u00eb t\u00eb shenjta k\u00ebtu. Konceptet bashkojn\u00eb njer\u00ebzit n\u00ebp\u00ebrmjet shum\u00eb sfidash, duke p\u00ebrfshir\u00eb dekadat e izolimit komunist. Kjo ka krijuar nj\u00eb Shqip\u00ebri moderne q\u00eb \u00ebsht\u00eb sekulare dhe e tolerueshme n\u00eb aspektin fetar, por me shqyrtim tradicional rreth mikpritjes.<\/p>\n<p>N\u00eb Shqip\u00ebri, traditat dhe teknologjia p\u00ebrplasen n\u00eb m\u00ebnyra interesante. Megjith\u00ebse ende \u00ebsht\u00eb nj\u00eb ekonomi me baz\u00eb monedhore, shum\u00eb sh\u00ebrbime biznesi dhe qeverie jan\u00eb m\u00eb t\u00eb digitalizuara se vendet fqinje. Gjat\u00eb udh\u00ebtimit n\u00eb Shqip\u00ebri, p\u00ebrgatituni t\u00eb ndaloni p\u00ebr kalimin e dhive, madje edhe n\u00eb rivier\u00ebn e paprekur. Kultura e kafes\u00eb e b\u00ebn at\u00eb nj\u00eb nga m\u00eb t\u00eb mirat n\u00eb Evrop\u00eb; atmosfera e kafeneve konkurron leht\u00ebsisht Vjen\u00ebn ose Rom\u00ebn.<\/p>\n<p>Fakt interesant: Shqip\u00ebria ishte vet\u00ebm vendi n\u00eb Evrop\u00eb q\u00eb pas Luft\u00ebs s\u00eb Dyt\u00eb Bot\u00ebrore kishte m\u00eb shum\u00eb hebrenj se sa n\u00eb fillim &#8211; edhe pse ishte e z\u00ebn\u00eb nga italian\u00ebt dhe nazist\u00ebt gjerman\u00eb &#8211; p\u00ebr shkak t\u00eb premtimit t\u00eb Shqip\u00ebris\u00eb, &#8220;besa&#8221;, p\u00ebr t&#8217;i fshehur dhe i mbrojtur ata.<\/p>\n<p>&nbsp;<\/p>\n<p><img decoding=\"async\" loading=\"lazy\" class=\"aligncenter size-full wp-image-26\" src=\"https:\/\/balkan.green\/wp-content\/uploads\/2022\/09\/Zvernec-island-Old-Church-Vlora-.jpg\" alt=\"\" width=\"2500\" height=\"1786\" srcset=\"https:\/\/balkan.green\/wp-content\/uploads\/2022\/09\/Zvernec-island-Old-Church-Vlora-.jpg 2500w, https:\/\/balkan.green\/wp-content\/uploads\/2022\/09\/Zvernec-island-Old-Church-Vlora--800x572.jpg 800w, https:\/\/balkan.green\/wp-content\/uploads\/2022\/09\/Zvernec-island-Old-Church-Vlora--1600x1143.jpg 1600w, https:\/\/balkan.green\/wp-content\/uploads\/2022\/09\/Zvernec-island-Old-Church-Vlora--768x549.jpg 768w, https:\/\/balkan.green\/wp-content\/uploads\/2022\/09\/Zvernec-island-Old-Church-Vlora--1536x1097.jpg 1536w, https:\/\/balkan.green\/wp-content\/uploads\/2022\/09\/Zvernec-island-Old-Church-Vlora--2048x1463.jpg 2048w, https:\/\/balkan.green\/wp-content\/uploads\/2022\/09\/Zvernec-island-Old-Church-Vlora--1900x1357.jpg 1900w\" sizes=\"(max-width: 2500px) 100vw, 2500px\" \/><\/p>\n<div style=\"position: static !important;\"><\/div>\n","protected":false},"excerpt":{"rendered":"<p>Shqip\u00ebria \u00ebsht\u00eb nj\u00eb vend me superlativa. Kjo pjes\u00eb e tok\u00ebs q\u00eb ndodhet midis Alpeve Dinarike dhe Detit Adriatik ka nj\u00eb nga historit\u00eb m\u00eb komplekse dhe unike n\u00eb t\u00eb gjith\u00eb Evrop\u00ebn&#8230; dhe nj\u00eb nga peizazhet m\u00eb t\u00eb bukura. Pavar\u00ebsisht nga pushtimet e radh\u00ebs n\u00eb gjith\u00eb historin\u00eb e tyre, shqiptar\u00ebt ruajt\u00ebn gjuh\u00ebn dhe kultur\u00ebn e tyre t\u00eb [&hellip;]<\/p>\n","protected":false},"author":2,"featured_media":759,"parent":0,"menu_order":0,"comment_status":"closed","ping_status":"closed","template":"","meta":{"footnotes":""},"acf":[],"yoast_head":"<!-- This site is optimized with the Yoast SEO plugin v21.5 - https:\/\/yoast.com\/wordpress\/plugins\/seo\/ -->\n<title>Shqip\u00ebria - Balkan green<\/title>\n<meta name=\"robots\" content=\"index, follow, max-snippet:-1, max-image-preview:large, max-video-preview:-1\" \/>\n<link rel=\"canonical\" href=\"https:\/\/balkan.green\/sq\/albania\/\" \/>\n<meta property=\"og:locale\" content=\"sq_AL\" \/>\n<meta property=\"og:type\" content=\"article\" \/>\n<meta property=\"og:title\" content=\"Shqip\u00ebria - Balkan green\" \/>\n<meta property=\"og:description\" content=\"Shqip\u00ebria \u00ebsht\u00eb nj\u00eb vend me superlativa. Kjo pjes\u00eb e tok\u00ebs q\u00eb ndodhet midis Alpeve Dinarike dhe Detit Adriatik ka nj\u00eb nga historit\u00eb m\u00eb komplekse dhe unike n\u00eb t\u00eb gjith\u00eb Evrop\u00ebn&#8230; dhe nj\u00eb nga peizazhet m\u00eb t\u00eb bukura. Pavar\u00ebsisht nga pushtimet e radh\u00ebs n\u00eb gjith\u00eb historin\u00eb e tyre, shqiptar\u00ebt ruajt\u00ebn gjuh\u00ebn dhe kultur\u00ebn e tyre t\u00eb [&hellip;]\" \/>\n<meta property=\"og:url\" content=\"https:\/\/balkan.green\/sq\/albania\/\" \/>\n<meta property=\"og:site_name\" content=\"Balkan green\" \/>\n<meta property=\"article:modified_time\" content=\"2023-07-18T09:01:34+00:00\" \/>\n<meta property=\"og:image\" content=\"https:\/\/balkan.green\/wp-content\/uploads\/2022\/09\/Shala-River-.jpg\" \/>\n\t<meta property=\"og:image:width\" content=\"2500\" \/>\n\t<meta property=\"og:image:height\" content=\"580\" \/>\n\t<meta property=\"og:image:type\" content=\"image\/jpeg\" \/>\n<meta name=\"twitter:card\" content=\"summary_large_image\" \/>\n<meta name=\"twitter:label1\" content=\"Est. reading time\" \/>\n\t<meta name=\"twitter:data1\" content=\"2 minutes\" \/>\n<script type=\"application\/ld+json\" class=\"yoast-schema-graph\">{\"@context\":\"https:\/\/schema.org\",\"@graph\":[{\"@type\":\"WebPage\",\"@id\":\"https:\/\/balkan.green\/sq\/albania\/\",\"url\":\"https:\/\/balkan.green\/sq\/albania\/\",\"name\":\"Shqip\u00ebria - Balkan green\",\"isPartOf\":{\"@id\":\"https:\/\/balkan.green\/sq\/#website\"},\"datePublished\":\"2022-09-19T11:10:57+00:00\",\"dateModified\":\"2023-07-18T09:01:34+00:00\",\"breadcrumb\":{\"@id\":\"https:\/\/balkan.green\/sq\/albania\/#breadcrumb\"},\"inLanguage\":\"sq-AL\",\"potentialAction\":[{\"@type\":\"ReadAction\",\"target\":[\"https:\/\/balkan.green\/sq\/albania\/\"]}]},{\"@type\":\"BreadcrumbList\",\"@id\":\"https:\/\/balkan.green\/sq\/albania\/#breadcrumb\",\"itemListElement\":[{\"@type\":\"ListItem\",\"position\":1,\"name\":\"Home\",\"item\":\"https:\/\/balkan.green\/sq\/\"},{\"@type\":\"ListItem\",\"position\":2,\"name\":\"Shqip\u00ebria\"}]},{\"@type\":\"WebSite\",\"@id\":\"https:\/\/balkan.green\/sq\/#website\",\"url\":\"https:\/\/balkan.green\/sq\/\",\"name\":\"Balkan green\",\"description\":\"Welcome!\",\"potentialAction\":[{\"@type\":\"SearchAction\",\"target\":{\"@type\":\"EntryPoint\",\"urlTemplate\":\"https:\/\/balkan.green\/sq\/?s={search_term_string}\"},\"query-input\":\"required name=search_term_string\"}],\"inLanguage\":\"sq-AL\"}]}<\/script>\n<!-- \/ Yoast SEO plugin. -->","yoast_head_json":{"title":"Shqip\u00ebria - Balkan green","robots":{"index":"index","follow":"follow","max-snippet":"max-snippet:-1","max-image-preview":"max-image-preview:large","max-video-preview":"max-video-preview:-1"},"canonical":"https:\/\/balkan.green\/sq\/albania\/","og_locale":"sq_AL","og_type":"article","og_title":"Shqip\u00ebria - Balkan green","og_description":"Shqip\u00ebria \u00ebsht\u00eb nj\u00eb vend me superlativa. Kjo pjes\u00eb e tok\u00ebs q\u00eb ndodhet midis Alpeve Dinarike dhe Detit Adriatik ka nj\u00eb nga historit\u00eb m\u00eb komplekse dhe unike n\u00eb t\u00eb gjith\u00eb Evrop\u00ebn&#8230; dhe nj\u00eb nga peizazhet m\u00eb t\u00eb bukura. Pavar\u00ebsisht nga pushtimet e radh\u00ebs n\u00eb gjith\u00eb historin\u00eb e tyre, shqiptar\u00ebt ruajt\u00ebn gjuh\u00ebn dhe kultur\u00ebn e tyre t\u00eb [&hellip;]","og_url":"https:\/\/balkan.green\/sq\/albania\/","og_site_name":"Balkan green","article_modified_time":"2023-07-18T09:01:34+00:00","og_image":[{"width":2500,"height":580,"url":"https:\/\/balkan.green\/wp-content\/uploads\/2022\/09\/Shala-River-.jpg","type":"image\/jpeg"}],"twitter_card":"summary_large_image","twitter_misc":{"Est. reading time":"2 minutes"},"schema":{"@context":"https:\/\/schema.org","@graph":[{"@type":"WebPage","@id":"https:\/\/balkan.green\/sq\/albania\/","url":"https:\/\/balkan.green\/sq\/albania\/","name":"Shqip\u00ebria - Balkan green","isPartOf":{"@id":"https:\/\/balkan.green\/sq\/#website"},"datePublished":"2022-09-19T11:10:57+00:00","dateModified":"2023-07-18T09:01:34+00:00","breadcrumb":{"@id":"https:\/\/balkan.green\/sq\/albania\/#breadcrumb"},"inLanguage":"sq-AL","potentialAction":[{"@type":"ReadAction","target":["https:\/\/balkan.green\/sq\/albania\/"]}]},{"@type":"BreadcrumbList","@id":"https:\/\/balkan.green\/sq\/albania\/#breadcrumb","itemListElement":[{"@type":"ListItem","position":1,"name":"Home","item":"https:\/\/balkan.green\/sq\/"},{"@type":"ListItem","position":2,"name":"Shqip\u00ebria"}]},{"@type":"WebSite","@id":"https:\/\/balkan.green\/sq\/#website","url":"https:\/\/balkan.green\/sq\/","name":"Balkan green","description":"Welcome!","potentialAction":[{"@type":"SearchAction","target":{"@type":"EntryPoint","urlTemplate":"https:\/\/balkan.green\/sq\/?s={search_term_string}"},"query-input":"required name=search_term_string"}],"inLanguage":"sq-AL"}]}},"_links":{"self":[{"href":"https:\/\/balkan.green\/sq\/wp-json\/wp\/v2\/pages\/819"}],"collection":[{"href":"https:\/\/balkan.green\/sq\/wp-json\/wp\/v2\/pages"}],"about":[{"href":"https:\/\/balkan.green\/sq\/wp-json\/wp\/v2\/types\/page"}],"author":[{"embeddable":true,"href":"https:\/\/balkan.green\/sq\/wp-json\/wp\/v2\/users\/2"}],"replies":[{"embeddable":true,"href":"https:\/\/balkan.green\/sq\/wp-json\/wp\/v2\/comments?post=819"}],"version-history":[{"count":1,"href":"https:\/\/balkan.green\/sq\/wp-json\/wp\/v2\/pages\/819\/revisions"}],"predecessor-version":[{"id":847,"href":"https:\/\/balkan.green\/sq\/wp-json\/wp\/v2\/pages\/819\/revisions\/847"}],"wp:featuredmedia":[{"embeddable":true,"href":"https:\/\/balkan.green\/sq\/wp-json\/wp\/v2\/media\/759"}],"wp:attachment":[{"href":"https:\/\/balkan.green\/sq\/wp-json\/wp\/v2\/media?parent=819"}],"curies":[{"name":"wp","href":"https:\/\/api.w.org\/{rel}","templated":true}]}}