{"id":820,"date":"2022-09-19T11:05:36","date_gmt":"2022-09-19T11:05:36","guid":{"rendered":"https:\/\/balkan.green\/about-balkan-green\/"},"modified":"2023-07-21T08:30:34","modified_gmt":"2023-07-21T08:30:34","slug":"about-balkan-green","status":"publish","type":"page","link":"https:\/\/balkan.green\/sq\/about-balkan-green\/","title":{"rendered":"Rreth Balkan Green"},"content":{"rendered":"<p>Ju falenderojm\u00eb q\u00eb keni marr\u00eb koh\u00ebn p\u00ebr t\u00eb m\u00ebsuar m\u00eb shum\u00eb rreth Balkan Green. Si ju, shum\u00eb udh\u00ebtar\u00eb nd\u00ebrkomb\u00ebtar\u00eb kan\u00eb zbuluar Ballkanin dhe d\u00ebshirojn\u00eb t\u00eb din\u00eb m\u00eb shum\u00eb. Megjithat\u00eb, \u00ebsht\u00eb e r\u00ebnd\u00ebsishme t\u00eb kujtojm\u00eb se turizmi \u00ebsht\u00eb nj\u00eb biznes i madh. Kur kryhet n\u00eb m\u00ebnyr\u00eb t\u00eb drejt\u00eb, ky biznes ka potencial t\u00eb jasht\u00ebzakonsh\u00ebm p\u00ebr t\u00eb kontribuar n\u00eb rritjen ekonomike, diversifikimin, uljen e varf\u00ebris\u00eb, ruajtjen e biodiversitetit dhe menaxhimin e burimeve natyrore.<\/p>\n<p>Iniciativa Balkan Green \u00ebsht\u00eb themeluar p\u00ebr t\u00eb nd\u00ebrtuar nj\u00eb diskutim n\u00eb lidhje me k\u00ebt\u00eb \u00e7\u00ebshtje dhe p\u00ebr t\u00eb gjetur zgjidhjet q\u00eb do t\u00eb mbajn\u00eb turizmin e p\u00ebrgjegjsh\u00ebm n\u00eb krye t\u00eb prioritetit t\u00eb rajonit.<\/p>\n<p>Praktikat e q\u00ebndrueshme t\u00eb turizmit krijojn\u00eb strategji afatgjata t\u00eb suksesshme, lidhje me sektor\u00ebt ekonomik\u00eb, p\u00ebrfshijn\u00eb zakonisht grat\u00eb dhe t\u00eb rinjt\u00eb, krijojn\u00eb mund\u00ebsi p\u00ebr sip\u00ebrmarr\u00ebsit e vegj\u00ebl, kan\u00eb kosto fillestare t\u00eb ul\u00ebta dhe barriera t\u00eb pakta p\u00ebr hyrje, promovojn\u00eb kultur\u00ebn dhe nd\u00ebrgjegj\u00ebsimin, dhe rrisin ndjenj\u00ebn e pron\u00ebsis\u00eb. Megjithat\u00eb, niveli i q\u00ebndrueshm\u00ebris\u00eb n\u00eb Ballkan nuk p\u00ebrmbush standardet globale ose pritshm\u00ebrit\u00eb e udh\u00ebtar\u00ebve p\u00ebrgjegj\u00ebs dhe t\u00eb informuar, t\u00eb cil\u00ebt marrin parasysh k\u00ebto faktor\u00eb kur zgjedhin destinacionet p\u00ebr t\u00eb vizituar.<\/p>\n<p>P\u00ebr t\u00eb adresuar k\u00ebto \u00e7\u00ebshtje dhe p\u00ebr t\u00eb punuar drejt zhvillimit m\u00eb t\u00eb q\u00ebndruesh\u00ebm t\u00eb turizmit, kemi themeluar Balkan Green Initiative. Balkan Green p\u00ebrb\u00ebhet nga p\u00ebrfaq\u00ebsues t\u00eb kujdessh\u00ebm t\u00eb zgjedhur nga Shqip\u00ebria (<a href=\"http:\/\/www.terena.al\/\">terena.al<\/a>), Bosnja dhe Hercegovina (Green Visions Ecotours), Mali i Zi (HYV\u00c4 Coaching &amp; Consulting), Maqedonia e Veriut (Mustseedonia) dhe Sllovenia (GoodPlace). Jemi n\u00eb proces t\u00eb p\u00ebrfshirjes s\u00eb p\u00ebrfaq\u00ebsuesve edhe nga vendet e tjera t\u00eb Ballkanit.<\/p>\n<p>Me k\u00ebt\u00eb partneritet t\u00eb profesionist\u00ebve ky\u00e7 n\u00eb zhvillimin e turizmit t\u00eb q\u00ebndruesh\u00ebm n\u00eb rajon, synojm\u00eb t\u00eb jemi nj\u00eb rrjet i fort\u00eb, i besuesh\u00ebm dhe i profesionist\u00ebve. Do t\u00eb forcojm\u00eb sinergjit\u00eb dhe do t\u00eb ndihmojm\u00eb n\u00eb harmonizimin e zhvillimit t\u00eb q\u00ebndruesh\u00ebm me standardet dhe metodat e njohura globalisht &#8211; duke p\u00ebrmir\u00ebsuar sofistikimin e biznesit.<\/p>\n<p>&nbsp;<\/p>\n<p style=\"text-align: center;\"><img decoding=\"async\" loading=\"lazy\" class=\"alignnone size-full wp-image-22\" src=\"https:\/\/balkan.green\/wp-content\/uploads\/2022\/09\/SGGR_WEB-210603-0017.jpg\" alt=\"\" width=\"2500\" height=\"1667\" srcset=\"https:\/\/balkan.green\/wp-content\/uploads\/2022\/09\/SGGR_WEB-210603-0017.jpg 2500w, https:\/\/balkan.green\/wp-content\/uploads\/2022\/09\/SGGR_WEB-210603-0017-800x533.jpg 800w, https:\/\/balkan.green\/wp-content\/uploads\/2022\/09\/SGGR_WEB-210603-0017-1600x1067.jpg 1600w, https:\/\/balkan.green\/wp-content\/uploads\/2022\/09\/SGGR_WEB-210603-0017-768x512.jpg 768w, https:\/\/balkan.green\/wp-content\/uploads\/2022\/09\/SGGR_WEB-210603-0017-1536x1024.jpg 1536w, https:\/\/balkan.green\/wp-content\/uploads\/2022\/09\/SGGR_WEB-210603-0017-2048x1366.jpg 2048w, https:\/\/balkan.green\/wp-content\/uploads\/2022\/09\/SGGR_WEB-210603-0017-1900x1267.jpg 1900w, https:\/\/balkan.green\/wp-content\/uploads\/2022\/09\/SGGR_WEB-210603-0017-300x200.jpg 300w, https:\/\/balkan.green\/wp-content\/uploads\/2022\/09\/SGGR_WEB-210603-0017-1024x683.jpg 1024w\" sizes=\"(max-width: 2500px) 100vw, 2500px\" \/><\/p>\n<p>&nbsp;<\/p>\n<p>Secili nga partner\u00ebt fokusohet n\u00eb vendin q\u00eb p\u00ebrfaq\u00ebson dhe sjell njohurit\u00eb, aft\u00ebsit\u00eb dhe p\u00ebrvojat e tyre n\u00eb rrjet. Gjithashtu, ata jan\u00eb t\u00eb p\u00ebrkushtuar p\u00ebr t\u00eb m\u00ebsuar nga nj\u00ebri-tjetri dhe p\u00ebr t\u00eb trajtuar s\u00eb bashku \u00e7\u00ebshtjet rajonale n\u00eb zhvillimin e q\u00ebndruesh\u00ebm t\u00eb turizmit. Balkan Green \u00ebsht\u00eb caktuar gjithashtu p\u00ebr t\u00eb qen\u00eb p\u00ebrfaq\u00ebsuesi zyrtar dhe ekskluziv i<a href=\"https:\/\/greendestinations.org\/\"> Green Destinations<\/a>,<a href=\"https:\/\/goodtravel.guide\/good-travel-program\/\"> Good Travel Program<\/a>, and<a href=\"https:\/\/www.travelife.info\/\"> Travelife for Tour Operators<\/a> n\u00eb rajon.<\/p>\n<p>Bashk\u00ebpunimi dhe p\u00ebrkrahja jon\u00eb e p\u00ebrbashk\u00ebt do t\u00eb na ndihmojn\u00eb t\u00eb rrisim bashk\u00ebpunimin n\u00eb t\u00eb gjitha nivelet e pal\u00ebve t\u00eb interesuara, me synimin p\u00ebr t\u00eb sjell\u00eb njohuri t\u00eb azhornuara, p\u00ebr t\u00eb ndar\u00eb p\u00ebrvoj\u00ebn nd\u00ebrkomb\u00ebtare dhe p\u00ebr t\u00eb bashk\u00ebpunuar p\u00ebr t\u00eb adresuar sfidat n\u00eb zhvillimin e turizmit t\u00eb q\u00ebndruesh\u00ebm n\u00eb rajon, p\u00ebr t\u00eb ulur barrierat e tregtis\u00eb dhe investimeve n\u00ebp\u00ebr kufi, dhe p\u00ebr t\u00eb p\u00ebrmir\u00ebsuar dhe zgjeruar integrimin e tregut dhe lidhjet. \u00c7do partner \u00ebsht\u00eb &#8220;Trup\u00eb e P\u00ebrfaq\u00ebsimit&#8221; p\u00ebr Green Destinations n\u00eb vendin e tyre, e cila ua jep atyre mund\u00ebsin\u00eb dhe p\u00ebrgjegj\u00ebsin\u00eb p\u00ebr t\u00eb punuar me destinacionet dhe bizneset p\u00ebr t\u00eb zhvilluar praktikat e q\u00ebndrueshme t\u00eb turizmit p\u00ebrmes edukimit, trajnimit, sh\u00ebrbimeve k\u00ebshillimore dhe certifikimit t\u00eb turizmit t\u00eb q\u00ebndruesh\u00ebm.<\/p>\n<p>M\u00eb shum\u00eb se nj\u00eb &#8220;projekt,&#8221; Balkan Green \u00ebsht\u00eb nj\u00eb proces zhvillimi afatgjat\u00eb p\u00ebr t\u00eb gjith\u00eb rajonin. Me k\u00ebt\u00eb platform\u00eb dixhitale, synojm\u00eb t\u00eb p\u00ebrmir\u00ebsojm\u00eb bashk\u00ebpunimin dhe komunikimin rajonal p\u00ebr turizmin e q\u00ebndruesh\u00ebm, edukimin n\u00eb fush\u00ebn e q\u00ebndrueshm\u00ebris\u00eb, zhvillimin, monitorimin dhe matjen, duke p\u00ebrfshir\u00eb p\u00ebrmbajtjen vizuale, zhvillimin e produkteve t\u00eb gjelbra dhe marketingun.<\/p>\n<p>Vizioni dhe d\u00ebshira jon\u00eb nuk \u00ebsht\u00eb vet\u00ebm t\u00eb rrisim vet\u00ebdijen, por dhe t\u00eb krijojm\u00eb njohuri p\u00ebr &#8220;pse, kush dhe si&#8221; p\u00ebr turizmin e p\u00ebrgjegjsh\u00ebm dhe p\u00ebr t\u00eb p\u00ebrmir\u00ebsuar bashk\u00ebpunimin n\u00eb t\u00eb gjitha nivelet. Syri i Balkan Green \u00ebsht\u00eb i fokusuar n\u00eb nevojat e rajonit p\u00ebr t\u00eb vler\u00ebsuar m\u00eb qart\u00eb dhe objektivisht p\u00ebrmir\u00ebsimet n\u00eb zhvillimin e bizneseve t\u00eb vogla t\u00eb q\u00ebndrueshme, standardet e industris\u00eb dhe menaxhimin e destinacioneve.<\/p>\n<p>&nbsp;<\/p>\n","protected":false},"excerpt":{"rendered":"<p>Ju falenderojm\u00eb q\u00eb keni marr\u00eb koh\u00ebn p\u00ebr t\u00eb m\u00ebsuar m\u00eb shum\u00eb rreth Balkan Green. Si ju, shum\u00eb udh\u00ebtar\u00eb nd\u00ebrkomb\u00ebtar\u00eb kan\u00eb zbuluar Ballkanin dhe d\u00ebshirojn\u00eb t\u00eb din\u00eb m\u00eb shum\u00eb. Megjithat\u00eb, \u00ebsht\u00eb e r\u00ebnd\u00ebsishme t\u00eb kujtojm\u00eb se turizmi \u00ebsht\u00eb nj\u00eb biznes i madh. Kur kryhet n\u00eb m\u00ebnyr\u00eb t\u00eb drejt\u00eb, ky biznes ka potencial t\u00eb jasht\u00ebzakonsh\u00ebm p\u00ebr t\u00eb [&hellip;]<\/p>\n","protected":false},"author":2,"featured_media":759,"parent":0,"menu_order":0,"comment_status":"closed","ping_status":"closed","template":"","meta":{"footnotes":""},"acf":[],"yoast_head":"<!-- This site is optimized with the Yoast SEO plugin v21.5 - https:\/\/yoast.com\/wordpress\/plugins\/seo\/ -->\n<title>Rreth Balkan Green - Balkan green<\/title>\n<meta name=\"robots\" content=\"index, follow, max-snippet:-1, max-image-preview:large, max-video-preview:-1\" \/>\n<link rel=\"canonical\" href=\"https:\/\/balkan.green\/sq\/about-balkan-green\/\" \/>\n<meta property=\"og:locale\" content=\"sq_AL\" \/>\n<meta property=\"og:type\" content=\"article\" \/>\n<meta property=\"og:title\" content=\"Rreth Balkan Green - Balkan green\" \/>\n<meta property=\"og:description\" content=\"Ju falenderojm\u00eb q\u00eb keni marr\u00eb koh\u00ebn p\u00ebr t\u00eb m\u00ebsuar m\u00eb shum\u00eb rreth Balkan Green. Si ju, shum\u00eb udh\u00ebtar\u00eb nd\u00ebrkomb\u00ebtar\u00eb kan\u00eb zbuluar Ballkanin dhe d\u00ebshirojn\u00eb t\u00eb din\u00eb m\u00eb shum\u00eb. Megjithat\u00eb, \u00ebsht\u00eb e r\u00ebnd\u00ebsishme t\u00eb kujtojm\u00eb se turizmi \u00ebsht\u00eb nj\u00eb biznes i madh. Kur kryhet n\u00eb m\u00ebnyr\u00eb t\u00eb drejt\u00eb, ky biznes ka potencial t\u00eb jasht\u00ebzakonsh\u00ebm p\u00ebr t\u00eb [&hellip;]\" \/>\n<meta property=\"og:url\" content=\"https:\/\/balkan.green\/sq\/about-balkan-green\/\" \/>\n<meta property=\"og:site_name\" content=\"Balkan green\" \/>\n<meta property=\"article:modified_time\" content=\"2023-07-21T08:30:34+00:00\" \/>\n<meta property=\"og:image\" content=\"https:\/\/balkan.green\/wp-content\/uploads\/2022\/09\/Shala-River-.jpg\" \/>\n\t<meta property=\"og:image:width\" content=\"2500\" \/>\n\t<meta property=\"og:image:height\" content=\"580\" \/>\n\t<meta property=\"og:image:type\" content=\"image\/jpeg\" \/>\n<meta name=\"twitter:card\" content=\"summary_large_image\" \/>\n<meta name=\"twitter:label1\" content=\"Est. reading time\" \/>\n\t<meta name=\"twitter:data1\" content=\"3 minutes\" \/>\n<script type=\"application\/ld+json\" class=\"yoast-schema-graph\">{\"@context\":\"https:\/\/schema.org\",\"@graph\":[{\"@type\":\"WebPage\",\"@id\":\"https:\/\/balkan.green\/sq\/about-balkan-green\/\",\"url\":\"https:\/\/balkan.green\/sq\/about-balkan-green\/\",\"name\":\"Rreth Balkan Green - Balkan green\",\"isPartOf\":{\"@id\":\"https:\/\/balkan.green\/sq\/#website\"},\"datePublished\":\"2022-09-19T11:05:36+00:00\",\"dateModified\":\"2023-07-21T08:30:34+00:00\",\"breadcrumb\":{\"@id\":\"https:\/\/balkan.green\/sq\/about-balkan-green\/#breadcrumb\"},\"inLanguage\":\"sq-AL\",\"potentialAction\":[{\"@type\":\"ReadAction\",\"target\":[\"https:\/\/balkan.green\/sq\/about-balkan-green\/\"]}]},{\"@type\":\"BreadcrumbList\",\"@id\":\"https:\/\/balkan.green\/sq\/about-balkan-green\/#breadcrumb\",\"itemListElement\":[{\"@type\":\"ListItem\",\"position\":1,\"name\":\"Home\",\"item\":\"https:\/\/balkan.green\/sq\/\"},{\"@type\":\"ListItem\",\"position\":2,\"name\":\"Rreth Balkan Green\"}]},{\"@type\":\"WebSite\",\"@id\":\"https:\/\/balkan.green\/sq\/#website\",\"url\":\"https:\/\/balkan.green\/sq\/\",\"name\":\"Balkan green\",\"description\":\"Welcome!\",\"potentialAction\":[{\"@type\":\"SearchAction\",\"target\":{\"@type\":\"EntryPoint\",\"urlTemplate\":\"https:\/\/balkan.green\/sq\/?s={search_term_string}\"},\"query-input\":\"required name=search_term_string\"}],\"inLanguage\":\"sq-AL\"}]}<\/script>\n<!-- \/ Yoast SEO plugin. -->","yoast_head_json":{"title":"Rreth Balkan Green - Balkan green","robots":{"index":"index","follow":"follow","max-snippet":"max-snippet:-1","max-image-preview":"max-image-preview:large","max-video-preview":"max-video-preview:-1"},"canonical":"https:\/\/balkan.green\/sq\/about-balkan-green\/","og_locale":"sq_AL","og_type":"article","og_title":"Rreth Balkan Green - Balkan green","og_description":"Ju falenderojm\u00eb q\u00eb keni marr\u00eb koh\u00ebn p\u00ebr t\u00eb m\u00ebsuar m\u00eb shum\u00eb rreth Balkan Green. Si ju, shum\u00eb udh\u00ebtar\u00eb nd\u00ebrkomb\u00ebtar\u00eb kan\u00eb zbuluar Ballkanin dhe d\u00ebshirojn\u00eb t\u00eb din\u00eb m\u00eb shum\u00eb. Megjithat\u00eb, \u00ebsht\u00eb e r\u00ebnd\u00ebsishme t\u00eb kujtojm\u00eb se turizmi \u00ebsht\u00eb nj\u00eb biznes i madh. Kur kryhet n\u00eb m\u00ebnyr\u00eb t\u00eb drejt\u00eb, ky biznes ka potencial t\u00eb jasht\u00ebzakonsh\u00ebm p\u00ebr t\u00eb [&hellip;]","og_url":"https:\/\/balkan.green\/sq\/about-balkan-green\/","og_site_name":"Balkan green","article_modified_time":"2023-07-21T08:30:34+00:00","og_image":[{"width":2500,"height":580,"url":"https:\/\/balkan.green\/wp-content\/uploads\/2022\/09\/Shala-River-.jpg","type":"image\/jpeg"}],"twitter_card":"summary_large_image","twitter_misc":{"Est. reading time":"3 minutes"},"schema":{"@context":"https:\/\/schema.org","@graph":[{"@type":"WebPage","@id":"https:\/\/balkan.green\/sq\/about-balkan-green\/","url":"https:\/\/balkan.green\/sq\/about-balkan-green\/","name":"Rreth Balkan Green - Balkan green","isPartOf":{"@id":"https:\/\/balkan.green\/sq\/#website"},"datePublished":"2022-09-19T11:05:36+00:00","dateModified":"2023-07-21T08:30:34+00:00","breadcrumb":{"@id":"https:\/\/balkan.green\/sq\/about-balkan-green\/#breadcrumb"},"inLanguage":"sq-AL","potentialAction":[{"@type":"ReadAction","target":["https:\/\/balkan.green\/sq\/about-balkan-green\/"]}]},{"@type":"BreadcrumbList","@id":"https:\/\/balkan.green\/sq\/about-balkan-green\/#breadcrumb","itemListElement":[{"@type":"ListItem","position":1,"name":"Home","item":"https:\/\/balkan.green\/sq\/"},{"@type":"ListItem","position":2,"name":"Rreth Balkan Green"}]},{"@type":"WebSite","@id":"https:\/\/balkan.green\/sq\/#website","url":"https:\/\/balkan.green\/sq\/","name":"Balkan green","description":"Welcome!","potentialAction":[{"@type":"SearchAction","target":{"@type":"EntryPoint","urlTemplate":"https:\/\/balkan.green\/sq\/?s={search_term_string}"},"query-input":"required name=search_term_string"}],"inLanguage":"sq-AL"}]}},"_links":{"self":[{"href":"https:\/\/balkan.green\/sq\/wp-json\/wp\/v2\/pages\/820"}],"collection":[{"href":"https:\/\/balkan.green\/sq\/wp-json\/wp\/v2\/pages"}],"about":[{"href":"https:\/\/balkan.green\/sq\/wp-json\/wp\/v2\/types\/page"}],"author":[{"embeddable":true,"href":"https:\/\/balkan.green\/sq\/wp-json\/wp\/v2\/users\/2"}],"replies":[{"embeddable":true,"href":"https:\/\/balkan.green\/sq\/wp-json\/wp\/v2\/comments?post=820"}],"version-history":[{"count":2,"href":"https:\/\/balkan.green\/sq\/wp-json\/wp\/v2\/pages\/820\/revisions"}],"predecessor-version":[{"id":883,"href":"https:\/\/balkan.green\/sq\/wp-json\/wp\/v2\/pages\/820\/revisions\/883"}],"wp:featuredmedia":[{"embeddable":true,"href":"https:\/\/balkan.green\/sq\/wp-json\/wp\/v2\/media\/759"}],"wp:attachment":[{"href":"https:\/\/balkan.green\/sq\/wp-json\/wp\/v2\/media?parent=820"}],"curies":[{"name":"wp","href":"https:\/\/api.w.org\/{rel}","templated":true}]}}